{"id":751120,"date":"2025-06-13T12:38:43","date_gmt":"2025-06-13T09:38:43","guid":{"rendered":"https:\/\/nextsnkr.com\/product\/ugg-classic-mini-mokko-suede\/"},"modified":"2026-01-30T19:57:44","modified_gmt":"2026-01-30T16:57:44","slug":"ugg-classic-mini-mokko-suede","status":"publish","type":"product","link":"https:\/\/nextsnkr.com\/fi\/tuote\/ugg-classic-mini-mokko-suede\/","title":{"rendered":"Ugg Classic Mini Mokko Suede-naisten mokka ugg saappaat lampaannahka"},"content":{"rendered":"<h2>Ugg Classic Mini Mokko Suede-naisten mokka ugg saappaat lampaannahka<\/h2>\n<p>Ugg Classic Mini Mokko Suede on tyylikk\u00e4\u00e4t ja l\u00e4mpim\u00e4t ugg-saappaat, jotka on suunniteltu maksimaaliseen mukavuuteen talvella. Malli on valmistettu pehme\u00e4st\u00e4 mokkanahasta ja luonnollisesta lampaannahasta, joka s\u00e4ilytt\u00e4\u00e4 t\u00e4ydellisesti l\u00e4mm\u00f6n ja tarjoaa miellytt\u00e4v\u00e4n mikroilmaston sis\u00e4lle. Minin klassinen korkeus tekee kengist\u00e4 monik\u00e4ytt\u00f6iset p\u00e4ivitt\u00e4iseen k\u00e4ytt\u00f6\u00f6n, ja Mokko-v\u00e4rimaailma lis\u00e4\u00e4 lookiin mukavuutta ja eleganssia. Ugg\u2014saappaat ovat kevyet, pehme\u00e4t ja kulutusta kest\u00e4v\u00e4t &#8211; ihanteellinen valinta kylm\u00e4\u00e4n vuodenaikaan.<\/p>\n","protected":false},"excerpt":{"rendered":"<p>Ugg Classic Mini Mokko Suede on tyylikk\u00e4\u00e4t ja l\u00e4mpim\u00e4t ugg-saappaat, jotka on suunniteltu maksimaaliseen mukavuuteen talvella. Malli on valmistettu pehme\u00e4st\u00e4 mokkanahasta ja luonnollisesta lampaannahasta, joka s\u00e4ilytt\u00e4\u00e4 t\u00e4ydellisesti l\u00e4mm\u00f6n ja tarjoaa miellytt\u00e4v\u00e4n mikroilmaston sis\u00e4lle. Minin klassinen korkeus tekee kengist\u00e4 monik\u00e4ytt\u00f6iset p\u00e4ivitt\u00e4iseen k\u00e4ytt\u00f6\u00f6n, ja Mokko-v\u00e4rimaailma lis\u00e4\u00e4 lookiin mukavuutta ja eleganssia. Ugg\u2014saappaat ovat kevyet, pehme\u00e4t ja kulutusta kest\u00e4v\u00e4t &#8211; ihanteellinen valinta kylm\u00e4\u00e4n vuodenaikaan.<\/p>\n","protected":false},"featured_media":751121,"comment_status":"open","ping_status":"open","template":"","meta":[],"product_brand":[],"product_cat":[3407,3199],"product_tag":[],"class_list":{"0":"post-751120","1":"product","2":"type-product","3":"status-publish","4":"has-post-thumbnail","6":"product_cat-ugg","7":"product_cat-all-product","8":"pa_rozmir-910","9":"pa_rozmir-912","10":"pa_rozmir-914","11":"pa_rozmir-915","12":"pa_rozmir-916","13":"pa_rozmir-917","14":"pa_rozmir-918","15":"pa_rozmir-919","16":"pa_rozmir-920","17":"pa_rozmir-921","18":"pa_rozmir-922","20":"first","21":"instock","22":"purchasable","23":"product-type-variable"},"_links":{"self":[{"href":"https:\/\/nextsnkr.com\/fi\/wp-json\/wp\/v2\/product\/751120","targetHints":{"allow":["GET"]}}],"collection":[{"href":"https:\/\/nextsnkr.com\/fi\/wp-json\/wp\/v2\/product"}],"about":[{"href":"https:\/\/nextsnkr.com\/fi\/wp-json\/wp\/v2\/types\/product"}],"replies":[{"embeddable":true,"href":"https:\/\/nextsnkr.com\/fi\/wp-json\/wp\/v2\/comments?post=751120"}],"version-history":[{"count":0,"href":"https:\/\/nextsnkr.com\/fi\/wp-json\/wp\/v2\/product\/751120\/revisions"}],"wp:featuredmedia":[{"embeddable":true,"href":"https:\/\/nextsnkr.com\/fi\/wp-json\/wp\/v2\/media\/751121"}],"wp:attachment":[{"href":"https:\/\/nextsnkr.com\/fi\/wp-json\/wp\/v2\/media?parent=751120"}],"wp:term":[{"taxonomy":"product_brand","embeddable":true,"href":"https:\/\/nextsnkr.com\/fi\/wp-json\/wp\/v2\/product_brand?post=751120"},{"taxonomy":"product_cat","embeddable":true,"href":"https:\/\/nextsnkr.com\/fi\/wp-json\/wp\/v2\/product_cat?post=751120"},{"taxonomy":"product_tag","embeddable":true,"href":"https:\/\/nextsnkr.com\/fi\/wp-json\/wp\/v2\/product_tag?post=751120"}],"curies":[{"name":"wp","href":"https:\/\/api.w.org\/{rel}","templated":true}]}}