{"id":746612,"date":"2025-06-14T16:08:43","date_gmt":"2025-06-14T13:08:43","guid":{"rendered":"https:\/\/nextsnkr.com\/product\/nike-air-jordan-1-low-x-travis-scott-olive\/"},"modified":"2026-01-30T19:55:28","modified_gmt":"2026-01-30T16:55:28","slug":"nike-air-jordan-1-low-x-travis-scott-olive","status":"publish","type":"product","link":"https:\/\/nextsnkr.com\/fi\/tuote\/nike-air-jordan-1-low-x-travis-scott-olive\/","title":{"rendered":"Nike Air Jordan 1 Low X Travis Scott Olive Sneakers-tyylik\u00e4s nahka ja mokka"},"content":{"rendered":"<h2>Nike Air Jordan 1 Low X Travis Scott Olive Sneakers-tyylik\u00e4s nahka ja mokka<\/h2>\n<p>Nike Air Jordan 1 Low X Travis Scott Olive lenkkarit on valmistettu korkealaatuisesta nahasta, mokkanahasta ja tekstiileist\u00e4, jotka tarjoavat mukavuutta, kest\u00e4vyytt\u00e4 ja tyylikk\u00e4\u00e4n ilmeen. Ainutlaatuinen oliivin v\u00e4ri ja yhteisty\u00f6 Travis Scottin kanssa tekev\u00e4t mallista tarttuvan ja muodikkaan. Kevyt ja mukava muotoilu sopii p\u00e4ivitt\u00e4iseen k\u00e4ytt\u00f6\u00f6n ja aktiiviseen kaupunkiel\u00e4m\u00e4\u00e4n. Valmistaja on Kiina. Valitse Nike Air Jordan 1 Low X Travis Scott Oliveyhdistelm\u00e4 mukavuutta, trendik\u00e4s muotoilu ja korkea laatu.<\/p>\n","protected":false},"excerpt":{"rendered":"<p>Nike Air Jordan 1 Low X Travis Scott Olive lenkkarit on valmistettu korkealaatuisesta nahasta, mokkanahasta ja tekstiileist\u00e4, jotka tarjoavat mukavuutta, kest\u00e4vyytt\u00e4 ja tyylikk\u00e4\u00e4n ilmeen. Ainutlaatuinen oliivin v\u00e4ri ja yhteisty\u00f6 Travis Scottin kanssa tekev\u00e4t mallista tarttuvan ja muodikkaan. Kevyt ja mukava muotoilu sopii p\u00e4ivitt\u00e4iseen k\u00e4ytt\u00f6\u00f6n ja aktiiviseen kaupunkiel\u00e4m\u00e4\u00e4n. Valmistaja on Kiina. Valitse Nike Air Jordan 1 Low X Travis Scott Oliveyhdistelm\u00e4 mukavuutta, trendik\u00e4s muotoilu ja korkea laatu.<\/p>\n","protected":false},"featured_media":746613,"comment_status":"open","ping_status":"open","template":"","meta":[],"product_brand":[],"product_cat":[3383,3199,3318],"product_tag":[],"class_list":{"0":"post-746612","1":"product","2":"type-product","3":"status-publish","4":"has-post-thumbnail","6":"product_cat-nike-jordan","7":"product_cat-all-product","8":"product_cat-kedy","9":"pa_rozmir-910","10":"pa_rozmir-912","11":"pa_rozmir-914","12":"pa_rozmir-915","13":"pa_rozmir-916","14":"pa_rozmir-917","15":"pa_rozmir-918","16":"pa_rozmir-919","17":"pa_rozmir-920","18":"pa_rozmir-921","19":"pa_rozmir-922","21":"first","22":"instock","23":"purchasable","24":"product-type-variable"},"_links":{"self":[{"href":"https:\/\/nextsnkr.com\/fi\/wp-json\/wp\/v2\/product\/746612","targetHints":{"allow":["GET"]}}],"collection":[{"href":"https:\/\/nextsnkr.com\/fi\/wp-json\/wp\/v2\/product"}],"about":[{"href":"https:\/\/nextsnkr.com\/fi\/wp-json\/wp\/v2\/types\/product"}],"replies":[{"embeddable":true,"href":"https:\/\/nextsnkr.com\/fi\/wp-json\/wp\/v2\/comments?post=746612"}],"version-history":[{"count":0,"href":"https:\/\/nextsnkr.com\/fi\/wp-json\/wp\/v2\/product\/746612\/revisions"}],"wp:featuredmedia":[{"embeddable":true,"href":"https:\/\/nextsnkr.com\/fi\/wp-json\/wp\/v2\/media\/746613"}],"wp:attachment":[{"href":"https:\/\/nextsnkr.com\/fi\/wp-json\/wp\/v2\/media?parent=746612"}],"wp:term":[{"taxonomy":"product_brand","embeddable":true,"href":"https:\/\/nextsnkr.com\/fi\/wp-json\/wp\/v2\/product_brand?post=746612"},{"taxonomy":"product_cat","embeddable":true,"href":"https:\/\/nextsnkr.com\/fi\/wp-json\/wp\/v2\/product_cat?post=746612"},{"taxonomy":"product_tag","embeddable":true,"href":"https:\/\/nextsnkr.com\/fi\/wp-json\/wp\/v2\/product_tag?post=746612"}],"curies":[{"name":"wp","href":"https:\/\/api.w.org\/{rel}","templated":true}]}}