{"id":746430,"date":"2025-06-14T16:09:16","date_gmt":"2025-06-14T13:09:16","guid":{"rendered":"https:\/\/nextsnkr.com\/product\/balenciaga-3xl-worn-out-light-beige\/"},"modified":"2026-01-30T19:55:24","modified_gmt":"2026-01-30T16:55:24","slug":"balenciaga-3xl-worn-out-light-beige","status":"publish","type":"product","link":"https:\/\/nextsnkr.com\/fi\/tuote\/balenciaga-3xl-worn-out-light-beige\/","title":{"rendered":"Balenciaga 3XL kuluneet \/ Vaaleanbeiget tennarit-nahka ja Tekstiili"},"content":{"rendered":"<h2>Balenciaga 3XL kuluneet \/ Vaaleanbeiget tennarit-nahka ja Tekstiili<\/h2>\n<p>Balenciaga 3XL kuluneet \/ Vaaleanbeiget lenkkarit on valmistettu aidon nahan ja Tekstiilien yhdistelm\u00e4st\u00e4, mik\u00e4 tarjoaa mukavuutta, kest\u00e4vyytt\u00e4 ja tyylikk\u00e4\u00e4n ilmeen. Kevyt pohja ja ergonominen muoto tekev\u00e4t mallista ihanteellisen p\u00e4ivitt\u00e4iseen k\u00e4ytt\u00f6\u00f6n ja kaupungin aktiiviseen rytmiin. Monipuolinen vaalean beige v\u00e4ri lis\u00e4\u00e4 tyylikkyytt\u00e4 ja moderniutta ilmeeseen. N\u00e4m\u00e4 Kiinassa valmistetut lenkkarit yhdist\u00e4v\u00e4t ensiluokkaisen muotoilun ja k\u00e4yt\u00e4nn\u00f6llisyyden korostaen ainutlaatuista tyyli\u00e4si.<\/p>\n","protected":false},"excerpt":{"rendered":"<p>Balenciaga 3XL kuluneet \/ Vaaleanbeiget lenkkarit on valmistettu aidon nahan ja Tekstiilien yhdistelm\u00e4st\u00e4, mik\u00e4 tarjoaa mukavuutta, kest\u00e4vyytt\u00e4 ja tyylikk\u00e4\u00e4n ilmeen. Kevyt pohja ja ergonominen muoto tekev\u00e4t mallista ihanteellisen p\u00e4ivitt\u00e4iseen k\u00e4ytt\u00f6\u00f6n ja kaupungin aktiiviseen rytmiin. Monipuolinen vaalean beige v\u00e4ri lis\u00e4\u00e4 tyylikkyytt\u00e4 ja moderniutta ilmeeseen. N\u00e4m\u00e4 Kiinassa valmistetut lenkkarit yhdist\u00e4v\u00e4t ensiluokkaisen muotoilun ja k\u00e4yt\u00e4nn\u00f6llisyyden korostaen ainutlaatuista tyyli\u00e4si.<\/p>\n","protected":false},"featured_media":746431,"comment_status":"open","ping_status":"open","template":"","meta":[],"product_brand":[],"product_cat":[3199,3200],"product_tag":[],"class_list":{"0":"post-746430","1":"product","2":"type-product","3":"status-publish","4":"has-post-thumbnail","6":"product_cat-all-product","7":"product_cat-krosivky","8":"pa_rozmir-910","9":"pa_rozmir-912","10":"pa_rozmir-914","11":"pa_rozmir-915","12":"pa_rozmir-916","13":"pa_rozmir-917","14":"pa_rozmir-918","15":"pa_rozmir-919","16":"pa_rozmir-920","17":"pa_rozmir-921","18":"pa_rozmir-922","20":"first","21":"instock","22":"purchasable","23":"product-type-variable"},"_links":{"self":[{"href":"https:\/\/nextsnkr.com\/fi\/wp-json\/wp\/v2\/product\/746430","targetHints":{"allow":["GET"]}}],"collection":[{"href":"https:\/\/nextsnkr.com\/fi\/wp-json\/wp\/v2\/product"}],"about":[{"href":"https:\/\/nextsnkr.com\/fi\/wp-json\/wp\/v2\/types\/product"}],"replies":[{"embeddable":true,"href":"https:\/\/nextsnkr.com\/fi\/wp-json\/wp\/v2\/comments?post=746430"}],"version-history":[{"count":0,"href":"https:\/\/nextsnkr.com\/fi\/wp-json\/wp\/v2\/product\/746430\/revisions"}],"wp:featuredmedia":[{"embeddable":true,"href":"https:\/\/nextsnkr.com\/fi\/wp-json\/wp\/v2\/media\/746431"}],"wp:attachment":[{"href":"https:\/\/nextsnkr.com\/fi\/wp-json\/wp\/v2\/media?parent=746430"}],"wp:term":[{"taxonomy":"product_brand","embeddable":true,"href":"https:\/\/nextsnkr.com\/fi\/wp-json\/wp\/v2\/product_brand?post=746430"},{"taxonomy":"product_cat","embeddable":true,"href":"https:\/\/nextsnkr.com\/fi\/wp-json\/wp\/v2\/product_cat?post=746430"},{"taxonomy":"product_tag","embeddable":true,"href":"https:\/\/nextsnkr.com\/fi\/wp-json\/wp\/v2\/product_tag?post=746430"}],"curies":[{"name":"wp","href":"https:\/\/api.w.org\/{rel}","templated":true}]}}