{"id":744974,"date":"2025-06-14T16:14:55","date_gmt":"2025-06-14T13:14:55","guid":{"rendered":"https:\/\/nextsnkr.com\/product\/vans-knu-skool-black\/"},"modified":"2026-01-30T19:54:48","modified_gmt":"2026-01-30T16:54:48","slug":"vans-knu-skool-black","status":"publish","type":"product","link":"https:\/\/nextsnkr.com\/fi\/tuote\/vans-knu-skool-black\/","title":{"rendered":"Vans Knu Skool mustat tennarit-Mustat mokkanahka-tekstiililenkkarit"},"content":{"rendered":"<h2>Vans Knu Skool mustat tennarit-Mustat mokkanahka-tekstiililenkkarit<\/h2>\n<p>Tyylikk\u00e4\u00e4t Vans Knu Skool mustat tennarit on suunniteltu niille, jotka arvostavat mukavuutta ja klassista skeittiestetiikkaa. Mokkanahan ja Tekstiilin yhdistelm\u00e4st\u00e4 valmistettu p\u00e4\u00e4llinen tarjoaa kest\u00e4vyytt\u00e4, mukavuutta ja modernin ilmeen. Vahvistettu kieli ja pehmustettu pohjallinen lis\u00e4\u00e4v\u00e4t mukavuutta, kun taas Vans-merkkinen ulkopohja takaa erinomaisen pidon. Monik\u00e4ytt\u00f6inen musta v\u00e4ri on helppo yhdist\u00e4\u00e4 mihin tahansa arkilookiin. Ihanteellinen valinta urbaaniin tyyliin ja aktiiviseen el\u00e4m\u00e4ntapaan.<\/p>\n","protected":false},"excerpt":{"rendered":"<p>Tyylikk\u00e4\u00e4t Vans Knu Skool mustat tennarit on suunniteltu niille, jotka arvostavat mukavuutta ja klassista skeittiestetiikkaa. Mokkanahan ja Tekstiilin yhdistelm\u00e4st\u00e4 valmistettu p\u00e4\u00e4llinen tarjoaa kest\u00e4vyytt\u00e4, mukavuutta ja modernin ilmeen. Vahvistettu kieli ja pehmustettu pohjallinen lis\u00e4\u00e4v\u00e4t mukavuutta, kun taas Vans-merkkinen ulkopohja takaa erinomaisen pidon. Monik\u00e4ytt\u00f6inen musta v\u00e4ri on helppo yhdist\u00e4\u00e4 mihin tahansa arkilookiin. Ihanteellinen valinta urbaaniin tyyliin ja aktiiviseen el\u00e4m\u00e4ntapaan.<\/p>\n","protected":false},"featured_media":744975,"comment_status":"open","ping_status":"open","template":"","meta":[],"product_brand":[],"product_cat":[3199,3318],"product_tag":[],"class_list":{"0":"post-744974","1":"product","2":"type-product","3":"status-publish","4":"has-post-thumbnail","6":"product_cat-all-product","7":"product_cat-kedy","8":"pa_rozmir-910","9":"pa_rozmir-912","10":"pa_rozmir-914","11":"pa_rozmir-915","12":"pa_rozmir-916","13":"pa_rozmir-917","14":"pa_rozmir-918","15":"pa_rozmir-919","16":"pa_rozmir-920","17":"pa_rozmir-921","18":"pa_rozmir-922","20":"first","21":"instock","22":"purchasable","23":"product-type-variable"},"_links":{"self":[{"href":"https:\/\/nextsnkr.com\/fi\/wp-json\/wp\/v2\/product\/744974","targetHints":{"allow":["GET"]}}],"collection":[{"href":"https:\/\/nextsnkr.com\/fi\/wp-json\/wp\/v2\/product"}],"about":[{"href":"https:\/\/nextsnkr.com\/fi\/wp-json\/wp\/v2\/types\/product"}],"replies":[{"embeddable":true,"href":"https:\/\/nextsnkr.com\/fi\/wp-json\/wp\/v2\/comments?post=744974"}],"version-history":[{"count":0,"href":"https:\/\/nextsnkr.com\/fi\/wp-json\/wp\/v2\/product\/744974\/revisions"}],"wp:featuredmedia":[{"embeddable":true,"href":"https:\/\/nextsnkr.com\/fi\/wp-json\/wp\/v2\/media\/744975"}],"wp:attachment":[{"href":"https:\/\/nextsnkr.com\/fi\/wp-json\/wp\/v2\/media?parent=744974"}],"wp:term":[{"taxonomy":"product_brand","embeddable":true,"href":"https:\/\/nextsnkr.com\/fi\/wp-json\/wp\/v2\/product_brand?post=744974"},{"taxonomy":"product_cat","embeddable":true,"href":"https:\/\/nextsnkr.com\/fi\/wp-json\/wp\/v2\/product_cat?post=744974"},{"taxonomy":"product_tag","embeddable":true,"href":"https:\/\/nextsnkr.com\/fi\/wp-json\/wp\/v2\/product_tag?post=744974"}],"curies":[{"name":"wp","href":"https:\/\/api.w.org\/{rel}","templated":true}]}}