{"id":743518,"date":"2025-06-14T16:20:20","date_gmt":"2025-06-14T13:20:20","guid":{"rendered":"https:\/\/nextsnkr.com\/product\/timberlad-x-off-white-black\/"},"modified":"2026-01-30T19:53:57","modified_gmt":"2026-01-30T16:53:57","slug":"timberlad-x-off-white-black","status":"publish","type":"product","link":"https:\/\/nextsnkr.com\/fi\/tuote\/timberlad-x-off-white-black\/","title":{"rendered":"Timberland X luonnonvalkoiset mustat saappaat-miesten velour tyylik\u00e4s"},"content":{"rendered":"<h2>Timberland X luonnonvalkoiset mustat saappaat-miesten velour tyylik\u00e4s<\/h2>\n<p>Timberland X luonnonvalkoiset mustat saappaat ovat ensiluokkainen malli, joka on valmistettu pehme\u00e4st\u00e4 ja kest\u00e4v\u00e4st\u00e4 veluurista, jossa yhdistyv\u00e4t moderni muotoilu ja mukavuus. Musta v\u00e4ri lis\u00e4\u00e4 monipuolisuutta ja eleganssia, ja mukava tyyny tarjoaa mukavuutta pitk\u00e4aikaisessa k\u00e4yt\u00f6ss\u00e4. N\u00e4m\u00e4 Vietnamissa valmistetut saappaat ovat korkealaatuisia ja kest\u00e4vi\u00e4. Ihanteellinen valinta p\u00e4ivitt\u00e4iseen k\u00e4ytt\u00f6\u00f6n ja aktiiviseen kaupunkityyliin korostamaan k\u00e4ytt\u00e4j\u00e4n persoonallisuutta ja makua.<\/p>\n","protected":false},"excerpt":{"rendered":"<p>Timberland X luonnonvalkoiset mustat saappaat ovat ensiluokkainen malli, joka on valmistettu pehme\u00e4st\u00e4 ja kest\u00e4v\u00e4st\u00e4 veluurista, jossa yhdistyv\u00e4t moderni muotoilu ja mukavuus. Musta v\u00e4ri lis\u00e4\u00e4 monipuolisuutta ja eleganssia, ja mukava tyyny tarjoaa mukavuutta pitk\u00e4aikaisessa k\u00e4yt\u00f6ss\u00e4. N\u00e4m\u00e4 Vietnamissa valmistetut saappaat ovat korkealaatuisia ja kest\u00e4vi\u00e4. Ihanteellinen valinta p\u00e4ivitt\u00e4iseen k\u00e4ytt\u00f6\u00f6n ja aktiiviseen kaupunkityyliin korostamaan k\u00e4ytt\u00e4j\u00e4n persoonallisuutta ja makua.<\/p>\n","protected":false},"featured_media":743519,"comment_status":"open","ping_status":"open","template":"","meta":[],"product_brand":[],"product_cat":[3199,3331],"product_tag":[],"class_list":{"0":"post-743518","1":"product","2":"type-product","3":"status-publish","4":"has-post-thumbnail","6":"product_cat-all-product","7":"product_cat-cherevyky","8":"pa_rozmir-910","9":"pa_rozmir-912","10":"pa_rozmir-914","11":"pa_rozmir-915","12":"pa_rozmir-916","13":"pa_rozmir-917","14":"pa_rozmir-918","15":"pa_rozmir-919","16":"pa_rozmir-920","17":"pa_rozmir-921","18":"pa_rozmir-922","20":"first","21":"instock","22":"purchasable","23":"product-type-variable"},"_links":{"self":[{"href":"https:\/\/nextsnkr.com\/fi\/wp-json\/wp\/v2\/product\/743518","targetHints":{"allow":["GET"]}}],"collection":[{"href":"https:\/\/nextsnkr.com\/fi\/wp-json\/wp\/v2\/product"}],"about":[{"href":"https:\/\/nextsnkr.com\/fi\/wp-json\/wp\/v2\/types\/product"}],"replies":[{"embeddable":true,"href":"https:\/\/nextsnkr.com\/fi\/wp-json\/wp\/v2\/comments?post=743518"}],"version-history":[{"count":0,"href":"https:\/\/nextsnkr.com\/fi\/wp-json\/wp\/v2\/product\/743518\/revisions"}],"wp:featuredmedia":[{"embeddable":true,"href":"https:\/\/nextsnkr.com\/fi\/wp-json\/wp\/v2\/media\/743519"}],"wp:attachment":[{"href":"https:\/\/nextsnkr.com\/fi\/wp-json\/wp\/v2\/media?parent=743518"}],"wp:term":[{"taxonomy":"product_brand","embeddable":true,"href":"https:\/\/nextsnkr.com\/fi\/wp-json\/wp\/v2\/product_brand?post=743518"},{"taxonomy":"product_cat","embeddable":true,"href":"https:\/\/nextsnkr.com\/fi\/wp-json\/wp\/v2\/product_cat?post=743518"},{"taxonomy":"product_tag","embeddable":true,"href":"https:\/\/nextsnkr.com\/fi\/wp-json\/wp\/v2\/product_tag?post=743518"}],"curies":[{"name":"wp","href":"https:\/\/api.w.org\/{rel}","templated":true}]}}