{"id":742608,"date":"2025-06-14T16:23:14","date_gmt":"2025-06-14T13:23:14","guid":{"rendered":"https:\/\/nextsnkr.com\/product\/ugg-classic-mini-platform-xl-black\/"},"modified":"2026-01-30T19:53:34","modified_gmt":"2026-01-30T16:53:34","slug":"ugg-classic-mini-platform-xl-black","status":"publish","type":"product","link":"https:\/\/nextsnkr.com\/fi\/tuote\/ugg-classic-mini-platform-xl-black\/","title":{"rendered":"Ugg Classic Mini Platform XL musta mokka nilkkurit turkis"},"content":{"rendered":"<h2>Ugg Classic Mini Platform XL musta mokka nilkkurit turkis<\/h2>\n<p>Ugg Classic Mini Platform XL mustat nilkkurit on valmistettu korkealaatuisesta mokkanahasta ja luonnollisesta turkista, joka tarjoaa l\u00e4mp\u00f6\u00e4, mukavuutta ja kest\u00e4vyytt\u00e4. Mallissa on tyylik\u00e4s istuvuus ja lis\u00e4pehmuste, joka on ihanteellinen kaupunkik\u00e4velyille kylm\u00e4ss\u00e4. Musta v\u00e4ri tekee niist\u00e4 monipuolisia ja ne voidaan helposti yhdist\u00e4\u00e4 mihin tahansa vaatekaappiin. Valmistettu Vietnamissa, n\u00e4m\u00e4 Ugg saappaat ovatluotettava valinta niille, jotka arvostavat mukavuutta ja tyyli\u00e4.<\/p>\n","protected":false},"excerpt":{"rendered":"<p>Ugg Classic Mini Platform XL mustat nilkkurit on valmistettu korkealaatuisesta mokkanahasta ja luonnollisesta turkista, joka tarjoaa l\u00e4mp\u00f6\u00e4, mukavuutta ja kest\u00e4vyytt\u00e4. Mallissa on tyylik\u00e4s istuvuus ja lis\u00e4pehmuste, joka on ihanteellinen kaupunkik\u00e4velyille kylm\u00e4ss\u00e4. Musta v\u00e4ri tekee niist\u00e4 monipuolisia ja ne voidaan helposti yhdist\u00e4\u00e4 mihin tahansa vaatekaappiin. Valmistettu Vietnamissa, n\u00e4m\u00e4 Ugg saappaat ovatluotettava valinta niille, jotka arvostavat mukavuutta ja tyyli\u00e4.<\/p>\n","protected":false},"featured_media":742609,"comment_status":"open","ping_status":"open","template":"","meta":[],"product_brand":[],"product_cat":[3407,3199],"product_tag":[],"class_list":{"0":"post-742608","1":"product","2":"type-product","3":"status-publish","4":"has-post-thumbnail","6":"product_cat-ugg","7":"product_cat-all-product","8":"pa_rozmir-910","9":"pa_rozmir-912","10":"pa_rozmir-914","11":"pa_rozmir-915","12":"pa_rozmir-916","13":"pa_rozmir-917","14":"pa_rozmir-918","15":"pa_rozmir-919","16":"pa_rozmir-920","17":"pa_rozmir-921","18":"pa_rozmir-922","20":"first","21":"onbackorder","22":"purchasable","23":"product-type-variable"},"_links":{"self":[{"href":"https:\/\/nextsnkr.com\/fi\/wp-json\/wp\/v2\/product\/742608","targetHints":{"allow":["GET"]}}],"collection":[{"href":"https:\/\/nextsnkr.com\/fi\/wp-json\/wp\/v2\/product"}],"about":[{"href":"https:\/\/nextsnkr.com\/fi\/wp-json\/wp\/v2\/types\/product"}],"replies":[{"embeddable":true,"href":"https:\/\/nextsnkr.com\/fi\/wp-json\/wp\/v2\/comments?post=742608"}],"version-history":[{"count":0,"href":"https:\/\/nextsnkr.com\/fi\/wp-json\/wp\/v2\/product\/742608\/revisions"}],"wp:featuredmedia":[{"embeddable":true,"href":"https:\/\/nextsnkr.com\/fi\/wp-json\/wp\/v2\/media\/742609"}],"wp:attachment":[{"href":"https:\/\/nextsnkr.com\/fi\/wp-json\/wp\/v2\/media?parent=742608"}],"wp:term":[{"taxonomy":"product_brand","embeddable":true,"href":"https:\/\/nextsnkr.com\/fi\/wp-json\/wp\/v2\/product_brand?post=742608"},{"taxonomy":"product_cat","embeddable":true,"href":"https:\/\/nextsnkr.com\/fi\/wp-json\/wp\/v2\/product_cat?post=742608"},{"taxonomy":"product_tag","embeddable":true,"href":"https:\/\/nextsnkr.com\/fi\/wp-json\/wp\/v2\/product_tag?post=742608"}],"curies":[{"name":"wp","href":"https:\/\/api.w.org\/{rel}","templated":true}]}}