{"id":742426,"date":"2025-06-14T16:23:44","date_gmt":"2025-06-14T13:23:44","guid":{"rendered":"https:\/\/nextsnkr.com\/product\/ugg-classic-brellah-mini-boot-black\/"},"modified":"2026-01-30T19:53:30","modified_gmt":"2026-01-30T16:53:30","slug":"ugg-classic-brellah-mini-boot-black","status":"publish","type":"product","link":"https:\/\/nextsnkr.com\/fi\/tuote\/ugg-classic-brellah-mini-boot-black\/","title":{"rendered":"Ugg Classic Brellah Mini Boot musta saappaat valmistettu turkista"},"content":{"rendered":"<h2>Ugg Classic Brellah Mini Boot musta saappaat valmistettu turkista<\/h2>\n<p>Tyylik\u00e4s Ugg Classic Brellah Mini Boot Musta Saappaat on valmistettu luonnon turkista ja kest\u00e4v\u00e4 muovi, joka tarjoaa l\u00e4mp\u00f6\u00e4, mukavuutta ja kest\u00e4vyytt\u00e4. Mallissa on kompakti minisiluetti, klassinen musta v\u00e4ri ja mukava pohja p\u00e4ivitt\u00e4iseen k\u00e4ytt\u00f6\u00f6n. Vietnamissa valmistetut saappaat sopivat t\u00e4ydellisesti kylm\u00e4\u00e4n s\u00e4\u00e4h\u00e4n, ja niiss\u00e4 yhdistyv\u00e4t Ugg: n ensiluokkainen tyyli ja k\u00e4yt\u00e4nn\u00f6llisyys aktiiviseen kaupunkiel\u00e4m\u00e4\u00e4n.<\/p>\n","protected":false},"excerpt":{"rendered":"<p>Tyylik\u00e4s Ugg Classic Brellah Mini Boot Musta Saappaat on valmistettu luonnon turkista ja kest\u00e4v\u00e4 muovi, joka tarjoaa l\u00e4mp\u00f6\u00e4, mukavuutta ja kest\u00e4vyytt\u00e4. Mallissa on kompakti minisiluetti, klassinen musta v\u00e4ri ja mukava pohja p\u00e4ivitt\u00e4iseen k\u00e4ytt\u00f6\u00f6n. Vietnamissa valmistetut saappaat sopivat t\u00e4ydellisesti kylm\u00e4\u00e4n s\u00e4\u00e4h\u00e4n, ja niiss\u00e4 yhdistyv\u00e4t Ugg: n ensiluokkainen tyyli ja k\u00e4yt\u00e4nn\u00f6llisyys aktiiviseen kaupunkiel\u00e4m\u00e4\u00e4n.<\/p>\n","protected":false},"featured_media":742427,"comment_status":"open","ping_status":"open","template":"","meta":[],"product_brand":[],"product_cat":[3407,3199],"product_tag":[],"class_list":{"0":"post-742426","1":"product","2":"type-product","3":"status-publish","4":"has-post-thumbnail","6":"product_cat-ugg","7":"product_cat-all-product","8":"pa_rozmir-910","9":"pa_rozmir-912","10":"pa_rozmir-914","11":"pa_rozmir-915","12":"pa_rozmir-916","13":"pa_rozmir-917","14":"pa_rozmir-918","15":"pa_rozmir-919","16":"pa_rozmir-920","17":"pa_rozmir-921","18":"pa_rozmir-922","20":"first","21":"instock","22":"purchasable","23":"product-type-variable"},"_links":{"self":[{"href":"https:\/\/nextsnkr.com\/fi\/wp-json\/wp\/v2\/product\/742426","targetHints":{"allow":["GET"]}}],"collection":[{"href":"https:\/\/nextsnkr.com\/fi\/wp-json\/wp\/v2\/product"}],"about":[{"href":"https:\/\/nextsnkr.com\/fi\/wp-json\/wp\/v2\/types\/product"}],"replies":[{"embeddable":true,"href":"https:\/\/nextsnkr.com\/fi\/wp-json\/wp\/v2\/comments?post=742426"}],"version-history":[{"count":0,"href":"https:\/\/nextsnkr.com\/fi\/wp-json\/wp\/v2\/product\/742426\/revisions"}],"wp:featuredmedia":[{"embeddable":true,"href":"https:\/\/nextsnkr.com\/fi\/wp-json\/wp\/v2\/media\/742427"}],"wp:attachment":[{"href":"https:\/\/nextsnkr.com\/fi\/wp-json\/wp\/v2\/media?parent=742426"}],"wp:term":[{"taxonomy":"product_brand","embeddable":true,"href":"https:\/\/nextsnkr.com\/fi\/wp-json\/wp\/v2\/product_brand?post=742426"},{"taxonomy":"product_cat","embeddable":true,"href":"https:\/\/nextsnkr.com\/fi\/wp-json\/wp\/v2\/product_cat?post=742426"},{"taxonomy":"product_tag","embeddable":true,"href":"https:\/\/nextsnkr.com\/fi\/wp-json\/wp\/v2\/product_tag?post=742426"}],"curies":[{"name":"wp","href":"https:\/\/api.w.org\/{rel}","templated":true}]}}