{"id":742244,"date":"2025-06-14T16:24:21","date_gmt":"2025-06-14T13:24:21","guid":{"rendered":"https:\/\/nextsnkr.com\/product\/ugg-maxi-clog-black\/"},"modified":"2026-01-30T19:53:25","modified_gmt":"2026-01-30T16:53:25","slug":"ugg-maxi-clog-black","status":"publish","type":"product","link":"https:\/\/nextsnkr.com\/fi\/tuote\/ugg-maxi-clog-black\/","title":{"rendered":"Ugg Maxi Clog Musta-mukavat tekstiiliset puukeng\u00e4t villalla"},"content":{"rendered":"<h2>Ugg Maxi Clog Musta-mukavat tekstiiliset puukeng\u00e4t villalla<\/h2>\n<p>Ugg Maxi Clog Black on mukava ja l\u00e4mmin kenk\u00e4 kotiin ja p\u00e4ivitt\u00e4iseen k\u00e4ytt\u00f6\u00f6n, valmistettu tekstiileist\u00e4 ja luonnonvillasta. Matalasta takaa keveytt\u00e4 ja mukavuutta, kun k\u00e4vely, ja pehme\u00e4 vuori pit\u00e4\u00e4 sinut l\u00e4mpim\u00e4n\u00e4 kylm\u00e4n kauden. Tyylik\u00e4s musta v\u00e4ri voidaan helposti yhdist\u00e4\u00e4 mihin tahansa kotiin tai rentoon lookiin. Valmistaja on Vietnam. Valitse Ugg Maxi Clog Musta mukavuutta, l\u00e4mp\u00f6\u00e4 ja modernia tyyli\u00e4 varten.<\/p>\n","protected":false},"excerpt":{"rendered":"<p>Ugg Maxi Clog Black on mukava ja l\u00e4mmin kenk\u00e4 kotiin ja p\u00e4ivitt\u00e4iseen k\u00e4ytt\u00f6\u00f6n, valmistettu tekstiileist\u00e4 ja luonnonvillasta. Matalasta takaa keveytt\u00e4 ja mukavuutta, kun k\u00e4vely, ja pehme\u00e4 vuori pit\u00e4\u00e4 sinut l\u00e4mpim\u00e4n\u00e4 kylm\u00e4n kauden. Tyylik\u00e4s musta v\u00e4ri voidaan helposti yhdist\u00e4\u00e4 mihin tahansa kotiin tai rentoon lookiin. Valmistaja on Vietnam. Valitse Ugg Maxi Clog Musta mukavuutta, l\u00e4mp\u00f6\u00e4 ja modernia tyyli\u00e4 varten.<\/p>\n","protected":false},"featured_media":742245,"comment_status":"open","ping_status":"open","template":"","meta":[],"product_brand":[],"product_cat":[3407,3199],"product_tag":[],"class_list":{"0":"post-742244","1":"product","2":"type-product","3":"status-publish","4":"has-post-thumbnail","6":"product_cat-ugg","7":"product_cat-all-product","8":"pa_rozmir-910","9":"pa_rozmir-912","10":"pa_rozmir-914","11":"pa_rozmir-915","12":"pa_rozmir-916","13":"pa_rozmir-917","14":"pa_rozmir-918","15":"pa_rozmir-919","16":"pa_rozmir-920","17":"pa_rozmir-921","18":"pa_rozmir-922","20":"first","21":"instock","22":"purchasable","23":"product-type-variable"},"_links":{"self":[{"href":"https:\/\/nextsnkr.com\/fi\/wp-json\/wp\/v2\/product\/742244","targetHints":{"allow":["GET"]}}],"collection":[{"href":"https:\/\/nextsnkr.com\/fi\/wp-json\/wp\/v2\/product"}],"about":[{"href":"https:\/\/nextsnkr.com\/fi\/wp-json\/wp\/v2\/types\/product"}],"replies":[{"embeddable":true,"href":"https:\/\/nextsnkr.com\/fi\/wp-json\/wp\/v2\/comments?post=742244"}],"version-history":[{"count":0,"href":"https:\/\/nextsnkr.com\/fi\/wp-json\/wp\/v2\/product\/742244\/revisions"}],"wp:featuredmedia":[{"embeddable":true,"href":"https:\/\/nextsnkr.com\/fi\/wp-json\/wp\/v2\/media\/742245"}],"wp:attachment":[{"href":"https:\/\/nextsnkr.com\/fi\/wp-json\/wp\/v2\/media?parent=742244"}],"wp:term":[{"taxonomy":"product_brand","embeddable":true,"href":"https:\/\/nextsnkr.com\/fi\/wp-json\/wp\/v2\/product_brand?post=742244"},{"taxonomy":"product_cat","embeddable":true,"href":"https:\/\/nextsnkr.com\/fi\/wp-json\/wp\/v2\/product_cat?post=742244"},{"taxonomy":"product_tag","embeddable":true,"href":"https:\/\/nextsnkr.com\/fi\/wp-json\/wp\/v2\/product_tag?post=742244"}],"curies":[{"name":"wp","href":"https:\/\/api.w.org\/{rel}","templated":true}]}}