{"id":740606,"date":"2025-06-14T16:30:21","date_gmt":"2025-06-14T13:30:21","guid":{"rendered":"https:\/\/nextsnkr.com\/product\/ugg-maxi-clog-hight-black\/"},"modified":"2026-01-30T19:52:35","modified_gmt":"2026-01-30T16:52:35","slug":"ugg-maxi-clog-hight-black","status":"publish","type":"product","link":"https:\/\/nextsnkr.com\/fi\/tuote\/ugg-maxi-clog-hight-black\/","title":{"rendered":"Ugg Maxi Clog Korkea Musta-Naisten eristetyt Tekstiili-puukeng\u00e4t"},"content":{"rendered":"<h2>Ugg Maxi Clog Korkea Musta-Naisten eristetyt Tekstiili-puukeng\u00e4t<\/h2>\n<p>Ugg Maxi Clog High Black-mukavat ja tyylikk\u00e4\u00e4t naisten puukeng\u00e4t, jotka on valmistettu tekstiileist\u00e4 ja luonnonvillasta maksimaalisen l\u00e4mm\u00f6n ja mukavuuden takaamiseksi. Korkea saapas suojaa jalkaa luotettavasti, ja kevyt pohja takaa mukavuuden k\u00e4velless\u00e4. Musta v\u00e4ri tekee mallista monipuolisen ja sen voi helposti yhdist\u00e4\u00e4 mihin tahansa vaatteisiin. T\u00e4ydellinen valinta kotiin, ulkoiluun tai vapaa-aikaan, jossa yhdistyv\u00e4t Ugg-br\u00e4ndi, l\u00e4mp\u00f6 ja tyyli jokaisessa vaiheessa.<\/p>\n","protected":false},"excerpt":{"rendered":"<p>Ugg Maxi Clog High Black-mukavat ja tyylikk\u00e4\u00e4t naisten puukeng\u00e4t, jotka on valmistettu tekstiileist\u00e4 ja luonnonvillasta maksimaalisen l\u00e4mm\u00f6n ja mukavuuden takaamiseksi. Korkea saapas suojaa jalkaa luotettavasti, ja kevyt pohja takaa mukavuuden k\u00e4velless\u00e4. Musta v\u00e4ri tekee mallista monipuolisen ja sen voi helposti yhdist\u00e4\u00e4 mihin tahansa vaatteisiin. T\u00e4ydellinen valinta kotiin, ulkoiluun tai vapaa-aikaan, jossa yhdistyv\u00e4t Ugg-br\u00e4ndi, l\u00e4mp\u00f6 ja tyyli jokaisessa vaiheessa.<\/p>\n","protected":false},"featured_media":740607,"comment_status":"open","ping_status":"open","template":"","meta":[],"product_brand":[],"product_cat":[3407,3199],"product_tag":[],"class_list":{"0":"post-740606","1":"product","2":"type-product","3":"status-publish","4":"has-post-thumbnail","6":"product_cat-ugg","7":"product_cat-all-product","8":"pa_rozmir-910","9":"pa_rozmir-912","10":"pa_rozmir-914","11":"pa_rozmir-915","12":"pa_rozmir-916","13":"pa_rozmir-917","14":"pa_rozmir-918","15":"pa_rozmir-919","16":"pa_rozmir-920","17":"pa_rozmir-921","18":"pa_rozmir-922","20":"first","21":"instock","22":"purchasable","23":"product-type-variable"},"_links":{"self":[{"href":"https:\/\/nextsnkr.com\/fi\/wp-json\/wp\/v2\/product\/740606","targetHints":{"allow":["GET"]}}],"collection":[{"href":"https:\/\/nextsnkr.com\/fi\/wp-json\/wp\/v2\/product"}],"about":[{"href":"https:\/\/nextsnkr.com\/fi\/wp-json\/wp\/v2\/types\/product"}],"replies":[{"embeddable":true,"href":"https:\/\/nextsnkr.com\/fi\/wp-json\/wp\/v2\/comments?post=740606"}],"version-history":[{"count":0,"href":"https:\/\/nextsnkr.com\/fi\/wp-json\/wp\/v2\/product\/740606\/revisions"}],"wp:featuredmedia":[{"embeddable":true,"href":"https:\/\/nextsnkr.com\/fi\/wp-json\/wp\/v2\/media\/740607"}],"wp:attachment":[{"href":"https:\/\/nextsnkr.com\/fi\/wp-json\/wp\/v2\/media?parent=740606"}],"wp:term":[{"taxonomy":"product_brand","embeddable":true,"href":"https:\/\/nextsnkr.com\/fi\/wp-json\/wp\/v2\/product_brand?post=740606"},{"taxonomy":"product_cat","embeddable":true,"href":"https:\/\/nextsnkr.com\/fi\/wp-json\/wp\/v2\/product_cat?post=740606"},{"taxonomy":"product_tag","embeddable":true,"href":"https:\/\/nextsnkr.com\/fi\/wp-json\/wp\/v2\/product_tag?post=740606"}],"curies":[{"name":"wp","href":"https:\/\/api.w.org\/{rel}","templated":true}]}}