{"id":739878,"date":"2025-06-14T16:32:59","date_gmt":"2025-06-14T13:32:59","guid":{"rendered":"https:\/\/nextsnkr.com\/product\/ugg-classic-ultra-mini-platform-xl-chestnut\/"},"modified":"2026-01-30T19:52:20","modified_gmt":"2026-01-30T16:52:20","slug":"ugg-classic-ultra-mini-platform-xl-chestnut","status":"publish","type":"product","link":"https:\/\/nextsnkr.com\/fi\/tuote\/ugg-classic-ultra-mini-platform-xl-chestnut\/","title":{"rendered":"Ugg Classic Ultra Mini Platform XL kastanja Saappaat-mokka turkis"},"content":{"rendered":"<h2>Ugg Classic Ultra Mini Platform XL kastanja Saappaat-mokka turkis<\/h2>\n<p>Ugg Classic Ultra Mini Platform XL-Kastanjasaappaissa yhdistyv\u00e4t mukavuus, l\u00e4mp\u00f6 ja tyylik\u00e4s muotoilu. Valmistettu korkealaatuisesta mokkanahasta ja luonnollisesta turkista, ne tarjoavat kest\u00e4vyytt\u00e4 ja erinomaisen l\u00e4mm\u00f6neristyksen. Alusta lis\u00e4\u00e4 modernin aksentin ja tekee siluetista hienostuneemman. N\u00e4m\u00e4 Vietnamissa valmistetut saappaat sopivat t\u00e4ydellisesti kylm\u00e4\u00e4n vuodenaikaan, vapaa-aikaan ja ulkoiluun. Ugg Classic Ultra Mini on valinta niille, jotka arvostavat ensiluokkaista laatua ja mukavuutta miss\u00e4 tahansa ymp\u00e4rist\u00f6ss\u00e4.<\/p>\n","protected":false},"excerpt":{"rendered":"<p>Ugg Classic Ultra Mini Platform XL-Kastanjasaappaissa yhdistyv\u00e4t mukavuus, l\u00e4mp\u00f6 ja tyylik\u00e4s muotoilu. Valmistettu korkealaatuisesta mokkanahasta ja luonnollisesta turkista, ne tarjoavat kest\u00e4vyytt\u00e4 ja erinomaisen l\u00e4mm\u00f6neristyksen. Alusta lis\u00e4\u00e4 modernin aksentin ja tekee siluetista hienostuneemman. N\u00e4m\u00e4 Vietnamissa valmistetut saappaat sopivat t\u00e4ydellisesti kylm\u00e4\u00e4n vuodenaikaan, vapaa-aikaan ja ulkoiluun. Ugg Classic Ultra Mini on valinta niille, jotka arvostavat ensiluokkaista laatua ja mukavuutta miss\u00e4 tahansa ymp\u00e4rist\u00f6ss\u00e4.<\/p>\n","protected":false},"featured_media":739879,"comment_status":"open","ping_status":"open","template":"","meta":[],"product_brand":[],"product_cat":[3407,3199],"product_tag":[],"class_list":{"0":"post-739878","1":"product","2":"type-product","3":"status-publish","4":"has-post-thumbnail","6":"product_cat-ugg","7":"product_cat-all-product","8":"pa_rozmir-910","9":"pa_rozmir-912","10":"pa_rozmir-914","11":"pa_rozmir-915","12":"pa_rozmir-916","13":"pa_rozmir-917","14":"pa_rozmir-918","15":"pa_rozmir-919","16":"pa_rozmir-920","17":"pa_rozmir-921","18":"pa_rozmir-922","20":"first","21":"onbackorder","22":"purchasable","23":"product-type-variable"},"_links":{"self":[{"href":"https:\/\/nextsnkr.com\/fi\/wp-json\/wp\/v2\/product\/739878","targetHints":{"allow":["GET"]}}],"collection":[{"href":"https:\/\/nextsnkr.com\/fi\/wp-json\/wp\/v2\/product"}],"about":[{"href":"https:\/\/nextsnkr.com\/fi\/wp-json\/wp\/v2\/types\/product"}],"replies":[{"embeddable":true,"href":"https:\/\/nextsnkr.com\/fi\/wp-json\/wp\/v2\/comments?post=739878"}],"version-history":[{"count":0,"href":"https:\/\/nextsnkr.com\/fi\/wp-json\/wp\/v2\/product\/739878\/revisions"}],"wp:featuredmedia":[{"embeddable":true,"href":"https:\/\/nextsnkr.com\/fi\/wp-json\/wp\/v2\/media\/739879"}],"wp:attachment":[{"href":"https:\/\/nextsnkr.com\/fi\/wp-json\/wp\/v2\/media?parent=739878"}],"wp:term":[{"taxonomy":"product_brand","embeddable":true,"href":"https:\/\/nextsnkr.com\/fi\/wp-json\/wp\/v2\/product_brand?post=739878"},{"taxonomy":"product_cat","embeddable":true,"href":"https:\/\/nextsnkr.com\/fi\/wp-json\/wp\/v2\/product_cat?post=739878"},{"taxonomy":"product_tag","embeddable":true,"href":"https:\/\/nextsnkr.com\/fi\/wp-json\/wp\/v2\/product_tag?post=739878"}],"curies":[{"name":"wp","href":"https:\/\/api.w.org\/{rel}","templated":true}]}}