{"id":738786,"date":"2025-06-14T16:37:02","date_gmt":"2025-06-14T13:37:02","guid":{"rendered":"https:\/\/nextsnkr.com\/product\/ugg-classic-ultra-mini-platform-xl-grey\/"},"modified":"2026-01-30T19:51:52","modified_gmt":"2026-01-30T16:51:52","slug":"ugg-classic-ultra-mini-platform-xl-grey","status":"publish","type":"product","link":"https:\/\/nextsnkr.com\/fi\/tuote\/ugg-classic-ultra-mini-platform-xl-grey\/","title":{"rendered":"Ugg Classic Ultra Mini Platform XL harmaa-mokka naisten ugg saappaat turkis"},"content":{"rendered":"<h2>Ugg Classic Ultra Mini Platform XL harmaa-mokka naisten ugg saappaat turkis<\/h2>\n<p>Ugg Classic Ultra Mini Alustan XL Harmaa on moderni naisten ugg saappaat on valmistettu aidosta mokka ja pehme\u00e4 turkki, joka tarjoaa l\u00e4mp\u00f6\u00e4 ja mukavuutta kylm\u00e4n kauden. Mallissa on lis\u00e4vaimennusalusta ja tyylik\u00e4s grafiitinharmaa s\u00e4vy, joka voidaan helposti yhdist\u00e4\u00e4 mihin tahansa rentoon ilmeeseen. Valmistettu Vietnamissa, n\u00e4m\u00e4 ugg saappaat yhdist\u00e4\u00e4 premium-laatu, kest\u00e4vyys ja legendaarinen Ugg tuotemerkin tyyli, mik\u00e4 tekee niist\u00e4 t\u00e4ydellinen valinta arkik\u00e4ytt\u00f6\u00f6n.<\/p>\n","protected":false},"excerpt":{"rendered":"<p>Ugg Classic Ultra Mini Alustan XL Harmaa on moderni naisten ugg saappaat on valmistettu aidosta mokka ja pehme\u00e4 turkki, joka tarjoaa l\u00e4mp\u00f6\u00e4 ja mukavuutta kylm\u00e4n kauden. Mallissa on lis\u00e4vaimennusalusta ja tyylik\u00e4s grafiitinharmaa s\u00e4vy, joka voidaan helposti yhdist\u00e4\u00e4 mihin tahansa rentoon ilmeeseen. Valmistettu Vietnamissa, n\u00e4m\u00e4 ugg saappaat yhdist\u00e4\u00e4 premium-laatu, kest\u00e4vyys ja legendaarinen Ugg tuotemerkin tyyli, mik\u00e4 tekee niist\u00e4 t\u00e4ydellinen valinta arkik\u00e4ytt\u00f6\u00f6n.<\/p>\n","protected":false},"featured_media":738787,"comment_status":"open","ping_status":"open","template":"","meta":[],"product_brand":[],"product_cat":[3407,3199],"product_tag":[],"class_list":{"0":"post-738786","1":"product","2":"type-product","3":"status-publish","4":"has-post-thumbnail","6":"product_cat-ugg","7":"product_cat-all-product","8":"pa_rozmir-910","9":"pa_rozmir-912","10":"pa_rozmir-914","11":"pa_rozmir-915","12":"pa_rozmir-916","13":"pa_rozmir-917","14":"pa_rozmir-918","15":"pa_rozmir-919","16":"pa_rozmir-920","17":"pa_rozmir-921","18":"pa_rozmir-922","20":"first","21":"onbackorder","22":"purchasable","23":"product-type-variable"},"_links":{"self":[{"href":"https:\/\/nextsnkr.com\/fi\/wp-json\/wp\/v2\/product\/738786","targetHints":{"allow":["GET"]}}],"collection":[{"href":"https:\/\/nextsnkr.com\/fi\/wp-json\/wp\/v2\/product"}],"about":[{"href":"https:\/\/nextsnkr.com\/fi\/wp-json\/wp\/v2\/types\/product"}],"replies":[{"embeddable":true,"href":"https:\/\/nextsnkr.com\/fi\/wp-json\/wp\/v2\/comments?post=738786"}],"version-history":[{"count":0,"href":"https:\/\/nextsnkr.com\/fi\/wp-json\/wp\/v2\/product\/738786\/revisions"}],"wp:featuredmedia":[{"embeddable":true,"href":"https:\/\/nextsnkr.com\/fi\/wp-json\/wp\/v2\/media\/738787"}],"wp:attachment":[{"href":"https:\/\/nextsnkr.com\/fi\/wp-json\/wp\/v2\/media?parent=738786"}],"wp:term":[{"taxonomy":"product_brand","embeddable":true,"href":"https:\/\/nextsnkr.com\/fi\/wp-json\/wp\/v2\/product_brand?post=738786"},{"taxonomy":"product_cat","embeddable":true,"href":"https:\/\/nextsnkr.com\/fi\/wp-json\/wp\/v2\/product_cat?post=738786"},{"taxonomy":"product_tag","embeddable":true,"href":"https:\/\/nextsnkr.com\/fi\/wp-json\/wp\/v2\/product_tag?post=738786"}],"curies":[{"name":"wp","href":"https:\/\/api.w.org\/{rel}","templated":true}]}}