{"id":738240,"date":"2025-06-14T16:38:55","date_gmt":"2025-06-14T13:38:55","guid":{"rendered":"https:\/\/nextsnkr.com\/product\/dr-martens-jadon-triple-black-termo\/"},"modified":"2026-01-30T19:51:38","modified_gmt":"2026-01-30T16:51:38","slug":"dr-martens-jadon-triple-black-termo","status":"publish","type":"product","link":"https:\/\/nextsnkr.com\/fi\/tuote\/dr-martens-jadon-triple-black-termo\/","title":{"rendered":"Dr. Martens Jadon Triple mustat saappaat-nahkaiset l\u00e4mp\u00f6saappaat"},"content":{"rendered":"<h2>Dr. Martens Jadon Triple mustat saappaat-nahkaiset l\u00e4mp\u00f6saappaat<\/h2>\n<p>Dr. Martens Jadon Triple Black (thermo)-saappaat on valmistettu korkealaatuisesta nahasta, joka takaa kest\u00e4vyyden ja tyylikk\u00e4\u00e4n ulkon\u00e4\u00f6n. L\u00e4mp\u00f6vuorattu malli takaa l\u00e4mm\u00f6n ja mukavuuden kylm\u00e4n\u00e4 vuodenaikana, ja kest\u00e4v\u00e4 ulkopohja tarjoaa luotettavan pidon mill\u00e4 tahansa pinnalla. Klassinen musta v\u00e4ri ja ikoninen muotoilu tekev\u00e4t saappaista monipuoliset jokap\u00e4iv\u00e4iseen k\u00e4ytt\u00f6\u00f6n ja muodikkaaseen ulkon\u00e4k\u00f6\u00f6n. Valmistaja on Kiina. Valitse Dr. Martens Jadon yhdist\u00e4\u00e4ksesi tyyli\u00e4, mukavuutta ja k\u00e4yt\u00e4nn\u00f6llisyytt\u00e4.<\/p>\n","protected":false},"excerpt":{"rendered":"<p>Dr. Martens Jadon Triple Black (thermo)-saappaat on valmistettu korkealaatuisesta nahasta, joka takaa kest\u00e4vyyden ja tyylikk\u00e4\u00e4n ulkon\u00e4\u00f6n. L\u00e4mp\u00f6vuorattu malli takaa l\u00e4mm\u00f6n ja mukavuuden kylm\u00e4n\u00e4 vuodenaikana, ja kest\u00e4v\u00e4 ulkopohja tarjoaa luotettavan pidon mill\u00e4 tahansa pinnalla. Klassinen musta v\u00e4ri ja ikoninen muotoilu tekev\u00e4t saappaista monipuoliset jokap\u00e4iv\u00e4iseen k\u00e4ytt\u00f6\u00f6n ja muodikkaaseen ulkon\u00e4k\u00f6\u00f6n. Valmistaja on Kiina. Valitse Dr. Martens Jadon yhdist\u00e4\u00e4ksesi tyyli\u00e4, mukavuutta ja k\u00e4yt\u00e4nn\u00f6llisyytt\u00e4.<\/p>\n","protected":false},"featured_media":738241,"comment_status":"open","ping_status":"open","template":"","meta":[],"product_brand":[2398],"product_cat":[3616,3199,3331],"product_tag":[],"class_list":{"0":"post-738240","1":"product","2":"type-product","3":"status-publish","4":"has-post-thumbnail","6":"product_brand-dr-martens","7":"product_cat-dr-martens","8":"product_cat-all-product","9":"product_cat-cherevyky","10":"pa_rozmir-910","11":"pa_rozmir-912","12":"pa_rozmir-914","13":"pa_rozmir-915","14":"pa_rozmir-916","15":"pa_rozmir-917","16":"pa_rozmir-918","17":"pa_rozmir-919","18":"pa_rozmir-920","19":"pa_rozmir-921","20":"pa_rozmir-922","22":"first","23":"instock","24":"purchasable","25":"product-type-variable"},"_links":{"self":[{"href":"https:\/\/nextsnkr.com\/fi\/wp-json\/wp\/v2\/product\/738240","targetHints":{"allow":["GET"]}}],"collection":[{"href":"https:\/\/nextsnkr.com\/fi\/wp-json\/wp\/v2\/product"}],"about":[{"href":"https:\/\/nextsnkr.com\/fi\/wp-json\/wp\/v2\/types\/product"}],"replies":[{"embeddable":true,"href":"https:\/\/nextsnkr.com\/fi\/wp-json\/wp\/v2\/comments?post=738240"}],"version-history":[{"count":0,"href":"https:\/\/nextsnkr.com\/fi\/wp-json\/wp\/v2\/product\/738240\/revisions"}],"wp:featuredmedia":[{"embeddable":true,"href":"https:\/\/nextsnkr.com\/fi\/wp-json\/wp\/v2\/media\/738241"}],"wp:attachment":[{"href":"https:\/\/nextsnkr.com\/fi\/wp-json\/wp\/v2\/media?parent=738240"}],"wp:term":[{"taxonomy":"product_brand","embeddable":true,"href":"https:\/\/nextsnkr.com\/fi\/wp-json\/wp\/v2\/product_brand?post=738240"},{"taxonomy":"product_cat","embeddable":true,"href":"https:\/\/nextsnkr.com\/fi\/wp-json\/wp\/v2\/product_cat?post=738240"},{"taxonomy":"product_tag","embeddable":true,"href":"https:\/\/nextsnkr.com\/fi\/wp-json\/wp\/v2\/product_tag?post=738240"}],"curies":[{"name":"wp","href":"https:\/\/api.w.org\/{rel}","templated":true}]}}