{"id":735338,"date":"2025-06-14T16:48:10","date_gmt":"2025-06-14T13:48:10","guid":{"rendered":"https:\/\/nextsnkr.com\/product\/no-brand-yellow-art-025\/"},"modified":"2026-01-30T19:50:11","modified_gmt":"2026-01-30T16:50:11","slug":"no-brand-yellow-art-025","status":"publish","type":"product","link":"https:\/\/nextsnkr.com\/fi\/tuote\/no-brand-yellow-art-025\/","title":{"rendered":"Ei Merkkikeltaiset tossut-kevyet keltaiset vaahtotossut"},"content":{"rendered":"<h2>Ei Merkkikeltaiset tossut-kevyet keltaiset vaahtotossut<\/h2>\n<p>025-mukavat ja kevyet pehme\u00e4st\u00e4 vaahtomuovista valmistetut tossut. Ne tarjoavat mukavuutta ja l\u00e4mp\u00f6\u00e4 jaloille, ihanteellinen p\u00e4ivitt\u00e4iseen k\u00e4ytt\u00f6\u00f6n kotona. Kirkkaan keltainen v\u00e4ri lis\u00e4\u00e4 sisustukseen iloista korostusta ja nostaa tunnelmaa. Kevyt pohja takaa mukavuuden k\u00e4velless\u00e4, ja kiinalaisen valmistajan korkealaatuinen muotoilu takaa kest\u00e4vyyden. Valitse Ei Merkkikeltainen kodikkuuden ja mukavuuden vuoksi joka p\u00e4iv\u00e4.<\/p>\n","protected":false},"excerpt":{"rendered":"<p>025-mukavat ja kevyet pehme\u00e4st\u00e4 vaahtomuovista valmistetut tossut. Ne tarjoavat mukavuutta ja l\u00e4mp\u00f6\u00e4 jaloille, ihanteellinen p\u00e4ivitt\u00e4iseen k\u00e4ytt\u00f6\u00f6n kotona. Kirkkaan keltainen v\u00e4ri lis\u00e4\u00e4 sisustukseen iloista korostusta ja nostaa tunnelmaa. Kevyt pohja takaa mukavuuden k\u00e4velless\u00e4, ja kiinalaisen valmistajan korkealaatuinen muotoilu takaa kest\u00e4vyyden. Valitse Ei Merkkikeltainen kodikkuuden ja mukavuuden vuoksi joka p\u00e4iv\u00e4.<\/p>\n","protected":false},"featured_media":735339,"comment_status":"open","ping_status":"open","template":"","meta":[],"product_brand":[],"product_cat":[3199,3420],"product_tag":[],"class_list":{"0":"post-735338","1":"product","2":"type-product","3":"status-publish","4":"has-post-thumbnail","6":"product_cat-all-product","7":"product_cat-shlopantsi","8":"pa_rozmir-910","9":"pa_rozmir-912","10":"pa_rozmir-914","11":"pa_rozmir-915","12":"pa_rozmir-916","13":"pa_rozmir-917","14":"pa_rozmir-918","15":"pa_rozmir-919","16":"pa_rozmir-920","17":"pa_rozmir-921","18":"pa_rozmir-922","20":"first","21":"instock","22":"purchasable","23":"product-type-variable"},"_links":{"self":[{"href":"https:\/\/nextsnkr.com\/fi\/wp-json\/wp\/v2\/product\/735338","targetHints":{"allow":["GET"]}}],"collection":[{"href":"https:\/\/nextsnkr.com\/fi\/wp-json\/wp\/v2\/product"}],"about":[{"href":"https:\/\/nextsnkr.com\/fi\/wp-json\/wp\/v2\/types\/product"}],"replies":[{"embeddable":true,"href":"https:\/\/nextsnkr.com\/fi\/wp-json\/wp\/v2\/comments?post=735338"}],"version-history":[{"count":0,"href":"https:\/\/nextsnkr.com\/fi\/wp-json\/wp\/v2\/product\/735338\/revisions"}],"wp:featuredmedia":[{"embeddable":true,"href":"https:\/\/nextsnkr.com\/fi\/wp-json\/wp\/v2\/media\/735339"}],"wp:attachment":[{"href":"https:\/\/nextsnkr.com\/fi\/wp-json\/wp\/v2\/media?parent=735338"}],"wp:term":[{"taxonomy":"product_brand","embeddable":true,"href":"https:\/\/nextsnkr.com\/fi\/wp-json\/wp\/v2\/product_brand?post=735338"},{"taxonomy":"product_cat","embeddable":true,"href":"https:\/\/nextsnkr.com\/fi\/wp-json\/wp\/v2\/product_cat?post=735338"},{"taxonomy":"product_tag","embeddable":true,"href":"https:\/\/nextsnkr.com\/fi\/wp-json\/wp\/v2\/product_tag?post=735338"}],"curies":[{"name":"wp","href":"https:\/\/api.w.org\/{rel}","templated":true}]}}