{"id":735169,"date":"2025-06-14T16:48:49","date_gmt":"2025-06-14T13:48:49","guid":{"rendered":"https:\/\/nextsnkr.com\/product\/no-brand-foam-runner-bone\/"},"modified":"2026-01-30T19:50:06","modified_gmt":"2026-01-30T16:50:06","slug":"no-brand-foam-runner-bone","status":"publish","type":"product","link":"https:\/\/nextsnkr.com\/fi\/tuote\/no-brand-foam-runner-bone\/","title":{"rendered":"Foam Runner Bone-tossut ovat kevyit\u00e4 vaahtotossuja modernilla muotoilulla"},"content":{"rendered":"<h2>Foam Runner Bone-tossut ovat kevyit\u00e4 vaahtotossuja modernilla muotoilulla<\/h2>\n<p>Mukavat Foam Runner Bone-tossut ovat kevyit\u00e4 ja k\u00e4yt\u00e4nn\u00f6llisi\u00e4 kenki\u00e4, jotka on suunniteltu p\u00e4ivitt\u00e4iseen k\u00e4ytt\u00f6\u00f6n. Vaahtomateriaalista valmistetut ne tarjoavat pehmeytt\u00e4, iskunvaimennusta ja erinomaista ilmanvaihtoa rei &#8217; itys ansiosta. Mallissa on moderni futuristinen muotoilu, joka voidaan helposti yhdist\u00e4\u00e4 arkipukeutumiseen. Ihanteellinen valinta koti -, loma-tai kes\u00e4k\u00e4velyille, kun mukavuus ja keveys ovat t\u00e4rkeit\u00e4 jokaisessa vaiheessa.<\/p>\n","protected":false},"excerpt":{"rendered":"<p>Mukavat Foam Runner Bone-tossut ovat kevyit\u00e4 ja k\u00e4yt\u00e4nn\u00f6llisi\u00e4 kenki\u00e4, jotka on suunniteltu p\u00e4ivitt\u00e4iseen k\u00e4ytt\u00f6\u00f6n. Vaahtomateriaalista valmistetut ne tarjoavat pehmeytt\u00e4, iskunvaimennusta ja erinomaista ilmanvaihtoa rei &#8217; itys ansiosta. Mallissa on moderni futuristinen muotoilu, joka voidaan helposti yhdist\u00e4\u00e4 arkipukeutumiseen. Ihanteellinen valinta koti -, loma-tai kes\u00e4k\u00e4velyille, kun mukavuus ja keveys ovat t\u00e4rkeit\u00e4 jokaisessa vaiheessa.<\/p>\n","protected":false},"featured_media":735170,"comment_status":"open","ping_status":"open","template":"","meta":[],"product_brand":[],"product_cat":[3199,3420],"product_tag":[],"class_list":{"0":"post-735169","1":"product","2":"type-product","3":"status-publish","4":"has-post-thumbnail","6":"product_cat-all-product","7":"product_cat-shlopantsi","8":"pa_rozmir-910","9":"pa_rozmir-912","10":"pa_rozmir-914","11":"pa_rozmir-915","12":"pa_rozmir-916","13":"pa_rozmir-917","14":"pa_rozmir-918","15":"pa_rozmir-919","16":"pa_rozmir-920","17":"pa_rozmir-921","18":"pa_rozmir-922","20":"first","21":"instock","22":"purchasable","23":"product-type-variable"},"_links":{"self":[{"href":"https:\/\/nextsnkr.com\/fi\/wp-json\/wp\/v2\/product\/735169","targetHints":{"allow":["GET"]}}],"collection":[{"href":"https:\/\/nextsnkr.com\/fi\/wp-json\/wp\/v2\/product"}],"about":[{"href":"https:\/\/nextsnkr.com\/fi\/wp-json\/wp\/v2\/types\/product"}],"replies":[{"embeddable":true,"href":"https:\/\/nextsnkr.com\/fi\/wp-json\/wp\/v2\/comments?post=735169"}],"version-history":[{"count":0,"href":"https:\/\/nextsnkr.com\/fi\/wp-json\/wp\/v2\/product\/735169\/revisions"}],"wp:featuredmedia":[{"embeddable":true,"href":"https:\/\/nextsnkr.com\/fi\/wp-json\/wp\/v2\/media\/735170"}],"wp:attachment":[{"href":"https:\/\/nextsnkr.com\/fi\/wp-json\/wp\/v2\/media?parent=735169"}],"wp:term":[{"taxonomy":"product_brand","embeddable":true,"href":"https:\/\/nextsnkr.com\/fi\/wp-json\/wp\/v2\/product_brand?post=735169"},{"taxonomy":"product_cat","embeddable":true,"href":"https:\/\/nextsnkr.com\/fi\/wp-json\/wp\/v2\/product_cat?post=735169"},{"taxonomy":"product_tag","embeddable":true,"href":"https:\/\/nextsnkr.com\/fi\/wp-json\/wp\/v2\/product_tag?post=735169"}],"curies":[{"name":"wp","href":"https:\/\/api.w.org\/{rel}","templated":true}]}}