{"id":734662,"date":"2025-06-14T19:50:35","date_gmt":"2025-06-14T16:50:35","guid":{"rendered":"https:\/\/nextsnkr.com\/product\/air-jordan-1-grey\/"},"modified":"2026-01-30T19:49:53","modified_gmt":"2026-01-30T16:49:53","slug":"air-jordan-1-grey","status":"publish","type":"product","link":"https:\/\/nextsnkr.com\/fi\/tuote\/air-jordan-1-grey\/","title":{"rendered":"Air Jordan 1 Harmaa lenkkarit-tyylikk\u00e4\u00e4t harmaat lenkkarit p\u00e4ivitt\u00e4iseen k\u00e4ytt\u00f6\u00f6n"},"content":{"rendered":"<h2>Air Jordan 1 Harmaa lenkkarit-tyylikk\u00e4\u00e4t harmaat lenkkarit p\u00e4ivitt\u00e4iseen k\u00e4ytt\u00f6\u00f6n<\/h2>\n<p>Air Jordan 1 Harmaa lenkkarit ovatmonipuolinen malli jokap\u00e4iv\u00e4iseen k\u00e4ytt\u00f6\u00f6n. Harmaa v\u00e4ri lis\u00e4\u00e4 tyyli\u00e4 ja se voidaan helposti yhdist\u00e4\u00e4 mihin tahansa vaatteeseen. N\u00e4m\u00e4 Vietnamissa valmistetut lenkkarit erottuvat kest\u00e4vyydest\u00e4\u00e4n, mukavuudestaan ja kest\u00e4vyydest\u00e4\u00e4n. Kevyt pohja tarjoaa mukavuutta joka askeleella, kun taas klassinen muotoilu korostaa modernia urheilullista tyyli\u00e4. Air Jordan 1 Grey ont\u00e4ydellinen valinta niille, jotka arvostavat mukavuutta, k\u00e4yt\u00e4nn\u00f6llisyytt\u00e4 ja tyyli\u00e4 jokap\u00e4iv\u00e4isess\u00e4 el\u00e4m\u00e4ss\u00e4\u00e4n.<\/p>\n","protected":false},"excerpt":{"rendered":"<p>Air Jordan 1 Harmaa lenkkarit ovatmonipuolinen malli jokap\u00e4iv\u00e4iseen k\u00e4ytt\u00f6\u00f6n. Harmaa v\u00e4ri lis\u00e4\u00e4 tyyli\u00e4 ja se voidaan helposti yhdist\u00e4\u00e4 mihin tahansa vaatteeseen. N\u00e4m\u00e4 Vietnamissa valmistetut lenkkarit erottuvat kest\u00e4vyydest\u00e4\u00e4n, mukavuudestaan ja kest\u00e4vyydest\u00e4\u00e4n. Kevyt pohja tarjoaa mukavuutta joka askeleella, kun taas klassinen muotoilu korostaa modernia urheilullista tyyli\u00e4. Air Jordan 1 Grey ont\u00e4ydellinen valinta niille, jotka arvostavat mukavuutta, k\u00e4yt\u00e4nn\u00f6llisyytt\u00e4 ja tyyli\u00e4 jokap\u00e4iv\u00e4isess\u00e4 el\u00e4m\u00e4ss\u00e4\u00e4n.<\/p>\n","protected":false},"featured_media":734663,"comment_status":"open","ping_status":"open","template":"","meta":[],"product_brand":[],"product_cat":[3383,3199,3318],"product_tag":[],"class_list":{"0":"post-734662","1":"product","2":"type-product","3":"status-publish","4":"has-post-thumbnail","6":"product_cat-nike-jordan","7":"product_cat-all-product","8":"product_cat-kedy","9":"pa_rozmir-910","10":"pa_rozmir-912","11":"pa_rozmir-914","12":"pa_rozmir-915","13":"pa_rozmir-916","14":"pa_rozmir-917","15":"pa_rozmir-918","16":"pa_rozmir-919","17":"pa_rozmir-920","18":"pa_rozmir-921","19":"pa_rozmir-922","21":"first","22":"instock","23":"purchasable","24":"product-type-variable"},"_links":{"self":[{"href":"https:\/\/nextsnkr.com\/fi\/wp-json\/wp\/v2\/product\/734662","targetHints":{"allow":["GET"]}}],"collection":[{"href":"https:\/\/nextsnkr.com\/fi\/wp-json\/wp\/v2\/product"}],"about":[{"href":"https:\/\/nextsnkr.com\/fi\/wp-json\/wp\/v2\/types\/product"}],"replies":[{"embeddable":true,"href":"https:\/\/nextsnkr.com\/fi\/wp-json\/wp\/v2\/comments?post=734662"}],"version-history":[{"count":0,"href":"https:\/\/nextsnkr.com\/fi\/wp-json\/wp\/v2\/product\/734662\/revisions"}],"wp:featuredmedia":[{"embeddable":true,"href":"https:\/\/nextsnkr.com\/fi\/wp-json\/wp\/v2\/media\/734663"}],"wp:attachment":[{"href":"https:\/\/nextsnkr.com\/fi\/wp-json\/wp\/v2\/media?parent=734662"}],"wp:term":[{"taxonomy":"product_brand","embeddable":true,"href":"https:\/\/nextsnkr.com\/fi\/wp-json\/wp\/v2\/product_brand?post=734662"},{"taxonomy":"product_cat","embeddable":true,"href":"https:\/\/nextsnkr.com\/fi\/wp-json\/wp\/v2\/product_cat?post=734662"},{"taxonomy":"product_tag","embeddable":true,"href":"https:\/\/nextsnkr.com\/fi\/wp-json\/wp\/v2\/product_tag?post=734662"}],"curies":[{"name":"wp","href":"https:\/\/api.w.org\/{rel}","templated":true}]}}