{"id":729444,"date":"2025-06-14T21:15:26","date_gmt":"2025-06-14T18:15:26","guid":{"rendered":"https:\/\/nextsnkr.com\/product\/350-cinder-reflect-poloska\/"},"modified":"2026-01-30T19:47:06","modified_gmt":"2026-01-30T16:47:06","slug":"350-cinder-reflect-poloska","status":"publish","type":"product","link":"https:\/\/nextsnkr.com\/fi\/tuote\/350-cinder-reflect-poloska\/","title":{"rendered":"350 Cinder Reflect sneakers-tekstiililenkkarit, joissa on verkko"},"content":{"rendered":"<h2>350 Cinder Reflect sneakers-tekstiililenkkarit, joissa on verkko<\/h2>\n<p>350 Cinder Reflect-lenkkarit ovat kevyt ja mukava malli p\u00e4ivitt\u00e4iseen k\u00e4ytt\u00f6\u00f6n ja ulkoiluun. Tekstiilist\u00e4 ja verkosta valmistetut ne tarjoavat erinomaisen ilmanvaihdon ja mukavuuden koko p\u00e4iv\u00e4n. Heijastinraita lis\u00e4\u00e4 modernia tyyli\u00e4 ja parantaa n\u00e4kyvyytt\u00e4 pime\u00e4ss\u00e4. Pohja takaa pehme\u00e4n iskunvaimennuksen ja vakauden liikkeen aikana. Valmistaja on Vietnam. Valitse 350 Cinder Reflect, joka yhdist\u00e4\u00e4 mukavuuden, laadun ja tyylikk\u00e4\u00e4n muotoilun. Koodi: YE005-26753.<\/p>\n","protected":false},"excerpt":{"rendered":"<p>350 Cinder Reflect-lenkkarit ovat kevyt ja mukava malli p\u00e4ivitt\u00e4iseen k\u00e4ytt\u00f6\u00f6n ja ulkoiluun. Tekstiilist\u00e4 ja verkosta valmistetut ne tarjoavat erinomaisen ilmanvaihdon ja mukavuuden koko p\u00e4iv\u00e4n. Heijastinraita lis\u00e4\u00e4 modernia tyyli\u00e4 ja parantaa n\u00e4kyvyytt\u00e4 pime\u00e4ss\u00e4. Pohja takaa pehme\u00e4n iskunvaimennuksen ja vakauden liikkeen aikana. Valmistaja on Vietnam. Valitse 350 Cinder Reflect, joka yhdist\u00e4\u00e4 mukavuuden, laadun ja tyylikk\u00e4\u00e4n muotoilun. Koodi: YE005-26753.<\/p>\n","protected":false},"featured_media":729448,"comment_status":"open","ping_status":"open","template":"","meta":[],"product_brand":[],"product_cat":[3199,3200],"product_tag":[],"class_list":{"0":"post-729444","1":"product","2":"type-product","3":"status-publish","4":"has-post-thumbnail","6":"product_cat-all-product","7":"product_cat-krosivky","8":"pa_rozmir-910","9":"pa_rozmir-912","10":"pa_rozmir-914","11":"pa_rozmir-915","12":"pa_rozmir-916","13":"pa_rozmir-917","14":"pa_rozmir-918","15":"pa_rozmir-919","16":"pa_rozmir-920","17":"pa_rozmir-921","18":"pa_rozmir-922","20":"first","21":"onbackorder","22":"purchasable","23":"product-type-variable"},"_links":{"self":[{"href":"https:\/\/nextsnkr.com\/fi\/wp-json\/wp\/v2\/product\/729444","targetHints":{"allow":["GET"]}}],"collection":[{"href":"https:\/\/nextsnkr.com\/fi\/wp-json\/wp\/v2\/product"}],"about":[{"href":"https:\/\/nextsnkr.com\/fi\/wp-json\/wp\/v2\/types\/product"}],"replies":[{"embeddable":true,"href":"https:\/\/nextsnkr.com\/fi\/wp-json\/wp\/v2\/comments?post=729444"}],"version-history":[{"count":0,"href":"https:\/\/nextsnkr.com\/fi\/wp-json\/wp\/v2\/product\/729444\/revisions"}],"wp:featuredmedia":[{"embeddable":true,"href":"https:\/\/nextsnkr.com\/fi\/wp-json\/wp\/v2\/media\/729448"}],"wp:attachment":[{"href":"https:\/\/nextsnkr.com\/fi\/wp-json\/wp\/v2\/media?parent=729444"}],"wp:term":[{"taxonomy":"product_brand","embeddable":true,"href":"https:\/\/nextsnkr.com\/fi\/wp-json\/wp\/v2\/product_brand?post=729444"},{"taxonomy":"product_cat","embeddable":true,"href":"https:\/\/nextsnkr.com\/fi\/wp-json\/wp\/v2\/product_cat?post=729444"},{"taxonomy":"product_tag","embeddable":true,"href":"https:\/\/nextsnkr.com\/fi\/wp-json\/wp\/v2\/product_tag?post=729444"}],"curies":[{"name":"wp","href":"https:\/\/api.w.org\/{rel}","templated":true}]}}