{"id":728315,"date":"2025-06-14T21:19:27","date_gmt":"2025-06-14T18:19:27","guid":{"rendered":"https:\/\/nextsnkr.com\/product\/synth-ref-shnurky\/"},"modified":"2026-01-30T19:46:39","modified_gmt":"2026-01-30T16:46:39","slug":"synth-ref-shnurky","status":"publish","type":"product","link":"https:\/\/nextsnkr.com\/fi\/tuote\/synth-ref-shnurky\/","title":{"rendered":"Synth * Ref nauhakeng\u00e4t-kevyt tekstiili p\u00e4ivitt\u00e4iseen k\u00e4ytt\u00f6\u00f6n"},"content":{"rendered":"<h2>Synth * Ref nauhakeng\u00e4t-kevyt tekstiili p\u00e4ivitt\u00e4iseen k\u00e4ytt\u00f6\u00f6n<\/h2>\n<p>Synteettiset lenkkarit( Ref-nauhat) * valmistettu korkealaatuisista tekstiileist\u00e4 ja verkosta, mik\u00e4 tarjoaa erinomaisen ilmanvaihdon, keveyden ja mukavuuden p\u00e4ivitt\u00e4isess\u00e4 k\u00e4yt\u00f6ss\u00e4. Malli on ihanteellinen kaupunkityyliin, k\u00e4velyyn ja ulkoiluun. Nauhoituksen avulla voit s\u00e4\u00e4t\u00e4\u00e4 istuvuutta tarkasti, ja moderni muotoilu tekee tennareista tyylikk\u00e4\u00e4n lis\u00e4yksen mihin tahansa lookiin. Valmistettu Vietnamissa, niiss\u00e4 yhdistyv\u00e4t edullinen hinta ja luotettava laatu. Synth Ref * on k\u00e4yt\u00e4nn\u00f6llinen ja muodikas valinta aktiiviseen el\u00e4m\u00e4\u00e4n.<\/p>\n","protected":false},"excerpt":{"rendered":"<p>Synteettiset lenkkarit( Ref-nauhat) * valmistettu korkealaatuisista tekstiileist\u00e4 ja verkosta, mik\u00e4 tarjoaa erinomaisen ilmanvaihdon, keveyden ja mukavuuden p\u00e4ivitt\u00e4isess\u00e4 k\u00e4yt\u00f6ss\u00e4. Malli on ihanteellinen kaupunkityyliin, k\u00e4velyyn ja ulkoiluun. Nauhoituksen avulla voit s\u00e4\u00e4t\u00e4\u00e4 istuvuutta tarkasti, ja moderni muotoilu tekee tennareista tyylikk\u00e4\u00e4n lis\u00e4yksen mihin tahansa lookiin. Valmistettu Vietnamissa, niiss\u00e4 yhdistyv\u00e4t edullinen hinta ja luotettava laatu. Synth Ref * on k\u00e4yt\u00e4nn\u00f6llinen ja muodikas valinta aktiiviseen el\u00e4m\u00e4\u00e4n.<\/p>\n","protected":false},"featured_media":728318,"comment_status":"open","ping_status":"open","template":"","meta":[],"product_brand":[],"product_cat":[3199,3200],"product_tag":[],"class_list":{"0":"post-728315","1":"product","2":"type-product","3":"status-publish","4":"has-post-thumbnail","6":"product_cat-all-product","7":"product_cat-krosivky","8":"pa_rozmir-910","9":"pa_rozmir-912","10":"pa_rozmir-914","11":"pa_rozmir-915","12":"pa_rozmir-916","13":"pa_rozmir-917","14":"pa_rozmir-918","15":"pa_rozmir-919","16":"pa_rozmir-920","17":"pa_rozmir-921","18":"pa_rozmir-922","20":"first","21":"instock","22":"purchasable","23":"product-type-variable"},"_links":{"self":[{"href":"https:\/\/nextsnkr.com\/fi\/wp-json\/wp\/v2\/product\/728315","targetHints":{"allow":["GET"]}}],"collection":[{"href":"https:\/\/nextsnkr.com\/fi\/wp-json\/wp\/v2\/product"}],"about":[{"href":"https:\/\/nextsnkr.com\/fi\/wp-json\/wp\/v2\/types\/product"}],"replies":[{"embeddable":true,"href":"https:\/\/nextsnkr.com\/fi\/wp-json\/wp\/v2\/comments?post=728315"}],"version-history":[{"count":0,"href":"https:\/\/nextsnkr.com\/fi\/wp-json\/wp\/v2\/product\/728315\/revisions"}],"wp:featuredmedia":[{"embeddable":true,"href":"https:\/\/nextsnkr.com\/fi\/wp-json\/wp\/v2\/media\/728318"}],"wp:attachment":[{"href":"https:\/\/nextsnkr.com\/fi\/wp-json\/wp\/v2\/media?parent=728315"}],"wp:term":[{"taxonomy":"product_brand","embeddable":true,"href":"https:\/\/nextsnkr.com\/fi\/wp-json\/wp\/v2\/product_brand?post=728315"},{"taxonomy":"product_cat","embeddable":true,"href":"https:\/\/nextsnkr.com\/fi\/wp-json\/wp\/v2\/product_cat?post=728315"},{"taxonomy":"product_tag","embeddable":true,"href":"https:\/\/nextsnkr.com\/fi\/wp-json\/wp\/v2\/product_tag?post=728315"}],"curies":[{"name":"wp","href":"https:\/\/api.w.org\/{rel}","templated":true}]}}