{"id":727719,"date":"2025-06-14T16:53:39","date_gmt":"2025-06-14T13:53:39","guid":{"rendered":"https:\/\/nextsnkr.com\/product\/yeezy-boost-350-static-reflective\/"},"modified":"2026-01-30T19:46:21","modified_gmt":"2026-01-30T16:46:21","slug":"yeezy-boost-350-static-reflective","status":"publish","type":"product","link":"https:\/\/nextsnkr.com\/fi\/tuote\/yeezy-boost-350-static-reflective\/","title":{"rendered":"Yeezy BOOST 350 staattiset heijastavat tennarit-tekstiili\u00e4 heijastavilla"},"content":{"rendered":"<h2>Yeezy BOOST 350 staattiset heijastavat tennarit-tekstiili\u00e4 heijastavilla<\/h2>\n<p>Yeezy BOOST 350 staattiset heijastavat tennarit yhdist\u00e4v\u00e4t tyylin, mukavuuden ja innovatiiviset materiaalit. Heijastavilla elementeill\u00e4 varustettu tekstiilip\u00e4\u00e4llinen tarjoaa n\u00e4kyvyyden pime\u00e4ss\u00e4 ja modernin ilmeen, kun taas kevyt pohja takaa pehmustuksen ja mukavuuden k\u00e4velless\u00e4. Ihanteellinen aktiiviseen kaupunkiel\u00e4m\u00e4\u00e4n ja urheilulliseen tyyliin. Valmistaja on Vietnam. Valitse Yeezy BOOST 350 Staattinen heijastava yhdistelm\u00e4 trendik\u00e4st\u00e4 muotoilua, mukavuutta ja korkeaa laatua.<\/p>\n","protected":false},"excerpt":{"rendered":"<p>Yeezy BOOST 350 staattiset heijastavat tennarit yhdist\u00e4v\u00e4t tyylin, mukavuuden ja innovatiiviset materiaalit. Heijastavilla elementeill\u00e4 varustettu tekstiilip\u00e4\u00e4llinen tarjoaa n\u00e4kyvyyden pime\u00e4ss\u00e4 ja modernin ilmeen, kun taas kevyt pohja takaa pehmustuksen ja mukavuuden k\u00e4velless\u00e4. Ihanteellinen aktiiviseen kaupunkiel\u00e4m\u00e4\u00e4n ja urheilulliseen tyyliin. Valmistaja on Vietnam. Valitse Yeezy BOOST 350 Staattinen heijastava yhdistelm\u00e4 trendik\u00e4st\u00e4 muotoilua, mukavuutta ja korkeaa laatua.<\/p>\n","protected":false},"featured_media":727720,"comment_status":"open","ping_status":"open","template":"","meta":[],"product_brand":[],"product_cat":[3396,3199,3200],"product_tag":[],"class_list":{"0":"post-727719","1":"product","2":"type-product","3":"status-publish","4":"has-post-thumbnail","6":"product_cat-adidas-yeezy","7":"product_cat-all-product","8":"product_cat-krosivky","9":"pa_rozmir-910","10":"pa_rozmir-912","11":"pa_rozmir-914","12":"pa_rozmir-915","13":"pa_rozmir-916","14":"pa_rozmir-917","15":"pa_rozmir-918","16":"pa_rozmir-919","17":"pa_rozmir-920","18":"pa_rozmir-921","19":"pa_rozmir-922","21":"first","22":"onbackorder","23":"purchasable","24":"product-type-variable"},"_links":{"self":[{"href":"https:\/\/nextsnkr.com\/fi\/wp-json\/wp\/v2\/product\/727719","targetHints":{"allow":["GET"]}}],"collection":[{"href":"https:\/\/nextsnkr.com\/fi\/wp-json\/wp\/v2\/product"}],"about":[{"href":"https:\/\/nextsnkr.com\/fi\/wp-json\/wp\/v2\/types\/product"}],"replies":[{"embeddable":true,"href":"https:\/\/nextsnkr.com\/fi\/wp-json\/wp\/v2\/comments?post=727719"}],"version-history":[{"count":0,"href":"https:\/\/nextsnkr.com\/fi\/wp-json\/wp\/v2\/product\/727719\/revisions"}],"wp:featuredmedia":[{"embeddable":true,"href":"https:\/\/nextsnkr.com\/fi\/wp-json\/wp\/v2\/media\/727720"}],"wp:attachment":[{"href":"https:\/\/nextsnkr.com\/fi\/wp-json\/wp\/v2\/media?parent=727719"}],"wp:term":[{"taxonomy":"product_brand","embeddable":true,"href":"https:\/\/nextsnkr.com\/fi\/wp-json\/wp\/v2\/product_brand?post=727719"},{"taxonomy":"product_cat","embeddable":true,"href":"https:\/\/nextsnkr.com\/fi\/wp-json\/wp\/v2\/product_cat?post=727719"},{"taxonomy":"product_tag","embeddable":true,"href":"https:\/\/nextsnkr.com\/fi\/wp-json\/wp\/v2\/product_tag?post=727719"}],"curies":[{"name":"wp","href":"https:\/\/api.w.org\/{rel}","templated":true}]}}