{"id":727122,"date":"2025-06-14T21:23:28","date_gmt":"2025-06-14T18:23:28","guid":{"rendered":"https:\/\/nextsnkr.com\/product\/350-black-full-ref-premium\/"},"modified":"2026-01-30T19:45:54","modified_gmt":"2026-01-30T16:45:54","slug":"350-black-full-ref-premium","status":"publish","type":"product","link":"https:\/\/nextsnkr.com\/fi\/tuote\/350-black-full-ref-premium\/","title":{"rendered":"350 Mustat Full Ref Premium-tennarit tekstiilist\u00e4 ja verkosta"},"content":{"rendered":"<h2>350 Mustat Full Ref Premium-tennarit tekstiilist\u00e4 ja verkosta<\/h2>\n<p>350 Musta Full Ref Premium-tyylikk\u00e4\u00e4t tekstiili-ja verkkokeng\u00e4t, jotka tarjoavat keveytt\u00e4, mukavuutta ja erinomaista ilmanvaihtoa. T\u00e4ysin musta muotoilu lis\u00e4\u00e4 monipuolisuutta ja modernia ilmett\u00e4, joka sopii helposti erilaisiin vaatteisiin. Iskuja vaimentava pohja takaa mukavuuden p\u00e4ivitt\u00e4isess\u00e4 k\u00e4yt\u00f6ss\u00e4, kun taas korkealaatuiset materiaalit takaavat kest\u00e4vyyden. Vietnamissa valmistetut lenkkarit ovat k\u00e4yt\u00e4nn\u00f6llinen ja tyylik\u00e4s valinta aktiiviseen kaupunkiel\u00e4m\u00e4\u00e4n.<\/p>\n","protected":false},"excerpt":{"rendered":"<p>350 Musta Full Ref Premium-tyylikk\u00e4\u00e4t tekstiili-ja verkkokeng\u00e4t, jotka tarjoavat keveytt\u00e4, mukavuutta ja erinomaista ilmanvaihtoa. T\u00e4ysin musta muotoilu lis\u00e4\u00e4 monipuolisuutta ja modernia ilmett\u00e4, joka sopii helposti erilaisiin vaatteisiin. Iskuja vaimentava pohja takaa mukavuuden p\u00e4ivitt\u00e4isess\u00e4 k\u00e4yt\u00f6ss\u00e4, kun taas korkealaatuiset materiaalit takaavat kest\u00e4vyyden. Vietnamissa valmistetut lenkkarit ovat k\u00e4yt\u00e4nn\u00f6llinen ja tyylik\u00e4s valinta aktiiviseen kaupunkiel\u00e4m\u00e4\u00e4n.<\/p>\n","protected":false},"featured_media":727126,"comment_status":"open","ping_status":"open","template":"","meta":[],"product_brand":[],"product_cat":[3199,3200],"product_tag":[],"class_list":{"0":"post-727122","1":"product","2":"type-product","3":"status-publish","4":"has-post-thumbnail","6":"product_cat-all-product","7":"product_cat-krosivky","8":"pa_rozmir-910","9":"pa_rozmir-912","10":"pa_rozmir-914","11":"pa_rozmir-915","12":"pa_rozmir-916","13":"pa_rozmir-917","14":"pa_rozmir-918","15":"pa_rozmir-919","16":"pa_rozmir-920","17":"pa_rozmir-921","18":"pa_rozmir-922","20":"first","21":"instock","22":"purchasable","23":"product-type-variable"},"_links":{"self":[{"href":"https:\/\/nextsnkr.com\/fi\/wp-json\/wp\/v2\/product\/727122","targetHints":{"allow":["GET"]}}],"collection":[{"href":"https:\/\/nextsnkr.com\/fi\/wp-json\/wp\/v2\/product"}],"about":[{"href":"https:\/\/nextsnkr.com\/fi\/wp-json\/wp\/v2\/types\/product"}],"replies":[{"embeddable":true,"href":"https:\/\/nextsnkr.com\/fi\/wp-json\/wp\/v2\/comments?post=727122"}],"version-history":[{"count":0,"href":"https:\/\/nextsnkr.com\/fi\/wp-json\/wp\/v2\/product\/727122\/revisions"}],"wp:featuredmedia":[{"embeddable":true,"href":"https:\/\/nextsnkr.com\/fi\/wp-json\/wp\/v2\/media\/727126"}],"wp:attachment":[{"href":"https:\/\/nextsnkr.com\/fi\/wp-json\/wp\/v2\/media?parent=727122"}],"wp:term":[{"taxonomy":"product_brand","embeddable":true,"href":"https:\/\/nextsnkr.com\/fi\/wp-json\/wp\/v2\/product_brand?post=727122"},{"taxonomy":"product_cat","embeddable":true,"href":"https:\/\/nextsnkr.com\/fi\/wp-json\/wp\/v2\/product_cat?post=727122"},{"taxonomy":"product_tag","embeddable":true,"href":"https:\/\/nextsnkr.com\/fi\/wp-json\/wp\/v2\/product_tag?post=727122"}],"curies":[{"name":"wp","href":"https:\/\/api.w.org\/{rel}","templated":true}]}}