{"id":726873,"date":"2025-06-14T21:24:17","date_gmt":"2025-06-14T18:24:17","guid":{"rendered":"https:\/\/nextsnkr.com\/product\/350-tail-light\/"},"modified":"2026-01-30T19:45:44","modified_gmt":"2026-01-30T16:45:44","slug":"350-tail-light","status":"publish","type":"product","link":"https:\/\/nextsnkr.com\/fi\/tuote\/350-tail-light\/","title":{"rendered":"350 Takavalo lenkkarit-miesten tekstiililenkkarit"},"content":{"rendered":"<h2>350 Takavalo lenkkarit-miesten tekstiililenkkarit<\/h2>\n<p>350 Takavalo lenkkarit ovat tyylikk\u00e4\u00e4t miesten tennarit, jotka on Valmistettu tekstiilist\u00e4 ja verkosta, ja ne tarjoavat keveytt\u00e4, ilmanvaihtoa ja mukavuutta k\u00e4ytett\u00e4ess\u00e4. Malli on ihanteellinen p\u00e4ivitt\u00e4iseen k\u00e4ytt\u00f6\u00f6n, k\u00e4velyyn ja ulkoiluun. Iskuja vaimentava pohja takaa mukavuuden k\u00e4velless\u00e4, ja moderni muotoilu lis\u00e4\u00e4 ilmeeseen dynaamisuutta ja trendikkyytt\u00e4. Tuotanto Vietnamissa vahvistaa materiaalien laadun ja kest\u00e4vyyden. Valitse 350 Takavalo, jotta saat tyylikk\u00e4\u00e4n ja mukavan ilmeen p\u00e4ivitt\u00e4in.<\/p>\n","protected":false},"excerpt":{"rendered":"<p>350 Takavalo lenkkarit ovat tyylikk\u00e4\u00e4t miesten tennarit, jotka on Valmistettu tekstiilist\u00e4 ja verkosta, ja ne tarjoavat keveytt\u00e4, ilmanvaihtoa ja mukavuutta k\u00e4ytett\u00e4ess\u00e4. Malli on ihanteellinen p\u00e4ivitt\u00e4iseen k\u00e4ytt\u00f6\u00f6n, k\u00e4velyyn ja ulkoiluun. Iskuja vaimentava pohja takaa mukavuuden k\u00e4velless\u00e4, ja moderni muotoilu lis\u00e4\u00e4 ilmeeseen dynaamisuutta ja trendikkyytt\u00e4. Tuotanto Vietnamissa vahvistaa materiaalien laadun ja kest\u00e4vyyden. Valitse 350 Takavalo, jotta saat tyylikk\u00e4\u00e4n ja mukavan ilmeen p\u00e4ivitt\u00e4in.<\/p>\n","protected":false},"featured_media":726874,"comment_status":"open","ping_status":"open","template":"","meta":[],"product_brand":[],"product_cat":[3199,3200],"product_tag":[],"class_list":{"0":"post-726873","1":"product","2":"type-product","3":"status-publish","4":"has-post-thumbnail","6":"product_cat-all-product","7":"product_cat-krosivky","8":"pa_rozmir-910","9":"pa_rozmir-912","10":"pa_rozmir-914","11":"pa_rozmir-915","12":"pa_rozmir-916","13":"pa_rozmir-917","14":"pa_rozmir-918","15":"pa_rozmir-919","16":"pa_rozmir-920","17":"pa_rozmir-921","18":"pa_rozmir-922","20":"first","21":"instock","22":"purchasable","23":"product-type-variable"},"_links":{"self":[{"href":"https:\/\/nextsnkr.com\/fi\/wp-json\/wp\/v2\/product\/726873","targetHints":{"allow":["GET"]}}],"collection":[{"href":"https:\/\/nextsnkr.com\/fi\/wp-json\/wp\/v2\/product"}],"about":[{"href":"https:\/\/nextsnkr.com\/fi\/wp-json\/wp\/v2\/types\/product"}],"replies":[{"embeddable":true,"href":"https:\/\/nextsnkr.com\/fi\/wp-json\/wp\/v2\/comments?post=726873"}],"version-history":[{"count":0,"href":"https:\/\/nextsnkr.com\/fi\/wp-json\/wp\/v2\/product\/726873\/revisions"}],"wp:featuredmedia":[{"embeddable":true,"href":"https:\/\/nextsnkr.com\/fi\/wp-json\/wp\/v2\/media\/726874"}],"wp:attachment":[{"href":"https:\/\/nextsnkr.com\/fi\/wp-json\/wp\/v2\/media?parent=726873"}],"wp:term":[{"taxonomy":"product_brand","embeddable":true,"href":"https:\/\/nextsnkr.com\/fi\/wp-json\/wp\/v2\/product_brand?post=726873"},{"taxonomy":"product_cat","embeddable":true,"href":"https:\/\/nextsnkr.com\/fi\/wp-json\/wp\/v2\/product_cat?post=726873"},{"taxonomy":"product_tag","embeddable":true,"href":"https:\/\/nextsnkr.com\/fi\/wp-json\/wp\/v2\/product_tag?post=726873"}],"curies":[{"name":"wp","href":"https:\/\/api.w.org\/{rel}","templated":true}]}}