{"id":726365,"date":"2025-06-14T21:25:57","date_gmt":"2025-06-14T18:25:57","guid":{"rendered":"https:\/\/nextsnkr.com\/product\/yeezy-700-v3-azael\/"},"modified":"2026-01-30T19:45:30","modified_gmt":"2026-01-30T16:45:30","slug":"yeezy-700-v3-azael","status":"publish","type":"product","link":"https:\/\/nextsnkr.com\/fi\/tuote\/yeezy-700-v3-azael\/","title":{"rendered":"Yeezy 700 V3 Azael tennarit-tekstiiliset Miesten Urheilukeng\u00e4t"},"content":{"rendered":"<h2>Yeezy 700 V3 Azael tennarit-tekstiiliset Miesten Urheilukeng\u00e4t<\/h2>\n<p>Yeezy 700 V3 Azael on moderni tekstiili &#8211; ja verkkojuoksukenk\u00e4, joka tarjoaa maksimaalisen ilmanvaihdon ja mukavuuden k\u00e4yt\u00f6n aikana. Tyylik\u00e4s muotoilu Azaelin tummissa s\u00e4vyiss\u00e4 korostaa yksil\u00f6llisyytt\u00e4 ja modernia kaupunkityyli\u00e4. Vietnamissa valmistetuille lenkkareille on ominaista keveys, pohjan lujuus ja mukava istuvuus jalassa. T\u00e4ydellinen valinta aktiiviseen el\u00e4m\u00e4ntapaan, k\u00e4velyyn ja vapaa-aikaan, jossa yhdistyv\u00e4t tyyli ja toiminnallisuus.<\/p>\n","protected":false},"excerpt":{"rendered":"<p>Yeezy 700 V3 Azael on moderni tekstiili &#8211; ja verkkojuoksukenk\u00e4, joka tarjoaa maksimaalisen ilmanvaihdon ja mukavuuden k\u00e4yt\u00f6n aikana. Tyylik\u00e4s muotoilu Azaelin tummissa s\u00e4vyiss\u00e4 korostaa yksil\u00f6llisyytt\u00e4 ja modernia kaupunkityyli\u00e4. Vietnamissa valmistetuille lenkkareille on ominaista keveys, pohjan lujuus ja mukava istuvuus jalassa. T\u00e4ydellinen valinta aktiiviseen el\u00e4m\u00e4ntapaan, k\u00e4velyyn ja vapaa-aikaan, jossa yhdistyv\u00e4t tyyli ja toiminnallisuus.<\/p>\n","protected":false},"featured_media":726366,"comment_status":"open","ping_status":"open","template":"","meta":[],"product_brand":[],"product_cat":[3396,3199,3200],"product_tag":[],"class_list":{"0":"post-726365","1":"product","2":"type-product","3":"status-publish","4":"has-post-thumbnail","6":"product_cat-adidas-yeezy","7":"product_cat-all-product","8":"product_cat-krosivky","9":"pa_rozmir-910","10":"pa_rozmir-912","11":"pa_rozmir-914","12":"pa_rozmir-915","13":"pa_rozmir-916","14":"pa_rozmir-917","15":"pa_rozmir-918","16":"pa_rozmir-919","17":"pa_rozmir-920","18":"pa_rozmir-921","19":"pa_rozmir-922","21":"first","22":"onbackorder","23":"purchasable","24":"product-type-variable"},"_links":{"self":[{"href":"https:\/\/nextsnkr.com\/fi\/wp-json\/wp\/v2\/product\/726365","targetHints":{"allow":["GET"]}}],"collection":[{"href":"https:\/\/nextsnkr.com\/fi\/wp-json\/wp\/v2\/product"}],"about":[{"href":"https:\/\/nextsnkr.com\/fi\/wp-json\/wp\/v2\/types\/product"}],"replies":[{"embeddable":true,"href":"https:\/\/nextsnkr.com\/fi\/wp-json\/wp\/v2\/comments?post=726365"}],"version-history":[{"count":0,"href":"https:\/\/nextsnkr.com\/fi\/wp-json\/wp\/v2\/product\/726365\/revisions"}],"wp:featuredmedia":[{"embeddable":true,"href":"https:\/\/nextsnkr.com\/fi\/wp-json\/wp\/v2\/media\/726366"}],"wp:attachment":[{"href":"https:\/\/nextsnkr.com\/fi\/wp-json\/wp\/v2\/media?parent=726365"}],"wp:term":[{"taxonomy":"product_brand","embeddable":true,"href":"https:\/\/nextsnkr.com\/fi\/wp-json\/wp\/v2\/product_brand?post=726365"},{"taxonomy":"product_cat","embeddable":true,"href":"https:\/\/nextsnkr.com\/fi\/wp-json\/wp\/v2\/product_cat?post=726365"},{"taxonomy":"product_tag","embeddable":true,"href":"https:\/\/nextsnkr.com\/fi\/wp-json\/wp\/v2\/product_tag?post=726365"}],"curies":[{"name":"wp","href":"https:\/\/api.w.org\/{rel}","templated":true}]}}