{"id":724672,"date":"2025-06-16T20:49:43","date_gmt":"2025-06-16T17:49:43","guid":{"rendered":"https:\/\/nextsnkr.com\/product\/nike-dunk-low-sp-ceramic-and-veneer\/"},"modified":"2026-01-30T19:44:43","modified_gmt":"2026-01-30T16:44:43","slug":"nike-dunk-low-sp-ceramic-and-veneer","status":"publish","type":"product","link":"https:\/\/nextsnkr.com\/fi\/tuote\/nike-dunk-low-sp-ceramic-and-veneer\/","title":{"rendered":"Nike Dunk Low SP keraaminen \/ viilu lenkkarit-mokka-Tekstiili tyylik\u00e4s"},"content":{"rendered":"<h2>Nike Dunk Low SP keraaminen \/ viilu lenkkarit-mokka-Tekstiili tyylik\u00e4s<\/h2>\n<p>Nike Dunk Low SP Ceramic \/ viilu tennarit on valmistettu korkealaatuisesta mokkanahasta ja tekstiilist\u00e4, mik\u00e4 tarjoaa mukavuutta, keveytt\u00e4 ja kest\u00e4vyytt\u00e4 p\u00e4ivitt\u00e4iseen k\u00e4ytt\u00f6\u00f6n. Moderni muotoilu sek\u00e4 keraamisen ja viilun v\u00e4rien yhdistelm\u00e4 tekev\u00e4t mallista havaittavan ja trendikk\u00e4\u00e4n. Kevyt iskuja vaimentava pohja takaa mukavuuden k\u00e4velylenkeill\u00e4 ja aktiivisessa kaupunkiel\u00e4m\u00e4ss\u00e4. Valmistaja on factory Vietnam. Valitse Nike Dunk Low sp saadaksesi yhdistelm\u00e4n tyyli\u00e4, mukavuutta ja korkeaa laatua.<\/p>\n","protected":false},"excerpt":{"rendered":"<p>Nike Dunk Low SP Ceramic \/ viilu tennarit on valmistettu korkealaatuisesta mokkanahasta ja tekstiilist\u00e4, mik\u00e4 tarjoaa mukavuutta, keveytt\u00e4 ja kest\u00e4vyytt\u00e4 p\u00e4ivitt\u00e4iseen k\u00e4ytt\u00f6\u00f6n. Moderni muotoilu sek\u00e4 keraamisen ja viilun v\u00e4rien yhdistelm\u00e4 tekev\u00e4t mallista havaittavan ja trendikk\u00e4\u00e4n. Kevyt iskuja vaimentava pohja takaa mukavuuden k\u00e4velylenkeill\u00e4 ja aktiivisessa kaupunkiel\u00e4m\u00e4ss\u00e4. Valmistaja on factory Vietnam. Valitse Nike Dunk Low sp saadaksesi yhdistelm\u00e4n tyyli\u00e4, mukavuutta ja korkeaa laatua.<\/p>\n","protected":false},"featured_media":724673,"comment_status":"open","ping_status":"open","template":"","meta":[],"product_brand":[],"product_cat":[3199,3318],"product_tag":[],"class_list":{"0":"post-724672","1":"product","2":"type-product","3":"status-publish","4":"has-post-thumbnail","6":"product_cat-all-product","7":"product_cat-kedy","8":"pa_rozmir-910","9":"pa_rozmir-912","10":"pa_rozmir-914","11":"pa_rozmir-915","12":"pa_rozmir-916","13":"pa_rozmir-917","14":"pa_rozmir-918","15":"pa_rozmir-919","16":"pa_rozmir-920","17":"pa_rozmir-921","18":"pa_rozmir-922","20":"first","21":"onbackorder","22":"purchasable","23":"product-type-variable"},"_links":{"self":[{"href":"https:\/\/nextsnkr.com\/fi\/wp-json\/wp\/v2\/product\/724672","targetHints":{"allow":["GET"]}}],"collection":[{"href":"https:\/\/nextsnkr.com\/fi\/wp-json\/wp\/v2\/product"}],"about":[{"href":"https:\/\/nextsnkr.com\/fi\/wp-json\/wp\/v2\/types\/product"}],"replies":[{"embeddable":true,"href":"https:\/\/nextsnkr.com\/fi\/wp-json\/wp\/v2\/comments?post=724672"}],"version-history":[{"count":0,"href":"https:\/\/nextsnkr.com\/fi\/wp-json\/wp\/v2\/product\/724672\/revisions"}],"wp:featuredmedia":[{"embeddable":true,"href":"https:\/\/nextsnkr.com\/fi\/wp-json\/wp\/v2\/media\/724673"}],"wp:attachment":[{"href":"https:\/\/nextsnkr.com\/fi\/wp-json\/wp\/v2\/media?parent=724672"}],"wp:term":[{"taxonomy":"product_brand","embeddable":true,"href":"https:\/\/nextsnkr.com\/fi\/wp-json\/wp\/v2\/product_brand?post=724672"},{"taxonomy":"product_cat","embeddable":true,"href":"https:\/\/nextsnkr.com\/fi\/wp-json\/wp\/v2\/product_cat?post=724672"},{"taxonomy":"product_tag","embeddable":true,"href":"https:\/\/nextsnkr.com\/fi\/wp-json\/wp\/v2\/product_tag?post=724672"}],"curies":[{"name":"wp","href":"https:\/\/api.w.org\/{rel}","templated":true}]}}