{"id":722428,"date":"2025-06-16T20:55:26","date_gmt":"2025-06-16T17:55:26","guid":{"rendered":"https:\/\/nextsnkr.com\/product\/nike-sb-dunk-pro-x-why-so-sad-the-predatory-bird\/"},"modified":"2026-01-30T19:43:29","modified_gmt":"2026-01-30T16:43:29","slug":"nike-sb-dunk-pro-x-why-so-sad-the-predatory-bird","status":"publish","type":"product","link":"https:\/\/nextsnkr.com\/fi\/tuote\/nike-sb-dunk-pro-x-why-so-sad-the-predatory-bird\/","title":{"rendered":"Nike SB Dunk Pro X lenkkarit miksi niin surullinen &#8221;petolintu&#8221; &#8211; tyylik\u00e4s nahka"},"content":{"rendered":"<h2>Nike SB Dunk Pro X lenkkarit miksi niin surullinen &#8221;petolintu&#8221; &#8211; tyylik\u00e4s nahka<\/h2>\n<p>Nike SB Dunk Pro X Sneakers Why so Sad &#8217;the Predatory Bird&#8217; are premium leather sneakers for active style and daily wear. Malli on valmistettu korkealaatuisesta nahasta, joka tarjoaa kest\u00e4vyytt\u00e4, mukavuutta ja luotettavaa jalkatukea. &#8221;Petolinnun&#8221; ainutlaatuinen muotoilu lis\u00e4\u00e4 ulkoasuun omaper\u00e4isyytt\u00e4 ja nykyaikaisuutta, mik\u00e4 tekee lenkkareista halutun lis\u00e4varusteen eksklusiivisen tyylin yst\u00e4ville. Vietnamissa valmistetut lenkkarit yhdist\u00e4v\u00e4t legendaarisen Nike-br\u00e4ndin, ensiluokkaisen laadun ja mukavuuden jokaisessa yksityiskohdassa.<\/p>\n","protected":false},"excerpt":{"rendered":"<p>Nike SB Dunk Pro X Sneakers Why so Sad &#8217;the Predatory Bird&#8217; are premium leather sneakers for active style and daily wear. Malli on valmistettu korkealaatuisesta nahasta, joka tarjoaa kest\u00e4vyytt\u00e4, mukavuutta ja luotettavaa jalkatukea. &#8221;Petolinnun&#8221; ainutlaatuinen muotoilu lis\u00e4\u00e4 ulkoasuun omaper\u00e4isyytt\u00e4 ja nykyaikaisuutta, mik\u00e4 tekee lenkkareista halutun lis\u00e4varusteen eksklusiivisen tyylin yst\u00e4ville. Vietnamissa valmistetut lenkkarit yhdist\u00e4v\u00e4t legendaarisen Nike-br\u00e4ndin, ensiluokkaisen laadun ja mukavuuden jokaisessa yksityiskohdassa.<\/p>\n","protected":false},"featured_media":722432,"comment_status":"open","ping_status":"open","template":"","meta":[],"product_brand":[],"product_cat":[3199,3318],"product_tag":[],"class_list":{"0":"post-722428","1":"product","2":"type-product","3":"status-publish","4":"has-post-thumbnail","6":"product_cat-all-product","7":"product_cat-kedy","8":"pa_rozmir-910","9":"pa_rozmir-912","10":"pa_rozmir-914","11":"pa_rozmir-915","12":"pa_rozmir-916","13":"pa_rozmir-917","14":"pa_rozmir-918","15":"pa_rozmir-919","16":"pa_rozmir-920","17":"pa_rozmir-921","18":"pa_rozmir-922","20":"first","21":"onbackorder","22":"purchasable","23":"product-type-variable"},"_links":{"self":[{"href":"https:\/\/nextsnkr.com\/fi\/wp-json\/wp\/v2\/product\/722428","targetHints":{"allow":["GET"]}}],"collection":[{"href":"https:\/\/nextsnkr.com\/fi\/wp-json\/wp\/v2\/product"}],"about":[{"href":"https:\/\/nextsnkr.com\/fi\/wp-json\/wp\/v2\/types\/product"}],"replies":[{"embeddable":true,"href":"https:\/\/nextsnkr.com\/fi\/wp-json\/wp\/v2\/comments?post=722428"}],"version-history":[{"count":0,"href":"https:\/\/nextsnkr.com\/fi\/wp-json\/wp\/v2\/product\/722428\/revisions"}],"wp:featuredmedia":[{"embeddable":true,"href":"https:\/\/nextsnkr.com\/fi\/wp-json\/wp\/v2\/media\/722432"}],"wp:attachment":[{"href":"https:\/\/nextsnkr.com\/fi\/wp-json\/wp\/v2\/media?parent=722428"}],"wp:term":[{"taxonomy":"product_brand","embeddable":true,"href":"https:\/\/nextsnkr.com\/fi\/wp-json\/wp\/v2\/product_brand?post=722428"},{"taxonomy":"product_cat","embeddable":true,"href":"https:\/\/nextsnkr.com\/fi\/wp-json\/wp\/v2\/product_cat?post=722428"},{"taxonomy":"product_tag","embeddable":true,"href":"https:\/\/nextsnkr.com\/fi\/wp-json\/wp\/v2\/product_tag?post=722428"}],"curies":[{"name":"wp","href":"https:\/\/api.w.org\/{rel}","templated":true}]}}