{"id":721272,"date":"2025-06-14T17:08:06","date_gmt":"2025-06-14T14:08:06","guid":{"rendered":"https:\/\/nextsnkr.com\/product\/740-metallic-lilac-premium\/"},"modified":"2026-01-30T19:42:58","modified_gmt":"2026-01-30T16:42:58","slug":"740-metallic-lilac-premium","status":"publish","type":"product","link":"https:\/\/nextsnkr.com\/fi\/tuote\/740-metallic-lilac-premium\/","title":{"rendered":"740 metalliset Lila Premium nahka-ja tekstiililenkkarit"},"content":{"rendered":"<h2>740 metalliset Lila Premium nahka-ja tekstiililenkkarit<\/h2>\n<p>740 Metallic Lilac Premium-lenkkareissa yhdistyv\u00e4t kevyet tekstiilit ja luonnollinen nahka, jotka tarjoavat mukavuutta, kest\u00e4vyytt\u00e4 ja tyylikk\u00e4\u00e4n ilmeen. Metallinen violetti s\u00e4vy lis\u00e4\u00e4 malliin trendikkyytt\u00e4 ja tekee siit\u00e4 kirkkaan aksentin miss\u00e4 tahansa kuvassa. Iskuja vaimentava pohja tarjoaa mukavuutta k\u00e4velyn ja aktiivisen p\u00e4ivitt\u00e4isen k\u00e4yt\u00f6n aikana. Ihanteellinen valinta niille, jotka arvostavat modernia muotoilua, laatua ja ensiluokkaisia materiaaleja. Valmistaja: Vietnam. SKU: 1169-1066751<\/p>\n","protected":false},"excerpt":{"rendered":"<p>740 Metallic Lilac Premium-lenkkareissa yhdistyv\u00e4t kevyet tekstiilit ja luonnollinen nahka, jotka tarjoavat mukavuutta, kest\u00e4vyytt\u00e4 ja tyylikk\u00e4\u00e4n ilmeen. Metallinen violetti s\u00e4vy lis\u00e4\u00e4 malliin trendikkyytt\u00e4 ja tekee siit\u00e4 kirkkaan aksentin miss\u00e4 tahansa kuvassa. Iskuja vaimentava pohja tarjoaa mukavuutta k\u00e4velyn ja aktiivisen p\u00e4ivitt\u00e4isen k\u00e4yt\u00f6n aikana. Ihanteellinen valinta niille, jotka arvostavat modernia muotoilua, laatua ja ensiluokkaisia materiaaleja. Valmistaja: Vietnam. SKU: 1169-1066751<\/p>\n","protected":false},"featured_media":721273,"comment_status":"open","ping_status":"open","template":"","meta":[],"product_brand":[],"product_cat":[3199,3200],"product_tag":[],"class_list":{"0":"post-721272","1":"product","2":"type-product","3":"status-publish","4":"has-post-thumbnail","6":"product_cat-all-product","7":"product_cat-krosivky","8":"pa_rozmir-910","9":"pa_rozmir-912","10":"pa_rozmir-914","11":"pa_rozmir-915","12":"pa_rozmir-916","13":"pa_rozmir-917","14":"pa_rozmir-918","15":"pa_rozmir-919","16":"pa_rozmir-920","17":"pa_rozmir-921","18":"pa_rozmir-922","20":"first","21":"onbackorder","22":"purchasable","23":"product-type-variable"},"_links":{"self":[{"href":"https:\/\/nextsnkr.com\/fi\/wp-json\/wp\/v2\/product\/721272","targetHints":{"allow":["GET"]}}],"collection":[{"href":"https:\/\/nextsnkr.com\/fi\/wp-json\/wp\/v2\/product"}],"about":[{"href":"https:\/\/nextsnkr.com\/fi\/wp-json\/wp\/v2\/types\/product"}],"replies":[{"embeddable":true,"href":"https:\/\/nextsnkr.com\/fi\/wp-json\/wp\/v2\/comments?post=721272"}],"version-history":[{"count":0,"href":"https:\/\/nextsnkr.com\/fi\/wp-json\/wp\/v2\/product\/721272\/revisions"}],"wp:featuredmedia":[{"embeddable":true,"href":"https:\/\/nextsnkr.com\/fi\/wp-json\/wp\/v2\/media\/721273"}],"wp:attachment":[{"href":"https:\/\/nextsnkr.com\/fi\/wp-json\/wp\/v2\/media?parent=721272"}],"wp:term":[{"taxonomy":"product_brand","embeddable":true,"href":"https:\/\/nextsnkr.com\/fi\/wp-json\/wp\/v2\/product_brand?post=721272"},{"taxonomy":"product_cat","embeddable":true,"href":"https:\/\/nextsnkr.com\/fi\/wp-json\/wp\/v2\/product_cat?post=721272"},{"taxonomy":"product_tag","embeddable":true,"href":"https:\/\/nextsnkr.com\/fi\/wp-json\/wp\/v2\/product_tag?post=721272"}],"curies":[{"name":"wp","href":"https:\/\/api.w.org\/{rel}","templated":true}]}}