{"id":720932,"date":"2025-06-14T17:08:56","date_gmt":"2025-06-14T14:08:56","guid":{"rendered":"https:\/\/nextsnkr.com\/product\/550-colored\/"},"modified":"2026-01-30T19:42:49","modified_gmt":"2026-01-30T16:42:49","slug":"550-colored","status":"publish","type":"product","link":"https:\/\/nextsnkr.com\/fi\/tuote\/550-colored\/","title":{"rendered":"550 v\u00e4rillinen lenkkarit-nahka ja tekstiilit, tyylik\u00e4s ja kirkas"},"content":{"rendered":"<h2>550 v\u00e4rillinen lenkkarit-nahka ja tekstiilit, tyylik\u00e4s ja kirkas<\/h2>\n<p>550 v\u00e4rilliset lenkkarit ovat kirkas ja mukava malli, jossa on yhdistelm\u00e4 nahkaa ja tekstiilej\u00e4, jotka on suunniteltu aktiiviseen p\u00e4ivitt\u00e4iseen k\u00e4ytt\u00f6\u00f6n. Laadukkaat materiaalit takaavat kest\u00e4vyyden ja mukavan istuvuuden, kun taas tyylik\u00e4s muotoilu lis\u00e4\u00e4 ilmeeseen nykyaikaisuutta ja persoonallisuutta. Vietnamilainen tuotanto takaa tarkan toteutuksen ja luotettavuuden. Valitse 550 v\u00e4rillinen lenkkarit yhdistelm\u00e4 mukavuutta, kirkkautta ja muodikasta tyyli\u00e4 jokaisessa vaiheessa.<\/p>\n","protected":false},"excerpt":{"rendered":"<p>550 v\u00e4rilliset lenkkarit ovat kirkas ja mukava malli, jossa on yhdistelm\u00e4 nahkaa ja tekstiilej\u00e4, jotka on suunniteltu aktiiviseen p\u00e4ivitt\u00e4iseen k\u00e4ytt\u00f6\u00f6n. Laadukkaat materiaalit takaavat kest\u00e4vyyden ja mukavan istuvuuden, kun taas tyylik\u00e4s muotoilu lis\u00e4\u00e4 ilmeeseen nykyaikaisuutta ja persoonallisuutta. Vietnamilainen tuotanto takaa tarkan toteutuksen ja luotettavuuden. Valitse 550 v\u00e4rillinen lenkkarit yhdistelm\u00e4 mukavuutta, kirkkautta ja muodikasta tyyli\u00e4 jokaisessa vaiheessa.<\/p>\n","protected":false},"featured_media":720933,"comment_status":"open","ping_status":"open","template":"","meta":[],"product_brand":[],"product_cat":[3199,3318],"product_tag":[],"class_list":{"0":"post-720932","1":"product","2":"type-product","3":"status-publish","4":"has-post-thumbnail","6":"product_cat-all-product","7":"product_cat-kedy","8":"pa_rozmir-910","9":"pa_rozmir-912","10":"pa_rozmir-914","11":"pa_rozmir-915","12":"pa_rozmir-916","13":"pa_rozmir-917","14":"pa_rozmir-918","15":"pa_rozmir-919","16":"pa_rozmir-920","17":"pa_rozmir-921","18":"pa_rozmir-922","20":"first","21":"instock","22":"purchasable","23":"product-type-variable"},"_links":{"self":[{"href":"https:\/\/nextsnkr.com\/fi\/wp-json\/wp\/v2\/product\/720932","targetHints":{"allow":["GET"]}}],"collection":[{"href":"https:\/\/nextsnkr.com\/fi\/wp-json\/wp\/v2\/product"}],"about":[{"href":"https:\/\/nextsnkr.com\/fi\/wp-json\/wp\/v2\/types\/product"}],"replies":[{"embeddable":true,"href":"https:\/\/nextsnkr.com\/fi\/wp-json\/wp\/v2\/comments?post=720932"}],"version-history":[{"count":0,"href":"https:\/\/nextsnkr.com\/fi\/wp-json\/wp\/v2\/product\/720932\/revisions"}],"wp:featuredmedia":[{"embeddable":true,"href":"https:\/\/nextsnkr.com\/fi\/wp-json\/wp\/v2\/media\/720933"}],"wp:attachment":[{"href":"https:\/\/nextsnkr.com\/fi\/wp-json\/wp\/v2\/media?parent=720932"}],"wp:term":[{"taxonomy":"product_brand","embeddable":true,"href":"https:\/\/nextsnkr.com\/fi\/wp-json\/wp\/v2\/product_brand?post=720932"},{"taxonomy":"product_cat","embeddable":true,"href":"https:\/\/nextsnkr.com\/fi\/wp-json\/wp\/v2\/product_cat?post=720932"},{"taxonomy":"product_tag","embeddable":true,"href":"https:\/\/nextsnkr.com\/fi\/wp-json\/wp\/v2\/product_tag?post=720932"}],"curies":[{"name":"wp","href":"https:\/\/api.w.org\/{rel}","templated":true}]}}