{"id":718835,"date":"2025-06-14T17:12:24","date_gmt":"2025-06-14T14:12:24","guid":{"rendered":"https:\/\/nextsnkr.com\/product\/air-jordan-retro-1-heather-grey-pink-premium\/"},"modified":"2026-01-30T19:41:41","modified_gmt":"2026-01-30T16:41:41","slug":"air-jordan-retro-1-heather-grey-pink-premium","status":"publish","type":"product","link":"https:\/\/nextsnkr.com\/fi\/tuote\/air-jordan-retro-1-heather-grey-pink-premium\/","title":{"rendered":"Air Jordan Retro 1 Heather Harmaa \/ vaaleanpunainen lenkkarit-nahka ja Tekstiili"},"content":{"rendered":"<h2>Air Jordan Retro 1 Heather Harmaa \/ vaaleanpunainen lenkkarit-nahka ja Tekstiili<\/h2>\n<p>Air Jordan Retro 1&#8243; Heather Grey \/ Pink &#8221; Premium lenkkarit ovatyhdistelm\u00e4 klassista ja modernia tyyli\u00e4. Malli on valmistettu kest\u00e4v\u00e4st\u00e4 nahasta ja hengitt\u00e4vist\u00e4 tekstiileist\u00e4, mik\u00e4 takaa mukavuuden, kest\u00e4vyyden ja jalan mukavan istuvuuden. Tyylik\u00e4s yhdistelm\u00e4 harmaan ja vaaleanpunaisen s\u00e4vyj\u00e4 lis\u00e4\u00e4 kuvaan persoonallisuutta ja kirkkautta. Luotettava ulkopohja takaa pehmusteen p\u00e4ivitt\u00e4isten k\u00e4velylenkkien tai urheiluaktiviteettien aikana. Valitse Air Jordan Retro 1-mukavuutta, tyyli\u00e4 ja arvovaltaa jokaisessa vaiheessa.<\/p>\n","protected":false},"excerpt":{"rendered":"<p>Air Jordan Retro 1&#8243; Heather Grey \/ Pink &#8221; Premium lenkkarit ovatyhdistelm\u00e4 klassista ja modernia tyyli\u00e4. Malli on valmistettu kest\u00e4v\u00e4st\u00e4 nahasta ja hengitt\u00e4vist\u00e4 tekstiileist\u00e4, mik\u00e4 takaa mukavuuden, kest\u00e4vyyden ja jalan mukavan istuvuuden. Tyylik\u00e4s yhdistelm\u00e4 harmaan ja vaaleanpunaisen s\u00e4vyj\u00e4 lis\u00e4\u00e4 kuvaan persoonallisuutta ja kirkkautta. Luotettava ulkopohja takaa pehmusteen p\u00e4ivitt\u00e4isten k\u00e4velylenkkien tai urheiluaktiviteettien aikana. Valitse Air Jordan Retro 1-mukavuutta, tyyli\u00e4 ja arvovaltaa jokaisessa vaiheessa.<\/p>\n","protected":false},"featured_media":718839,"comment_status":"open","ping_status":"open","template":"","meta":[],"product_brand":[],"product_cat":[3383,3199,3318],"product_tag":[],"class_list":{"0":"post-718835","1":"product","2":"type-product","3":"status-publish","4":"has-post-thumbnail","6":"product_cat-nike-jordan","7":"product_cat-all-product","8":"product_cat-kedy","9":"pa_rozmir-910","10":"pa_rozmir-912","11":"pa_rozmir-914","12":"pa_rozmir-915","13":"pa_rozmir-916","14":"pa_rozmir-917","15":"pa_rozmir-918","16":"pa_rozmir-919","17":"pa_rozmir-920","18":"pa_rozmir-921","19":"pa_rozmir-922","21":"first","22":"instock","23":"purchasable","24":"product-type-variable"},"_links":{"self":[{"href":"https:\/\/nextsnkr.com\/fi\/wp-json\/wp\/v2\/product\/718835","targetHints":{"allow":["GET"]}}],"collection":[{"href":"https:\/\/nextsnkr.com\/fi\/wp-json\/wp\/v2\/product"}],"about":[{"href":"https:\/\/nextsnkr.com\/fi\/wp-json\/wp\/v2\/types\/product"}],"replies":[{"embeddable":true,"href":"https:\/\/nextsnkr.com\/fi\/wp-json\/wp\/v2\/comments?post=718835"}],"version-history":[{"count":0,"href":"https:\/\/nextsnkr.com\/fi\/wp-json\/wp\/v2\/product\/718835\/revisions"}],"wp:featuredmedia":[{"embeddable":true,"href":"https:\/\/nextsnkr.com\/fi\/wp-json\/wp\/v2\/media\/718839"}],"wp:attachment":[{"href":"https:\/\/nextsnkr.com\/fi\/wp-json\/wp\/v2\/media?parent=718835"}],"wp:term":[{"taxonomy":"product_brand","embeddable":true,"href":"https:\/\/nextsnkr.com\/fi\/wp-json\/wp\/v2\/product_brand?post=718835"},{"taxonomy":"product_cat","embeddable":true,"href":"https:\/\/nextsnkr.com\/fi\/wp-json\/wp\/v2\/product_cat?post=718835"},{"taxonomy":"product_tag","embeddable":true,"href":"https:\/\/nextsnkr.com\/fi\/wp-json\/wp\/v2\/product_tag?post=718835"}],"curies":[{"name":"wp","href":"https:\/\/api.w.org\/{rel}","templated":true}]}}