{"id":718491,"date":"2025-06-14T17:12:57","date_gmt":"2025-06-14T14:12:57","guid":{"rendered":"https:\/\/nextsnkr.com\/product\/air-jordan-retro-1-grey-red\/"},"modified":"2026-01-30T19:41:29","modified_gmt":"2026-01-30T16:41:29","slug":"air-jordan-retro-1-grey-red","status":"publish","type":"product","link":"https:\/\/nextsnkr.com\/fi\/tuote\/air-jordan-retro-1-grey-red\/","title":{"rendered":"AIR JORDAN RETRO 1 Harmaa \/ punainen lenkkarit-miesten tennarit nahasta ja mokkanahasta"},"content":{"rendered":"<h2>AIR JORDAN RETRO 1 Harmaa \/ punainen lenkkarit-miesten tennarit nahasta ja mokkanahasta<\/h2>\n<p>AIR JORDAN RETRO 1 Harmaa \/ punainen lenkkarit on valmistettu korkealaatuisesta nahasta ja mokkanahasta, joka takaa mukavuuden, kest\u00e4vyyden ja tyylikk\u00e4\u00e4n ilmeen. Klassinen harmaan ja punaisen v\u00e4rin yhdistelm\u00e4 lis\u00e4\u00e4 kirkkaan aksentin urbaaniin ja urheilulliseen ilmeeseen. Mukava tyyny ja luotettava ulkopohja tarjoavat pehmusteen ja mukavuuden k\u00e4yt\u00f6n aikana. Valitse AIR JORDAN RETRO 1 Harmaa \/ Punainenyhdistelm\u00e4 trendik\u00e4s muotoilu ja ensiluokkaista laatua.<\/p>\n","protected":false},"excerpt":{"rendered":"<p>AIR JORDAN RETRO 1 Harmaa \/ punainen lenkkarit on valmistettu korkealaatuisesta nahasta ja mokkanahasta, joka takaa mukavuuden, kest\u00e4vyyden ja tyylikk\u00e4\u00e4n ilmeen. Klassinen harmaan ja punaisen v\u00e4rin yhdistelm\u00e4 lis\u00e4\u00e4 kirkkaan aksentin urbaaniin ja urheilulliseen ilmeeseen. Mukava tyyny ja luotettava ulkopohja tarjoavat pehmusteen ja mukavuuden k\u00e4yt\u00f6n aikana. Valitse AIR JORDAN RETRO 1 Harmaa \/ Punainenyhdistelm\u00e4 trendik\u00e4s muotoilu ja ensiluokkaista laatua.<\/p>\n","protected":false},"featured_media":718493,"comment_status":"open","ping_status":"open","template":"","meta":[],"product_brand":[],"product_cat":[3383,3199,3318],"product_tag":[],"class_list":{"0":"post-718491","1":"product","2":"type-product","3":"status-publish","4":"has-post-thumbnail","6":"product_cat-nike-jordan","7":"product_cat-all-product","8":"product_cat-kedy","9":"pa_rozmir-910","10":"pa_rozmir-912","11":"pa_rozmir-914","12":"pa_rozmir-915","13":"pa_rozmir-916","14":"pa_rozmir-917","15":"pa_rozmir-918","16":"pa_rozmir-919","17":"pa_rozmir-920","18":"pa_rozmir-921","19":"pa_rozmir-922","21":"first","22":"instock","23":"purchasable","24":"product-type-variable"},"_links":{"self":[{"href":"https:\/\/nextsnkr.com\/fi\/wp-json\/wp\/v2\/product\/718491","targetHints":{"allow":["GET"]}}],"collection":[{"href":"https:\/\/nextsnkr.com\/fi\/wp-json\/wp\/v2\/product"}],"about":[{"href":"https:\/\/nextsnkr.com\/fi\/wp-json\/wp\/v2\/types\/product"}],"replies":[{"embeddable":true,"href":"https:\/\/nextsnkr.com\/fi\/wp-json\/wp\/v2\/comments?post=718491"}],"version-history":[{"count":0,"href":"https:\/\/nextsnkr.com\/fi\/wp-json\/wp\/v2\/product\/718491\/revisions"}],"wp:featuredmedia":[{"embeddable":true,"href":"https:\/\/nextsnkr.com\/fi\/wp-json\/wp\/v2\/media\/718493"}],"wp:attachment":[{"href":"https:\/\/nextsnkr.com\/fi\/wp-json\/wp\/v2\/media?parent=718491"}],"wp:term":[{"taxonomy":"product_brand","embeddable":true,"href":"https:\/\/nextsnkr.com\/fi\/wp-json\/wp\/v2\/product_brand?post=718491"},{"taxonomy":"product_cat","embeddable":true,"href":"https:\/\/nextsnkr.com\/fi\/wp-json\/wp\/v2\/product_cat?post=718491"},{"taxonomy":"product_tag","embeddable":true,"href":"https:\/\/nextsnkr.com\/fi\/wp-json\/wp\/v2\/product_tag?post=718491"}],"curies":[{"name":"wp","href":"https:\/\/api.w.org\/{rel}","templated":true}]}}