{"id":717093,"date":"2025-06-14T17:15:30","date_gmt":"2025-06-14T14:15:30","guid":{"rendered":"https:\/\/nextsnkr.com\/product\/air-jordan-retro-1-game-royal\/"},"modified":"2026-01-30T19:40:52","modified_gmt":"2026-01-30T16:40:52","slug":"air-jordan-retro-1-game-royal","status":"publish","type":"product","link":"https:\/\/nextsnkr.com\/fi\/tuote\/air-jordan-retro-1-game-royal\/","title":{"rendered":"AIR JORDAN RETRO 1&#8243; Game Royal &#8221; sneakers-miesten nahka lenkkarit"},"content":{"rendered":"<h2>AIR JORDAN RETRO 1&#8243; Game Royal &#8221; sneakers-miesten nahka lenkkarit<\/h2>\n<p>AIR JORDAN RETRO 1&#8243; Game Royal &#8221; lenkkarit ovatikonin malli miehille, valmistettu korkealaatuisesta nahasta kest\u00e4vyytt\u00e4 ja mukavuutta. &#8221;Game Royalin&#8221; kirkkaan sininen s\u00e4vy tekee kengist\u00e4 tyylikk\u00e4\u00e4t ja tarttuvat, sopivat p\u00e4ivitt\u00e4iseen k\u00e4ytt\u00f6\u00f6n ja urheilulliseen tyyliin. Hyvin harkittu pohja tarjoaa pehmusteen ja vakauden k\u00e4velless\u00e4, kun taas kest\u00e4v\u00e4t materiaalit takaavat kest\u00e4vyyden. Vietnamissa valmistetut tennarit yhdist\u00e4v\u00e4t trendikk\u00e4\u00e4n muotoilun ja k\u00e4yt\u00e4nn\u00f6llisyyden. Valitse AIR JORDAN RETRO 1varma ja moderni ilme.<\/p>\n","protected":false},"excerpt":{"rendered":"<p>AIR JORDAN RETRO 1&#8243; Game Royal &#8221; lenkkarit ovatikonin malli miehille, valmistettu korkealaatuisesta nahasta kest\u00e4vyytt\u00e4 ja mukavuutta. &#8221;Game Royalin&#8221; kirkkaan sininen s\u00e4vy tekee kengist\u00e4 tyylikk\u00e4\u00e4t ja tarttuvat, sopivat p\u00e4ivitt\u00e4iseen k\u00e4ytt\u00f6\u00f6n ja urheilulliseen tyyliin. Hyvin harkittu pohja tarjoaa pehmusteen ja vakauden k\u00e4velless\u00e4, kun taas kest\u00e4v\u00e4t materiaalit takaavat kest\u00e4vyyden. Vietnamissa valmistetut tennarit yhdist\u00e4v\u00e4t trendikk\u00e4\u00e4n muotoilun ja k\u00e4yt\u00e4nn\u00f6llisyyden. Valitse AIR JORDAN RETRO 1varma ja moderni ilme.<\/p>\n","protected":false},"featured_media":717095,"comment_status":"open","ping_status":"open","template":"","meta":[],"product_brand":[],"product_cat":[3383,3199,3318],"product_tag":[],"class_list":{"0":"post-717093","1":"product","2":"type-product","3":"status-publish","4":"has-post-thumbnail","6":"product_cat-nike-jordan","7":"product_cat-all-product","8":"product_cat-kedy","9":"pa_rozmir-910","10":"pa_rozmir-912","11":"pa_rozmir-914","12":"pa_rozmir-915","13":"pa_rozmir-916","14":"pa_rozmir-917","15":"pa_rozmir-918","16":"pa_rozmir-919","17":"pa_rozmir-920","18":"pa_rozmir-921","19":"pa_rozmir-922","21":"first","22":"onbackorder","23":"purchasable","24":"product-type-variable"},"_links":{"self":[{"href":"https:\/\/nextsnkr.com\/fi\/wp-json\/wp\/v2\/product\/717093","targetHints":{"allow":["GET"]}}],"collection":[{"href":"https:\/\/nextsnkr.com\/fi\/wp-json\/wp\/v2\/product"}],"about":[{"href":"https:\/\/nextsnkr.com\/fi\/wp-json\/wp\/v2\/types\/product"}],"replies":[{"embeddable":true,"href":"https:\/\/nextsnkr.com\/fi\/wp-json\/wp\/v2\/comments?post=717093"}],"version-history":[{"count":0,"href":"https:\/\/nextsnkr.com\/fi\/wp-json\/wp\/v2\/product\/717093\/revisions"}],"wp:featuredmedia":[{"embeddable":true,"href":"https:\/\/nextsnkr.com\/fi\/wp-json\/wp\/v2\/media\/717095"}],"wp:attachment":[{"href":"https:\/\/nextsnkr.com\/fi\/wp-json\/wp\/v2\/media?parent=717093"}],"wp:term":[{"taxonomy":"product_brand","embeddable":true,"href":"https:\/\/nextsnkr.com\/fi\/wp-json\/wp\/v2\/product_brand?post=717093"},{"taxonomy":"product_cat","embeddable":true,"href":"https:\/\/nextsnkr.com\/fi\/wp-json\/wp\/v2\/product_cat?post=717093"},{"taxonomy":"product_tag","embeddable":true,"href":"https:\/\/nextsnkr.com\/fi\/wp-json\/wp\/v2\/product_tag?post=717093"}],"curies":[{"name":"wp","href":"https:\/\/api.w.org\/{rel}","templated":true}]}}