{"id":716387,"date":"2025-06-14T17:16:37","date_gmt":"2025-06-14T14:16:37","guid":{"rendered":"https:\/\/nextsnkr.com\/product\/air-jordan-retro-1-full-white\/"},"modified":"2026-01-30T19:40:16","modified_gmt":"2026-01-30T16:40:16","slug":"air-jordan-retro-1-full-white","status":"publish","type":"product","link":"https:\/\/nextsnkr.com\/fi\/tuote\/air-jordan-retro-1-full-white\/","title":{"rendered":"Air Jordan Retro 1 Kokovalkoiset tennarit-klassinen miesten nahka"},"content":{"rendered":"<h2>Air Jordan Retro 1 Kokovalkoiset tennarit-klassinen miesten nahka<\/h2>\n<p>Air Jordan Retro 1 Full White onlegendaarinen pari lenkkarit t\u00e4ysin valkoinen aitoa nahkaa, joka tarjoaa kest\u00e4vyytt\u00e4, mukavuutta ja tyylikk\u00e4\u00e4n ilmeen. Klassinen Retro 1-muotoilu korostaa mallin arvostusta ja monipuolisuutta, joka on helppo yhdist\u00e4\u00e4 mihin tahansa jokap\u00e4iv\u00e4iseen ilmeeseen. Vietnamissa valmistetuissa lenkkareissa on kest\u00e4v\u00e4t pohjat, mukava istuvuus ja moderni siluetti. T\u00e4ydellinen valinta niille, jotka arvostavat mukavuutta, tyyli\u00e4 ja legendaarinen laatu Air Jordan.<\/p>\n","protected":false},"excerpt":{"rendered":"<p>Air Jordan Retro 1 Full White onlegendaarinen pari lenkkarit t\u00e4ysin valkoinen aitoa nahkaa, joka tarjoaa kest\u00e4vyytt\u00e4, mukavuutta ja tyylikk\u00e4\u00e4n ilmeen. Klassinen Retro 1-muotoilu korostaa mallin arvostusta ja monipuolisuutta, joka on helppo yhdist\u00e4\u00e4 mihin tahansa jokap\u00e4iv\u00e4iseen ilmeeseen. Vietnamissa valmistetuissa lenkkareissa on kest\u00e4v\u00e4t pohjat, mukava istuvuus ja moderni siluetti. T\u00e4ydellinen valinta niille, jotka arvostavat mukavuutta, tyyli\u00e4 ja legendaarinen laatu Air Jordan.<\/p>\n","protected":false},"featured_media":716391,"comment_status":"open","ping_status":"open","template":"","meta":[],"product_brand":[],"product_cat":[3383,3199,3318],"product_tag":[],"class_list":{"0":"post-716387","1":"product","2":"type-product","3":"status-publish","4":"has-post-thumbnail","6":"product_cat-nike-jordan","7":"product_cat-all-product","8":"product_cat-kedy","9":"pa_rozmir-910","10":"pa_rozmir-912","11":"pa_rozmir-914","12":"pa_rozmir-915","13":"pa_rozmir-916","14":"pa_rozmir-917","15":"pa_rozmir-918","16":"pa_rozmir-919","17":"pa_rozmir-920","18":"pa_rozmir-921","19":"pa_rozmir-922","21":"first","22":"instock","23":"purchasable","24":"product-type-variable"},"_links":{"self":[{"href":"https:\/\/nextsnkr.com\/fi\/wp-json\/wp\/v2\/product\/716387","targetHints":{"allow":["GET"]}}],"collection":[{"href":"https:\/\/nextsnkr.com\/fi\/wp-json\/wp\/v2\/product"}],"about":[{"href":"https:\/\/nextsnkr.com\/fi\/wp-json\/wp\/v2\/types\/product"}],"replies":[{"embeddable":true,"href":"https:\/\/nextsnkr.com\/fi\/wp-json\/wp\/v2\/comments?post=716387"}],"version-history":[{"count":0,"href":"https:\/\/nextsnkr.com\/fi\/wp-json\/wp\/v2\/product\/716387\/revisions"}],"wp:featuredmedia":[{"embeddable":true,"href":"https:\/\/nextsnkr.com\/fi\/wp-json\/wp\/v2\/media\/716391"}],"wp:attachment":[{"href":"https:\/\/nextsnkr.com\/fi\/wp-json\/wp\/v2\/media?parent=716387"}],"wp:term":[{"taxonomy":"product_brand","embeddable":true,"href":"https:\/\/nextsnkr.com\/fi\/wp-json\/wp\/v2\/product_brand?post=716387"},{"taxonomy":"product_cat","embeddable":true,"href":"https:\/\/nextsnkr.com\/fi\/wp-json\/wp\/v2\/product_cat?post=716387"},{"taxonomy":"product_tag","embeddable":true,"href":"https:\/\/nextsnkr.com\/fi\/wp-json\/wp\/v2\/product_tag?post=716387"}],"curies":[{"name":"wp","href":"https:\/\/api.w.org\/{rel}","templated":true}]}}