{"id":714976,"date":"2025-06-14T17:18:55","date_gmt":"2025-06-14T14:18:55","guid":{"rendered":"https:\/\/nextsnkr.com\/product\/air-jordan-retro-1-orange-patent-swoosh\/"},"modified":"2026-01-30T19:39:29","modified_gmt":"2026-01-30T16:39:29","slug":"air-jordan-retro-1-orange-patent-swoosh","status":"publish","type":"product","link":"https:\/\/nextsnkr.com\/fi\/tuote\/air-jordan-retro-1-orange-patent-swoosh\/","title":{"rendered":"AIR JORDAN RETRO 1 Oranssi patentti Swoosh sneakers nahka ja nubuck"},"content":{"rendered":"<h2>AIR JORDAN RETRO 1 Oranssi patentti Swoosh sneakers nahka ja nubuck<\/h2>\n<p>AIR JORDAN RETRO 1 Orange Patent Swoosh sneakers on valmistettu korkealaatuisesta nahasta ja nupukista, joka takaa kest\u00e4vyyden, mukavuuden ja kest\u00e4vyyden. Kirkkaan oranssi Swoosh lis\u00e4\u00e4 tyylikk\u00e4\u00e4n aksentin ja tekee mallista ainutlaatuisen. Ergonominen pohja takaa iskunvaimennuksen ja mukavuuden k\u00e4velless\u00e4, kun taas klassinen muotoilu korostaa Jordan-br\u00e4ndi\u00e4 ja modernia kaupunkityyli\u00e4. N\u00e4m\u00e4 Kiinassa valmistetut lenkkarit ovat loistava valinta aktiiviseen ja muodikkaaseen ilmeeseen.<\/p>\n","protected":false},"excerpt":{"rendered":"<p>AIR JORDAN RETRO 1 Orange Patent Swoosh sneakers on valmistettu korkealaatuisesta nahasta ja nupukista, joka takaa kest\u00e4vyyden, mukavuuden ja kest\u00e4vyyden. Kirkkaan oranssi Swoosh lis\u00e4\u00e4 tyylikk\u00e4\u00e4n aksentin ja tekee mallista ainutlaatuisen. Ergonominen pohja takaa iskunvaimennuksen ja mukavuuden k\u00e4velless\u00e4, kun taas klassinen muotoilu korostaa Jordan-br\u00e4ndi\u00e4 ja modernia kaupunkityyli\u00e4. N\u00e4m\u00e4 Kiinassa valmistetut lenkkarit ovat loistava valinta aktiiviseen ja muodikkaaseen ilmeeseen.<\/p>\n","protected":false},"featured_media":714978,"comment_status":"open","ping_status":"open","template":"","meta":[],"product_brand":[],"product_cat":[3383,3199,3318],"product_tag":[],"class_list":{"0":"post-714976","1":"product","2":"type-product","3":"status-publish","4":"has-post-thumbnail","6":"product_cat-nike-jordan","7":"product_cat-all-product","8":"product_cat-kedy","9":"pa_rozmir-910","10":"pa_rozmir-912","11":"pa_rozmir-914","12":"pa_rozmir-915","13":"pa_rozmir-916","14":"pa_rozmir-917","15":"pa_rozmir-918","16":"pa_rozmir-919","17":"pa_rozmir-920","18":"pa_rozmir-921","19":"pa_rozmir-922","21":"first","22":"onbackorder","23":"purchasable","24":"product-type-variable"},"_links":{"self":[{"href":"https:\/\/nextsnkr.com\/fi\/wp-json\/wp\/v2\/product\/714976","targetHints":{"allow":["GET"]}}],"collection":[{"href":"https:\/\/nextsnkr.com\/fi\/wp-json\/wp\/v2\/product"}],"about":[{"href":"https:\/\/nextsnkr.com\/fi\/wp-json\/wp\/v2\/types\/product"}],"replies":[{"embeddable":true,"href":"https:\/\/nextsnkr.com\/fi\/wp-json\/wp\/v2\/comments?post=714976"}],"version-history":[{"count":0,"href":"https:\/\/nextsnkr.com\/fi\/wp-json\/wp\/v2\/product\/714976\/revisions"}],"wp:featuredmedia":[{"embeddable":true,"href":"https:\/\/nextsnkr.com\/fi\/wp-json\/wp\/v2\/media\/714978"}],"wp:attachment":[{"href":"https:\/\/nextsnkr.com\/fi\/wp-json\/wp\/v2\/media?parent=714976"}],"wp:term":[{"taxonomy":"product_brand","embeddable":true,"href":"https:\/\/nextsnkr.com\/fi\/wp-json\/wp\/v2\/product_brand?post=714976"},{"taxonomy":"product_cat","embeddable":true,"href":"https:\/\/nextsnkr.com\/fi\/wp-json\/wp\/v2\/product_cat?post=714976"},{"taxonomy":"product_tag","embeddable":true,"href":"https:\/\/nextsnkr.com\/fi\/wp-json\/wp\/v2\/product_tag?post=714976"}],"curies":[{"name":"wp","href":"https:\/\/api.w.org\/{rel}","templated":true}]}}