{"id":713970,"date":"2025-06-16T21:15:48","date_gmt":"2025-06-16T18:15:48","guid":{"rendered":"https:\/\/nextsnkr.com\/product\/loro-piana-pink-fur-premium\/"},"modified":"2026-01-30T19:39:07","modified_gmt":"2026-01-30T16:39:07","slug":"loro-piana-pink-fur-premium","status":"publish","type":"product","link":"https:\/\/nextsnkr.com\/fi\/tuote\/loro-piana-pink-fur-premium\/","title":{"rendered":"Loro Piana Pink Fur Premium Eko-mokkanahkaiset loaferit-eleganssia ja mukavuutta"},"content":{"rendered":"<h2>Loro Piana Pink Fur Premium Eko-mokkanahkaiset loaferit-eleganssia ja mukavuutta<\/h2>\n<p>Loro Piana Pink Fur Premium on tyylik\u00e4s Eko-mokkanahkainen loaferi, jossa yhdistyv\u00e4t tyylik\u00e4s muotoilu, mukavuus ja kest\u00e4vyys. Herkk\u00e4 vaaleanpunainen s\u00e4vy turkisreunuksella lis\u00e4\u00e4 naisellisuutta ja hienostuneisuutta ilmeeseen. Laadukkaat materiaalit takaavat kest\u00e4vyyden ja mukavuuden p\u00e4ivitt\u00e4isess\u00e4 k\u00e4yt\u00f6ss\u00e4. N\u00e4m\u00e4 Vietnamissa valmistetut Loro Piana-loaferit korostavat tyyli\u00e4si t\u00e4ydellisesti ja lis\u00e4\u00e4v\u00e4t ensiluokkaista kosketusta mihin tahansa rentoon tai liike-el\u00e4m\u00e4\u00e4n.<\/p>\n","protected":false},"excerpt":{"rendered":"<p>Loro Piana Pink Fur Premium on tyylik\u00e4s Eko-mokkanahkainen loaferi, jossa yhdistyv\u00e4t tyylik\u00e4s muotoilu, mukavuus ja kest\u00e4vyys. Herkk\u00e4 vaaleanpunainen s\u00e4vy turkisreunuksella lis\u00e4\u00e4 naisellisuutta ja hienostuneisuutta ilmeeseen. Laadukkaat materiaalit takaavat kest\u00e4vyyden ja mukavuuden p\u00e4ivitt\u00e4isess\u00e4 k\u00e4yt\u00f6ss\u00e4. N\u00e4m\u00e4 Vietnamissa valmistetut Loro Piana-loaferit korostavat tyyli\u00e4si t\u00e4ydellisesti ja lis\u00e4\u00e4v\u00e4t ensiluokkaista kosketusta mihin tahansa rentoon tai liike-el\u00e4m\u00e4\u00e4n.<\/p>\n","protected":false},"featured_media":713973,"comment_status":"open","ping_status":"open","template":"","meta":[],"product_brand":[],"product_cat":[3199,4240],"product_tag":[],"class_list":{"0":"post-713970","1":"product","2":"type-product","3":"status-publish","4":"has-post-thumbnail","6":"product_cat-all-product","7":"product_cat-lofery","8":"pa_rozmir-910","9":"pa_rozmir-912","10":"pa_rozmir-914","11":"pa_rozmir-915","12":"pa_rozmir-916","13":"pa_rozmir-917","14":"pa_rozmir-918","15":"pa_rozmir-919","16":"pa_rozmir-920","17":"pa_rozmir-921","18":"pa_rozmir-922","20":"first","21":"onbackorder","22":"purchasable","23":"product-type-variable"},"_links":{"self":[{"href":"https:\/\/nextsnkr.com\/fi\/wp-json\/wp\/v2\/product\/713970","targetHints":{"allow":["GET"]}}],"collection":[{"href":"https:\/\/nextsnkr.com\/fi\/wp-json\/wp\/v2\/product"}],"about":[{"href":"https:\/\/nextsnkr.com\/fi\/wp-json\/wp\/v2\/types\/product"}],"replies":[{"embeddable":true,"href":"https:\/\/nextsnkr.com\/fi\/wp-json\/wp\/v2\/comments?post=713970"}],"version-history":[{"count":0,"href":"https:\/\/nextsnkr.com\/fi\/wp-json\/wp\/v2\/product\/713970\/revisions"}],"wp:featuredmedia":[{"embeddable":true,"href":"https:\/\/nextsnkr.com\/fi\/wp-json\/wp\/v2\/media\/713973"}],"wp:attachment":[{"href":"https:\/\/nextsnkr.com\/fi\/wp-json\/wp\/v2\/media?parent=713970"}],"wp:term":[{"taxonomy":"product_brand","embeddable":true,"href":"https:\/\/nextsnkr.com\/fi\/wp-json\/wp\/v2\/product_brand?post=713970"},{"taxonomy":"product_cat","embeddable":true,"href":"https:\/\/nextsnkr.com\/fi\/wp-json\/wp\/v2\/product_cat?post=713970"},{"taxonomy":"product_tag","embeddable":true,"href":"https:\/\/nextsnkr.com\/fi\/wp-json\/wp\/v2\/product_tag?post=713970"}],"curies":[{"name":"wp","href":"https:\/\/api.w.org\/{rel}","templated":true}]}}