{"id":713643,"date":"2025-06-16T21:16:36","date_gmt":"2025-06-16T18:16:36","guid":{"rendered":"https:\/\/nextsnkr.com\/product\/loro-piana-bordo-premium\/"},"modified":"2026-01-30T19:38:59","modified_gmt":"2026-01-30T16:38:59","slug":"loro-piana-bordo-premium","status":"publish","type":"product","link":"https:\/\/nextsnkr.com\/fi\/tuote\/loro-piana-bordo-premium\/","title":{"rendered":"Loro Piana Bordo Premium-loaferit-tyylikk\u00e4\u00e4t mokkanahkaiset Miesten loaferit"},"content":{"rendered":"<h2>Loro Piana Bordo Premium-loaferit-tyylikk\u00e4\u00e4t mokkanahkaiset Miesten loaferit<\/h2>\n<p>Loro Piana Bordo Premium-loaferit ovat tyylik\u00e4s mokkanahkainen malli, jossa yhdistyv\u00e4t mukavuus, keveys ja premium-tyyli. Runsas viininpunainen v\u00e4ri lis\u00e4\u00e4 hienostuneisuutta mihin tahansa ilmeeseen, ja laadukkaat materiaalit takaavat kest\u00e4vyyden ja mukavuuden p\u00e4ivitt\u00e4isess\u00e4 k\u00e4yt\u00f6ss\u00e4. Ihanteellinen valinta liike-ja rentoille ruseteille, jotka arvostavat tyyli\u00e4, mukavuutta ja br\u00e4ndin laatua.<\/p>\n","protected":false},"excerpt":{"rendered":"<p>Loro Piana Bordo Premium-loaferit ovat tyylik\u00e4s mokkanahkainen malli, jossa yhdistyv\u00e4t mukavuus, keveys ja premium-tyyli. Runsas viininpunainen v\u00e4ri lis\u00e4\u00e4 hienostuneisuutta mihin tahansa ilmeeseen, ja laadukkaat materiaalit takaavat kest\u00e4vyyden ja mukavuuden p\u00e4ivitt\u00e4isess\u00e4 k\u00e4yt\u00f6ss\u00e4. Ihanteellinen valinta liike-ja rentoille ruseteille, jotka arvostavat tyyli\u00e4, mukavuutta ja br\u00e4ndin laatua.<\/p>\n","protected":false},"featured_media":713648,"comment_status":"open","ping_status":"open","template":"","meta":[],"product_brand":[],"product_cat":[3199,4240],"product_tag":[],"class_list":{"0":"post-713643","1":"product","2":"type-product","3":"status-publish","4":"has-post-thumbnail","6":"product_cat-all-product","7":"product_cat-lofery","8":"pa_rozmir-910","9":"pa_rozmir-912","10":"pa_rozmir-914","11":"pa_rozmir-915","12":"pa_rozmir-916","13":"pa_rozmir-917","14":"pa_rozmir-918","15":"pa_rozmir-919","16":"pa_rozmir-920","17":"pa_rozmir-921","18":"pa_rozmir-922","20":"first","21":"instock","22":"purchasable","23":"product-type-variable"},"_links":{"self":[{"href":"https:\/\/nextsnkr.com\/fi\/wp-json\/wp\/v2\/product\/713643","targetHints":{"allow":["GET"]}}],"collection":[{"href":"https:\/\/nextsnkr.com\/fi\/wp-json\/wp\/v2\/product"}],"about":[{"href":"https:\/\/nextsnkr.com\/fi\/wp-json\/wp\/v2\/types\/product"}],"replies":[{"embeddable":true,"href":"https:\/\/nextsnkr.com\/fi\/wp-json\/wp\/v2\/comments?post=713643"}],"version-history":[{"count":0,"href":"https:\/\/nextsnkr.com\/fi\/wp-json\/wp\/v2\/product\/713643\/revisions"}],"wp:featuredmedia":[{"embeddable":true,"href":"https:\/\/nextsnkr.com\/fi\/wp-json\/wp\/v2\/media\/713648"}],"wp:attachment":[{"href":"https:\/\/nextsnkr.com\/fi\/wp-json\/wp\/v2\/media?parent=713643"}],"wp:term":[{"taxonomy":"product_brand","embeddable":true,"href":"https:\/\/nextsnkr.com\/fi\/wp-json\/wp\/v2\/product_brand?post=713643"},{"taxonomy":"product_cat","embeddable":true,"href":"https:\/\/nextsnkr.com\/fi\/wp-json\/wp\/v2\/product_cat?post=713643"},{"taxonomy":"product_tag","embeddable":true,"href":"https:\/\/nextsnkr.com\/fi\/wp-json\/wp\/v2\/product_tag?post=713643"}],"curies":[{"name":"wp","href":"https:\/\/api.w.org\/{rel}","templated":true}]}}