{"id":713564,"date":"2025-06-14T17:21:15","date_gmt":"2025-06-14T14:21:15","guid":{"rendered":"https:\/\/nextsnkr.com\/product\/air-jordan-retro-1-low-university-blue\/"},"modified":"2026-01-30T19:38:42","modified_gmt":"2026-01-30T16:38:42","slug":"air-jordan-retro-1-low-university-blue","status":"publish","type":"product","link":"https:\/\/nextsnkr.com\/fi\/tuote\/air-jordan-retro-1-low-university-blue\/","title":{"rendered":"Air Jordan Retro 1 Low University Blue Sneakers-tyylikk\u00e4\u00e4t nahkakeng\u00e4t"},"content":{"rendered":"<h2>Air Jordan Retro 1 Low University Blue Sneakers-tyylikk\u00e4\u00e4t nahkakeng\u00e4t<\/h2>\n<p>Air Jordan Retro 1 Matala &#8221;University Blue&#8221; lenkkarit ovatklassinen malli tuntijoille urheilullinen tyyli ja mukavuus. Valmistettu korkealaatuisesta aidosta nahasta, ne tarjoavat kest\u00e4vyytt\u00e4 ja erinomaisen jalkatuen. Valkoisen ja sinisen v\u00e4rin kontrastinen yhdistelm\u00e4 tekee ilmeest\u00e4 kirkkaan ja modernin. Ihanteellinen p\u00e4ivitt\u00e4iseen k\u00e4ytt\u00f6\u00f6n, urheiluun ja ulkoiluun. Valmistaja on Vietnam. Valitse Air Jordan Retro 1 Matala tyylikk\u00e4\u00e4n ja mukavan ilmeen. Koodi: 0289-140470.<\/p>\n","protected":false},"excerpt":{"rendered":"<p>Air Jordan Retro 1 Matala &#8221;University Blue&#8221; lenkkarit ovatklassinen malli tuntijoille urheilullinen tyyli ja mukavuus. Valmistettu korkealaatuisesta aidosta nahasta, ne tarjoavat kest\u00e4vyytt\u00e4 ja erinomaisen jalkatuen. Valkoisen ja sinisen v\u00e4rin kontrastinen yhdistelm\u00e4 tekee ilmeest\u00e4 kirkkaan ja modernin. Ihanteellinen p\u00e4ivitt\u00e4iseen k\u00e4ytt\u00f6\u00f6n, urheiluun ja ulkoiluun. Valmistaja on Vietnam. Valitse Air Jordan Retro 1 Matala tyylikk\u00e4\u00e4n ja mukavan ilmeen. Koodi: 0289-140470.<\/p>\n","protected":false},"featured_media":713565,"comment_status":"open","ping_status":"open","template":"","meta":[],"product_brand":[],"product_cat":[3383,3199,3318],"product_tag":[],"class_list":{"0":"post-713564","1":"product","2":"type-product","3":"status-publish","4":"has-post-thumbnail","6":"product_cat-nike-jordan","7":"product_cat-all-product","8":"product_cat-kedy","9":"pa_rozmir-910","10":"pa_rozmir-912","11":"pa_rozmir-914","12":"pa_rozmir-915","13":"pa_rozmir-916","14":"pa_rozmir-917","15":"pa_rozmir-918","16":"pa_rozmir-919","17":"pa_rozmir-920","18":"pa_rozmir-921","19":"pa_rozmir-922","21":"first","22":"instock","23":"purchasable","24":"product-type-variable"},"_links":{"self":[{"href":"https:\/\/nextsnkr.com\/fi\/wp-json\/wp\/v2\/product\/713564","targetHints":{"allow":["GET"]}}],"collection":[{"href":"https:\/\/nextsnkr.com\/fi\/wp-json\/wp\/v2\/product"}],"about":[{"href":"https:\/\/nextsnkr.com\/fi\/wp-json\/wp\/v2\/types\/product"}],"replies":[{"embeddable":true,"href":"https:\/\/nextsnkr.com\/fi\/wp-json\/wp\/v2\/comments?post=713564"}],"version-history":[{"count":0,"href":"https:\/\/nextsnkr.com\/fi\/wp-json\/wp\/v2\/product\/713564\/revisions"}],"wp:featuredmedia":[{"embeddable":true,"href":"https:\/\/nextsnkr.com\/fi\/wp-json\/wp\/v2\/media\/713565"}],"wp:attachment":[{"href":"https:\/\/nextsnkr.com\/fi\/wp-json\/wp\/v2\/media?parent=713564"}],"wp:term":[{"taxonomy":"product_brand","embeddable":true,"href":"https:\/\/nextsnkr.com\/fi\/wp-json\/wp\/v2\/product_brand?post=713564"},{"taxonomy":"product_cat","embeddable":true,"href":"https:\/\/nextsnkr.com\/fi\/wp-json\/wp\/v2\/product_cat?post=713564"},{"taxonomy":"product_tag","embeddable":true,"href":"https:\/\/nextsnkr.com\/fi\/wp-json\/wp\/v2\/product_tag?post=713564"}],"curies":[{"name":"wp","href":"https:\/\/api.w.org\/{rel}","templated":true}]}}