{"id":712884,"date":"2025-06-14T17:24:16","date_gmt":"2025-06-14T14:24:16","guid":{"rendered":"https:\/\/nextsnkr.com\/product\/tazzlita-black\/"},"modified":"2026-01-30T19:38:23","modified_gmt":"2026-01-30T16:38:23","slug":"tazzlita-black","status":"publish","type":"product","link":"https:\/\/nextsnkr.com\/fi\/tuote\/tazzlita-black\/","title":{"rendered":"UGG Tazzlita Musta Saappaat-mokka ja lampaan naisten talvi saappaat"},"content":{"rendered":"<h2>UGG Tazzlita Musta Saappaat-mokka ja lampaan naisten talvi saappaat<\/h2>\n<p>UGG Tazzlita mustat saappaat ovat tyylikk\u00e4\u00e4t ja l\u00e4mpim\u00e4t keng\u00e4t kylm\u00e4\u00e4n s\u00e4\u00e4h\u00e4n. Valmistettu korkealaatuisesta mokkanahasta ja luonnollisesta lampaannahasta, ne tarjoavat mukavuutta, l\u00e4mp\u00f6\u00e4 ja kest\u00e4vyytt\u00e4. Klassinen musta v\u00e4ri on helppo yhdist\u00e4\u00e4 mihin tahansa vaatteeseen, ja harkittu muotoilu takaa mukavan istuvuuden ja vakauden k\u00e4velless\u00e4. N\u00e4m\u00e4 Kiinassa valmistetut saappaat ovat korkealaatuisia ja kest\u00e4vi\u00e4. Valitse UGG Tazzlita Black &#8211; yhdistelm\u00e4 tyyli\u00e4, l\u00e4mp\u00f6\u00e4 ja mukavuutta jokaisessa vaiheessa.<\/p>\n","protected":false},"excerpt":{"rendered":"<p>UGG Tazzlita mustat saappaat ovat tyylikk\u00e4\u00e4t ja l\u00e4mpim\u00e4t keng\u00e4t kylm\u00e4\u00e4n s\u00e4\u00e4h\u00e4n. Valmistettu korkealaatuisesta mokkanahasta ja luonnollisesta lampaannahasta, ne tarjoavat mukavuutta, l\u00e4mp\u00f6\u00e4 ja kest\u00e4vyytt\u00e4. Klassinen musta v\u00e4ri on helppo yhdist\u00e4\u00e4 mihin tahansa vaatteeseen, ja harkittu muotoilu takaa mukavan istuvuuden ja vakauden k\u00e4velless\u00e4. N\u00e4m\u00e4 Kiinassa valmistetut saappaat ovat korkealaatuisia ja kest\u00e4vi\u00e4. Valitse UGG Tazzlita Black &#8211; yhdistelm\u00e4 tyyli\u00e4, l\u00e4mp\u00f6\u00e4 ja mukavuutta jokaisessa vaiheessa.<\/p>\n","protected":false},"featured_media":712885,"comment_status":"open","ping_status":"open","template":"","meta":[],"product_brand":[],"product_cat":[3407,3199],"product_tag":[],"class_list":{"0":"post-712884","1":"product","2":"type-product","3":"status-publish","4":"has-post-thumbnail","6":"product_cat-ugg","7":"product_cat-all-product","8":"pa_rozmir-910","9":"pa_rozmir-912","10":"pa_rozmir-914","11":"pa_rozmir-915","12":"pa_rozmir-916","13":"pa_rozmir-917","14":"pa_rozmir-918","15":"pa_rozmir-919","16":"pa_rozmir-920","17":"pa_rozmir-921","18":"pa_rozmir-922","20":"first","21":"instock","22":"purchasable","23":"product-type-variable"},"_links":{"self":[{"href":"https:\/\/nextsnkr.com\/fi\/wp-json\/wp\/v2\/product\/712884","targetHints":{"allow":["GET"]}}],"collection":[{"href":"https:\/\/nextsnkr.com\/fi\/wp-json\/wp\/v2\/product"}],"about":[{"href":"https:\/\/nextsnkr.com\/fi\/wp-json\/wp\/v2\/types\/product"}],"replies":[{"embeddable":true,"href":"https:\/\/nextsnkr.com\/fi\/wp-json\/wp\/v2\/comments?post=712884"}],"version-history":[{"count":0,"href":"https:\/\/nextsnkr.com\/fi\/wp-json\/wp\/v2\/product\/712884\/revisions"}],"wp:featuredmedia":[{"embeddable":true,"href":"https:\/\/nextsnkr.com\/fi\/wp-json\/wp\/v2\/media\/712885"}],"wp:attachment":[{"href":"https:\/\/nextsnkr.com\/fi\/wp-json\/wp\/v2\/media?parent=712884"}],"wp:term":[{"taxonomy":"product_brand","embeddable":true,"href":"https:\/\/nextsnkr.com\/fi\/wp-json\/wp\/v2\/product_brand?post=712884"},{"taxonomy":"product_cat","embeddable":true,"href":"https:\/\/nextsnkr.com\/fi\/wp-json\/wp\/v2\/product_cat?post=712884"},{"taxonomy":"product_tag","embeddable":true,"href":"https:\/\/nextsnkr.com\/fi\/wp-json\/wp\/v2\/product_tag?post=712884"}],"curies":[{"name":"wp","href":"https:\/\/api.w.org\/{rel}","templated":true}]}}