{"id":707268,"date":"2025-06-16T21:37:56","date_gmt":"2025-06-16T18:37:56","guid":{"rendered":"https:\/\/nextsnkr.com\/product\/nike-air-jordan-1-retro-high-og-black-orange\/"},"modified":"2026-01-30T19:35:39","modified_gmt":"2026-01-30T16:35:39","slug":"nike-air-jordan-1-retro-high-og-black-orange","status":"publish","type":"product","link":"https:\/\/nextsnkr.com\/fi\/tuote\/nike-air-jordan-1-retro-high-og-black-orange\/","title":{"rendered":"Nike Air Jordan 1 Retro High og Sneakers Musta \/ Oranssi-kiiltonahka lenkkarit"},"content":{"rendered":"<h2>Nike Air Jordan 1 Retro High og Sneakers Musta \/ Oranssi-kiiltonahka lenkkarit<\/h2>\n<p>Legendaarinen Nike Air Jordan 1 Retro High og Musta\/Oranssi lenkkarit on valmistettu korkealaatuisesta kiiltonahasta, joka takaa kest\u00e4vyyden ja tyylikk\u00e4\u00e4n kiillon. Korkea siluetti tukee nilkkaa, ja iskuja vaimentava pohja takaa mukavuuden p\u00e4ivitt\u00e4isess\u00e4 k\u00e4yt\u00f6ss\u00e4. Mustan ja oranssin kontrastinen yhdistelm\u00e4 tekee mallista ilmeikk\u00e4\u00e4n aksentin miss\u00e4 tahansa kuvassa. T\u00e4ydellinen valinta Nike faneille, jotka arvostaatyyli\u00e4, korkealaatuista ja legendaarista suunnitteluair Jordan.<\/p>\n","protected":false},"excerpt":{"rendered":"<p>Legendaarinen Nike Air Jordan 1 Retro High og Musta\/Oranssi lenkkarit on valmistettu korkealaatuisesta kiiltonahasta, joka takaa kest\u00e4vyyden ja tyylikk\u00e4\u00e4n kiillon. Korkea siluetti tukee nilkkaa, ja iskuja vaimentava pohja takaa mukavuuden p\u00e4ivitt\u00e4isess\u00e4 k\u00e4yt\u00f6ss\u00e4. Mustan ja oranssin kontrastinen yhdistelm\u00e4 tekee mallista ilmeikk\u00e4\u00e4n aksentin miss\u00e4 tahansa kuvassa. T\u00e4ydellinen valinta Nike faneille, jotka arvostaatyyli\u00e4, korkealaatuista ja legendaarista suunnitteluair Jordan.<\/p>\n","protected":false},"featured_media":707269,"comment_status":"open","ping_status":"open","template":"","meta":[],"product_brand":[],"product_cat":[3383,3199,3318],"product_tag":[],"class_list":{"0":"post-707268","1":"product","2":"type-product","3":"status-publish","4":"has-post-thumbnail","6":"product_cat-nike-jordan","7":"product_cat-all-product","8":"product_cat-kedy","9":"pa_rozmir-910","10":"pa_rozmir-912","11":"pa_rozmir-914","12":"pa_rozmir-915","13":"pa_rozmir-916","14":"pa_rozmir-917","15":"pa_rozmir-918","16":"pa_rozmir-919","17":"pa_rozmir-920","18":"pa_rozmir-921","19":"pa_rozmir-922","21":"first","22":"onbackorder","23":"purchasable","24":"product-type-variable"},"_links":{"self":[{"href":"https:\/\/nextsnkr.com\/fi\/wp-json\/wp\/v2\/product\/707268","targetHints":{"allow":["GET"]}}],"collection":[{"href":"https:\/\/nextsnkr.com\/fi\/wp-json\/wp\/v2\/product"}],"about":[{"href":"https:\/\/nextsnkr.com\/fi\/wp-json\/wp\/v2\/types\/product"}],"replies":[{"embeddable":true,"href":"https:\/\/nextsnkr.com\/fi\/wp-json\/wp\/v2\/comments?post=707268"}],"version-history":[{"count":0,"href":"https:\/\/nextsnkr.com\/fi\/wp-json\/wp\/v2\/product\/707268\/revisions"}],"wp:featuredmedia":[{"embeddable":true,"href":"https:\/\/nextsnkr.com\/fi\/wp-json\/wp\/v2\/media\/707269"}],"wp:attachment":[{"href":"https:\/\/nextsnkr.com\/fi\/wp-json\/wp\/v2\/media?parent=707268"}],"wp:term":[{"taxonomy":"product_brand","embeddable":true,"href":"https:\/\/nextsnkr.com\/fi\/wp-json\/wp\/v2\/product_brand?post=707268"},{"taxonomy":"product_cat","embeddable":true,"href":"https:\/\/nextsnkr.com\/fi\/wp-json\/wp\/v2\/product_cat?post=707268"},{"taxonomy":"product_tag","embeddable":true,"href":"https:\/\/nextsnkr.com\/fi\/wp-json\/wp\/v2\/product_tag?post=707268"}],"curies":[{"name":"wp","href":"https:\/\/api.w.org\/{rel}","templated":true}]}}