{"id":706928,"date":"2025-06-16T21:39:33","date_gmt":"2025-06-16T18:39:33","guid":{"rendered":"https:\/\/nextsnkr.com\/product\/nike-air-jordan-1-high-og-volt-gold\/"},"modified":"2026-01-30T19:35:30","modified_gmt":"2026-01-30T16:35:30","slug":"nike-air-jordan-1-high-og-volt-gold","status":"publish","type":"product","link":"https:\/\/nextsnkr.com\/fi\/tuote\/nike-air-jordan-1-high-og-volt-gold\/","title":{"rendered":"Nike Air Jordan 1 High og Volt Gold tennarit-Premium miesten nahka"},"content":{"rendered":"<h2>Nike Air Jordan 1 High og Volt Gold tennarit-Premium miesten nahka<\/h2>\n<p>Nike Air Jordan 1 High og Volt Gold lenkkarit on valmistettu korkealaatuisesta nahasta, jossa on tekstiili kieli, joka tarjoaa mukavuutta, kest\u00e4vyytt\u00e4 ja tyylikk\u00e4\u00e4n istuvuuden jalka. Kirkas voltin kultainen v\u00e4ri tekee mallista huomattavan aksentin mihin tahansa lookiin. Kest\u00e4v\u00e4 ulkopohja takaa vakauden ja pehmustuksen p\u00e4ivitt\u00e4isess\u00e4 k\u00e4yt\u00f6ss\u00e4. Valmistettu Vietnamissa, ne tulevat alkuper\u00e4isess\u00e4 pakkauksessaan, jossa on asiakirjat, varasto X-sarja ja Nike-muovikortti, ihanteellinen kaupunkityyliin ja ker\u00e4ilij\u00f6ille.<\/p>\n","protected":false},"excerpt":{"rendered":"<p>Nike Air Jordan 1 High og Volt Gold lenkkarit on valmistettu korkealaatuisesta nahasta, jossa on tekstiili kieli, joka tarjoaa mukavuutta, kest\u00e4vyytt\u00e4 ja tyylikk\u00e4\u00e4n istuvuuden jalka. Kirkas voltin kultainen v\u00e4ri tekee mallista huomattavan aksentin mihin tahansa lookiin. Kest\u00e4v\u00e4 ulkopohja takaa vakauden ja pehmustuksen p\u00e4ivitt\u00e4isess\u00e4 k\u00e4yt\u00f6ss\u00e4. Valmistettu Vietnamissa, ne tulevat alkuper\u00e4isess\u00e4 pakkauksessaan, jossa on asiakirjat, varasto X-sarja ja Nike-muovikortti, ihanteellinen kaupunkityyliin ja ker\u00e4ilij\u00f6ille.<\/p>\n","protected":false},"featured_media":706929,"comment_status":"open","ping_status":"open","template":"","meta":[],"product_brand":[],"product_cat":[3383,3199,3318],"product_tag":[],"class_list":{"0":"post-706928","1":"product","2":"type-product","3":"status-publish","4":"has-post-thumbnail","6":"product_cat-nike-jordan","7":"product_cat-all-product","8":"product_cat-kedy","9":"pa_rozmir-910","10":"pa_rozmir-912","11":"pa_rozmir-914","12":"pa_rozmir-915","13":"pa_rozmir-916","14":"pa_rozmir-917","15":"pa_rozmir-918","16":"pa_rozmir-919","17":"pa_rozmir-920","18":"pa_rozmir-921","19":"pa_rozmir-922","21":"first","22":"onbackorder","23":"purchasable","24":"product-type-variable"},"_links":{"self":[{"href":"https:\/\/nextsnkr.com\/fi\/wp-json\/wp\/v2\/product\/706928","targetHints":{"allow":["GET"]}}],"collection":[{"href":"https:\/\/nextsnkr.com\/fi\/wp-json\/wp\/v2\/product"}],"about":[{"href":"https:\/\/nextsnkr.com\/fi\/wp-json\/wp\/v2\/types\/product"}],"replies":[{"embeddable":true,"href":"https:\/\/nextsnkr.com\/fi\/wp-json\/wp\/v2\/comments?post=706928"}],"version-history":[{"count":0,"href":"https:\/\/nextsnkr.com\/fi\/wp-json\/wp\/v2\/product\/706928\/revisions"}],"wp:featuredmedia":[{"embeddable":true,"href":"https:\/\/nextsnkr.com\/fi\/wp-json\/wp\/v2\/media\/706929"}],"wp:attachment":[{"href":"https:\/\/nextsnkr.com\/fi\/wp-json\/wp\/v2\/media?parent=706928"}],"wp:term":[{"taxonomy":"product_brand","embeddable":true,"href":"https:\/\/nextsnkr.com\/fi\/wp-json\/wp\/v2\/product_brand?post=706928"},{"taxonomy":"product_cat","embeddable":true,"href":"https:\/\/nextsnkr.com\/fi\/wp-json\/wp\/v2\/product_cat?post=706928"},{"taxonomy":"product_tag","embeddable":true,"href":"https:\/\/nextsnkr.com\/fi\/wp-json\/wp\/v2\/product_tag?post=706928"}],"curies":[{"name":"wp","href":"https:\/\/api.w.org\/{rel}","templated":true}]}}