{"id":706419,"date":"2025-06-16T21:41:59","date_gmt":"2025-06-16T18:41:59","guid":{"rendered":"https:\/\/nextsnkr.com\/product\/nike-air-jordan-1-retro-high-og-yellow-toe\/"},"modified":"2026-01-30T19:35:04","modified_gmt":"2026-01-30T16:35:04","slug":"nike-air-jordan-1-retro-high-og-yellow-toe","status":"publish","type":"product","link":"https:\/\/nextsnkr.com\/fi\/tuote\/nike-air-jordan-1-retro-high-og-yellow-toe\/","title":{"rendered":"Nike Air Jordan 1 Retro Korkea og keltainen Toe Sneakers-Nahka lenkkarit"},"content":{"rendered":"<h2>Nike Air Jordan 1 Retro Korkea og keltainen Toe Sneakers-Nahka lenkkarit<\/h2>\n<p>Nike Air Jordan 1 Retro Korkea OG &#8221;Yellow Toe&#8221; lenkkarit ovatklassinen malli tuntijoille urheilullista tyyli\u00e4 ja mukavuutta. Valmistettu aidosta nahasta, jossa on tekstiilikieli, ne tarjoavat voimaa, kest\u00e4vyytt\u00e4 ja mukavan istuvuuden jalalle. Keltaisen ja mustan v\u00e4rin kirkas yhdistelm\u00e4 lis\u00e4\u00e4 kuvaan nykyaikaisuutta ja persoonallisuutta. Pohja takaa pehmustuksen ja vakauden k\u00e4velless\u00e4. Valmistaja on factory Vietnam. Valitse Air Jordan 1 Retro Korkea og keltainen Toe tyyli\u00e4 ja mukavuutta. Koodi: 2282-144581.<\/p>\n","protected":false},"excerpt":{"rendered":"<p>Nike Air Jordan 1 Retro Korkea OG &#8221;Yellow Toe&#8221; lenkkarit ovatklassinen malli tuntijoille urheilullista tyyli\u00e4 ja mukavuutta. Valmistettu aidosta nahasta, jossa on tekstiilikieli, ne tarjoavat voimaa, kest\u00e4vyytt\u00e4 ja mukavan istuvuuden jalalle. Keltaisen ja mustan v\u00e4rin kirkas yhdistelm\u00e4 lis\u00e4\u00e4 kuvaan nykyaikaisuutta ja persoonallisuutta. Pohja takaa pehmustuksen ja vakauden k\u00e4velless\u00e4. Valmistaja on factory Vietnam. Valitse Air Jordan 1 Retro Korkea og keltainen Toe tyyli\u00e4 ja mukavuutta. Koodi: 2282-144581.<\/p>\n","protected":false},"featured_media":706420,"comment_status":"open","ping_status":"open","template":"","meta":[],"product_brand":[],"product_cat":[3383,3199,3318],"product_tag":[],"class_list":{"0":"post-706419","1":"product","2":"type-product","3":"status-publish","4":"has-post-thumbnail","6":"product_cat-nike-jordan","7":"product_cat-all-product","8":"product_cat-kedy","9":"pa_rozmir-910","10":"pa_rozmir-912","11":"pa_rozmir-914","12":"pa_rozmir-915","13":"pa_rozmir-916","14":"pa_rozmir-917","15":"pa_rozmir-918","16":"pa_rozmir-919","17":"pa_rozmir-920","18":"pa_rozmir-921","19":"pa_rozmir-922","21":"first","22":"onbackorder","23":"purchasable","24":"product-type-variable"},"_links":{"self":[{"href":"https:\/\/nextsnkr.com\/fi\/wp-json\/wp\/v2\/product\/706419","targetHints":{"allow":["GET"]}}],"collection":[{"href":"https:\/\/nextsnkr.com\/fi\/wp-json\/wp\/v2\/product"}],"about":[{"href":"https:\/\/nextsnkr.com\/fi\/wp-json\/wp\/v2\/types\/product"}],"replies":[{"embeddable":true,"href":"https:\/\/nextsnkr.com\/fi\/wp-json\/wp\/v2\/comments?post=706419"}],"version-history":[{"count":0,"href":"https:\/\/nextsnkr.com\/fi\/wp-json\/wp\/v2\/product\/706419\/revisions"}],"wp:featuredmedia":[{"embeddable":true,"href":"https:\/\/nextsnkr.com\/fi\/wp-json\/wp\/v2\/media\/706420"}],"wp:attachment":[{"href":"https:\/\/nextsnkr.com\/fi\/wp-json\/wp\/v2\/media?parent=706419"}],"wp:term":[{"taxonomy":"product_brand","embeddable":true,"href":"https:\/\/nextsnkr.com\/fi\/wp-json\/wp\/v2\/product_brand?post=706419"},{"taxonomy":"product_cat","embeddable":true,"href":"https:\/\/nextsnkr.com\/fi\/wp-json\/wp\/v2\/product_cat?post=706419"},{"taxonomy":"product_tag","embeddable":true,"href":"https:\/\/nextsnkr.com\/fi\/wp-json\/wp\/v2\/product_tag?post=706419"}],"curies":[{"name":"wp","href":"https:\/\/api.w.org\/{rel}","templated":true}]}}