{"id":705911,"date":"2025-06-14T17:31:50","date_gmt":"2025-06-14T14:31:50","guid":{"rendered":"https:\/\/nextsnkr.com\/product\/ginger\/"},"modified":"2026-01-30T19:34:47","modified_gmt":"2026-01-30T16:34:47","slug":"ginger","status":"publish","type":"product","link":"https:\/\/nextsnkr.com\/fi\/tuote\/ginger\/","title":{"rendered":"UGG Ginger k\u00e4sineet-naisten nahkaa lampaan talvella"},"content":{"rendered":"<h2>UGG Ginger k\u00e4sineet-naisten nahkaa lampaan talvella<\/h2>\n<p>UGG Ginger-k\u00e4sineiss\u00e4 yhdistyv\u00e4t tyyli ja l\u00e4mp\u00f6 aidon nahan ja pehme\u00e4n lampaannahan ansiosta. Ne tarjoavat luotettavan suojan kylm\u00e4lt\u00e4, mukavan istuvuuden k\u00e4dess\u00e4 ja kest\u00e4v\u00e4t materiaalit. Tyylik\u00e4s muotoilu tekee n\u00e4ist\u00e4 k\u00e4sineist\u00e4 monipuoliset mihin tahansa talvi-ilmeeseen, ja Kiinan tuotannon korkea laatu takaa pitk\u00e4n k\u00e4ytt\u00f6i\u00e4n. Valitse UGG inkiv\u00e4\u00e4ri yhdist\u00e4\u00e4ksesi l\u00e4mp\u00f6\u00e4, mukavuutta ja tyyli\u00e4 kylm\u00e4n\u00e4 vuodenaikana.<\/p>\n","protected":false},"excerpt":{"rendered":"<p>UGG Ginger-k\u00e4sineiss\u00e4 yhdistyv\u00e4t tyyli ja l\u00e4mp\u00f6 aidon nahan ja pehme\u00e4n lampaannahan ansiosta. Ne tarjoavat luotettavan suojan kylm\u00e4lt\u00e4, mukavan istuvuuden k\u00e4dess\u00e4 ja kest\u00e4v\u00e4t materiaalit. Tyylik\u00e4s muotoilu tekee n\u00e4ist\u00e4 k\u00e4sineist\u00e4 monipuoliset mihin tahansa talvi-ilmeeseen, ja Kiinan tuotannon korkea laatu takaa pitk\u00e4n k\u00e4ytt\u00f6i\u00e4n. Valitse UGG inkiv\u00e4\u00e4ri yhdist\u00e4\u00e4ksesi l\u00e4mp\u00f6\u00e4, mukavuutta ja tyyli\u00e4 kylm\u00e4n\u00e4 vuodenaikana.<\/p>\n","protected":false},"featured_media":705912,"comment_status":"open","ping_status":"open","template":"","meta":[],"product_brand":[],"product_cat":[3407,3199,4435],"product_tag":[],"class_list":{"0":"post-705911","1":"product","2":"type-product","3":"status-publish","4":"has-post-thumbnail","6":"product_cat-ugg","7":"product_cat-all-product","8":"product_cat-rukavichki","9":"pa_rozmir-910","10":"pa_rozmir-912","11":"pa_rozmir-914","12":"pa_rozmir-915","13":"pa_rozmir-916","14":"pa_rozmir-917","15":"pa_rozmir-918","16":"pa_rozmir-919","17":"pa_rozmir-920","18":"pa_rozmir-921","19":"pa_rozmir-922","21":"first","22":"onbackorder","23":"purchasable","24":"product-type-variable"},"_links":{"self":[{"href":"https:\/\/nextsnkr.com\/fi\/wp-json\/wp\/v2\/product\/705911","targetHints":{"allow":["GET"]}}],"collection":[{"href":"https:\/\/nextsnkr.com\/fi\/wp-json\/wp\/v2\/product"}],"about":[{"href":"https:\/\/nextsnkr.com\/fi\/wp-json\/wp\/v2\/types\/product"}],"replies":[{"embeddable":true,"href":"https:\/\/nextsnkr.com\/fi\/wp-json\/wp\/v2\/comments?post=705911"}],"version-history":[{"count":0,"href":"https:\/\/nextsnkr.com\/fi\/wp-json\/wp\/v2\/product\/705911\/revisions"}],"wp:featuredmedia":[{"embeddable":true,"href":"https:\/\/nextsnkr.com\/fi\/wp-json\/wp\/v2\/media\/705912"}],"wp:attachment":[{"href":"https:\/\/nextsnkr.com\/fi\/wp-json\/wp\/v2\/media?parent=705911"}],"wp:term":[{"taxonomy":"product_brand","embeddable":true,"href":"https:\/\/nextsnkr.com\/fi\/wp-json\/wp\/v2\/product_brand?post=705911"},{"taxonomy":"product_cat","embeddable":true,"href":"https:\/\/nextsnkr.com\/fi\/wp-json\/wp\/v2\/product_cat?post=705911"},{"taxonomy":"product_tag","embeddable":true,"href":"https:\/\/nextsnkr.com\/fi\/wp-json\/wp\/v2\/product_tag?post=705911"}],"curies":[{"name":"wp","href":"https:\/\/api.w.org\/{rel}","templated":true}]}}