{"id":704723,"date":"2025-06-14T17:35:48","date_gmt":"2025-06-14T14:35:48","guid":{"rendered":"https:\/\/nextsnkr.com\/product\/mini-zip-black-leather\/"},"modified":"2026-01-30T19:34:13","modified_gmt":"2026-01-30T16:34:13","slug":"mini-zip-black-leather","status":"publish","type":"product","link":"https:\/\/nextsnkr.com\/fi\/tuote\/mini-zip-black-leather\/","title":{"rendered":"UGG Mini ZIP musta nahka-nahka Naisten talvi ugg saappaat"},"content":{"rendered":"<h2>UGG Mini ZIP musta nahka-nahka Naisten talvi ugg saappaat<\/h2>\n<p>UGG Mini ZIP musta nahka on tyylik\u00e4s ja mukava naisten ugg saappaat Aitoa nahkaa, suunniteltu l\u00e4mp\u00f6\u00e4 ja mukavuutta kylm\u00e4n\u00e4 vuodenaikana. Mallissa on kest\u00e4v\u00e4 pohja, mukava istuvuus ja tyylik\u00e4s musta muotoilu, joka voidaan helposti yhdist\u00e4\u00e4 mihin tahansa talvivaatekaappiin. Kiinassa valmistetut ugg-saappaat erottuvat kest\u00e4vyydest\u00e4\u00e4n, laadukkaista materiaaleista ja UGG-br\u00e4ndin ensiluokkaisesta tyylist\u00e4. T\u00e4ydellinen valinta p\u00e4ivitt\u00e4iseen k\u00e4ytt\u00f6\u00f6n ja talviaktiviteetteihin.<\/p>\n","protected":false},"excerpt":{"rendered":"<p>UGG Mini ZIP musta nahka on tyylik\u00e4s ja mukava naisten ugg saappaat Aitoa nahkaa, suunniteltu l\u00e4mp\u00f6\u00e4 ja mukavuutta kylm\u00e4n\u00e4 vuodenaikana. Mallissa on kest\u00e4v\u00e4 pohja, mukava istuvuus ja tyylik\u00e4s musta muotoilu, joka voidaan helposti yhdist\u00e4\u00e4 mihin tahansa talvivaatekaappiin. Kiinassa valmistetut ugg-saappaat erottuvat kest\u00e4vyydest\u00e4\u00e4n, laadukkaista materiaaleista ja UGG-br\u00e4ndin ensiluokkaisesta tyylist\u00e4. T\u00e4ydellinen valinta p\u00e4ivitt\u00e4iseen k\u00e4ytt\u00f6\u00f6n ja talviaktiviteetteihin.<\/p>\n","protected":false},"featured_media":704724,"comment_status":"open","ping_status":"open","template":"","meta":[],"product_brand":[],"product_cat":[3407,3199],"product_tag":[],"class_list":{"0":"post-704723","1":"product","2":"type-product","3":"status-publish","4":"has-post-thumbnail","6":"product_cat-ugg","7":"product_cat-all-product","8":"pa_rozmir-910","9":"pa_rozmir-912","10":"pa_rozmir-914","11":"pa_rozmir-915","12":"pa_rozmir-916","13":"pa_rozmir-917","14":"pa_rozmir-918","15":"pa_rozmir-919","16":"pa_rozmir-920","17":"pa_rozmir-921","18":"pa_rozmir-922","20":"first","21":"instock","22":"purchasable","23":"product-type-variable"},"_links":{"self":[{"href":"https:\/\/nextsnkr.com\/fi\/wp-json\/wp\/v2\/product\/704723","targetHints":{"allow":["GET"]}}],"collection":[{"href":"https:\/\/nextsnkr.com\/fi\/wp-json\/wp\/v2\/product"}],"about":[{"href":"https:\/\/nextsnkr.com\/fi\/wp-json\/wp\/v2\/types\/product"}],"replies":[{"embeddable":true,"href":"https:\/\/nextsnkr.com\/fi\/wp-json\/wp\/v2\/comments?post=704723"}],"version-history":[{"count":0,"href":"https:\/\/nextsnkr.com\/fi\/wp-json\/wp\/v2\/product\/704723\/revisions"}],"wp:featuredmedia":[{"embeddable":true,"href":"https:\/\/nextsnkr.com\/fi\/wp-json\/wp\/v2\/media\/704724"}],"wp:attachment":[{"href":"https:\/\/nextsnkr.com\/fi\/wp-json\/wp\/v2\/media?parent=704723"}],"wp:term":[{"taxonomy":"product_brand","embeddable":true,"href":"https:\/\/nextsnkr.com\/fi\/wp-json\/wp\/v2\/product_brand?post=704723"},{"taxonomy":"product_cat","embeddable":true,"href":"https:\/\/nextsnkr.com\/fi\/wp-json\/wp\/v2\/product_cat?post=704723"},{"taxonomy":"product_tag","embeddable":true,"href":"https:\/\/nextsnkr.com\/fi\/wp-json\/wp\/v2\/product_tag?post=704723"}],"curies":[{"name":"wp","href":"https:\/\/api.w.org\/{rel}","templated":true}]}}