{"id":704213,"date":"2025-06-14T17:37:39","date_gmt":"2025-06-14T14:37:39","guid":{"rendered":"https:\/\/nextsnkr.com\/product\/rowley-xlt-black-white\/"},"modified":"2026-01-30T19:33:57","modified_gmt":"2026-01-30T16:33:57","slug":"rowley-xlt-black-white","status":"publish","type":"product","link":"https:\/\/nextsnkr.com\/fi\/tuote\/rowley-xlt-black-white\/","title":{"rendered":"Rowley XLT mustat \/ valkoiset tennarit-klassiset nahkaiset Miesten tennarit"},"content":{"rendered":"<h2>Rowley XLT mustat \/ valkoiset tennarit-klassiset nahkaiset Miesten tennarit<\/h2>\n<p>Rowley XLT Musta \/ valkoinen lenkkarit ovat tyylik\u00e4s aitoa nahkaa malli p\u00e4ivitt\u00e4iseen k\u00e4ytt\u00f6\u00f6n. Mustavalkoinen v\u00e4riyhdistelm\u00e4 tekee niist\u00e4 monipuolisia ja helppoja yhdist\u00e4\u00e4 mihin tahansa kuvaan. Kest\u00e4v\u00e4 materiaali takaa kest\u00e4vyyden, ja mukava pohja takaa mukavuuden koko p\u00e4iv\u00e4n. Vietnamissa korkealaatuisista materiaaleista valmistetut Rowley XLT-tennarit yhdist\u00e4v\u00e4t tyylin, k\u00e4yt\u00e4nn\u00f6llisyyden ja luotettavuuden aktiiviseen el\u00e4m\u00e4ntapaan.<\/p>\n","protected":false},"excerpt":{"rendered":"<p>Rowley XLT Musta \/ valkoinen lenkkarit ovat tyylik\u00e4s aitoa nahkaa malli p\u00e4ivitt\u00e4iseen k\u00e4ytt\u00f6\u00f6n. Mustavalkoinen v\u00e4riyhdistelm\u00e4 tekee niist\u00e4 monipuolisia ja helppoja yhdist\u00e4\u00e4 mihin tahansa kuvaan. Kest\u00e4v\u00e4 materiaali takaa kest\u00e4vyyden, ja mukava pohja takaa mukavuuden koko p\u00e4iv\u00e4n. Vietnamissa korkealaatuisista materiaaleista valmistetut Rowley XLT-tennarit yhdist\u00e4v\u00e4t tyylin, k\u00e4yt\u00e4nn\u00f6llisyyden ja luotettavuuden aktiiviseen el\u00e4m\u00e4ntapaan.<\/p>\n","protected":false},"featured_media":704214,"comment_status":"open","ping_status":"open","template":"","meta":[],"product_brand":[],"product_cat":[3199,3318],"product_tag":[],"class_list":{"0":"post-704213","1":"product","2":"type-product","3":"status-publish","4":"has-post-thumbnail","6":"product_cat-all-product","7":"product_cat-kedy","8":"pa_rozmir-910","9":"pa_rozmir-912","10":"pa_rozmir-914","11":"pa_rozmir-915","12":"pa_rozmir-916","13":"pa_rozmir-917","14":"pa_rozmir-918","15":"pa_rozmir-919","16":"pa_rozmir-920","17":"pa_rozmir-921","18":"pa_rozmir-922","20":"first","21":"instock","22":"purchasable","23":"product-type-variable"},"_links":{"self":[{"href":"https:\/\/nextsnkr.com\/fi\/wp-json\/wp\/v2\/product\/704213","targetHints":{"allow":["GET"]}}],"collection":[{"href":"https:\/\/nextsnkr.com\/fi\/wp-json\/wp\/v2\/product"}],"about":[{"href":"https:\/\/nextsnkr.com\/fi\/wp-json\/wp\/v2\/types\/product"}],"replies":[{"embeddable":true,"href":"https:\/\/nextsnkr.com\/fi\/wp-json\/wp\/v2\/comments?post=704213"}],"version-history":[{"count":0,"href":"https:\/\/nextsnkr.com\/fi\/wp-json\/wp\/v2\/product\/704213\/revisions"}],"wp:featuredmedia":[{"embeddable":true,"href":"https:\/\/nextsnkr.com\/fi\/wp-json\/wp\/v2\/media\/704214"}],"wp:attachment":[{"href":"https:\/\/nextsnkr.com\/fi\/wp-json\/wp\/v2\/media?parent=704213"}],"wp:term":[{"taxonomy":"product_brand","embeddable":true,"href":"https:\/\/nextsnkr.com\/fi\/wp-json\/wp\/v2\/product_brand?post=704213"},{"taxonomy":"product_cat","embeddable":true,"href":"https:\/\/nextsnkr.com\/fi\/wp-json\/wp\/v2\/product_cat?post=704213"},{"taxonomy":"product_tag","embeddable":true,"href":"https:\/\/nextsnkr.com\/fi\/wp-json\/wp\/v2\/product_tag?post=704213"}],"curies":[{"name":"wp","href":"https:\/\/api.w.org\/{rel}","templated":true}]}}