{"id":703589,"date":"2025-06-14T17:40:23","date_gmt":"2025-06-14T14:40:23","guid":{"rendered":"https:\/\/nextsnkr.com\/product\/marc-jacobs-2\/"},"modified":"2026-01-30T19:33:14","modified_gmt":"2026-01-30T16:33:14","slug":"marc-jacobs-2","status":"publish","type":"product","link":"https:\/\/nextsnkr.com\/fi\/tuote\/marc-jacobs-2\/","title":{"rendered":"Marc Jacobsin ekologinen nahka &#8211; ja tekstiililaukku on tyylik\u00e4s naisten malli"},"content":{"rendered":"<h2>Marc Jacobsin ekologinen nahka &#8211; ja tekstiililaukku on tyylik\u00e4s naisten malli<\/h2>\n<p>Marc Jacobsin laukku on valmistettu korkealaatuisesta ekonahasta ja tekstiileist\u00e4, mik\u00e4 tarjoaa kest\u00e4vyytt\u00e4 ja modernin ilmeen. Tilavan sis\u00e4isen tilavuuden avulla voit k\u00e4tev\u00e4sti tallentaa tarvittavat asiat, ja br\u00e4ndin harkittu muotoilu lis\u00e4\u00e4 eleganssia mihin tahansa kuvaan. Malli on monipuolinen p\u00e4ivitt\u00e4iseen k\u00e4ytt\u00f6\u00f6n, k\u00e4velyyn ja ty\u00f6h\u00f6n. Ensiluokkaisen laadun, mukavuuden ja tyylikk\u00e4\u00e4n muotoilun yhdistelm\u00e4 tekee t\u00e4st\u00e4 laukusta t\u00e4ydellisen valinnan naisille, jotka arvostavat mukavuutta ja Marc Jacobs-tuotemerkki\u00e4.<\/p>\n","protected":false},"excerpt":{"rendered":"<p>Marc Jacobsin laukku on valmistettu korkealaatuisesta ekonahasta ja tekstiileist\u00e4, mik\u00e4 tarjoaa kest\u00e4vyytt\u00e4 ja modernin ilmeen. Tilavan sis\u00e4isen tilavuuden avulla voit k\u00e4tev\u00e4sti tallentaa tarvittavat asiat, ja br\u00e4ndin harkittu muotoilu lis\u00e4\u00e4 eleganssia mihin tahansa kuvaan. Malli on monipuolinen p\u00e4ivitt\u00e4iseen k\u00e4ytt\u00f6\u00f6n, k\u00e4velyyn ja ty\u00f6h\u00f6n. Ensiluokkaisen laadun, mukavuuden ja tyylikk\u00e4\u00e4n muotoilun yhdistelm\u00e4 tekee t\u00e4st\u00e4 laukusta t\u00e4ydellisen valinnan naisille, jotka arvostavat mukavuutta ja Marc Jacobs-tuotemerkki\u00e4.<\/p>\n","protected":false},"featured_media":703590,"comment_status":"open","ping_status":"open","template":"","meta":[],"product_brand":[],"product_cat":[3199,3476],"product_tag":[],"class_list":{"0":"post-703589","1":"product","2":"type-product","3":"status-publish","4":"has-post-thumbnail","6":"product_cat-all-product","7":"product_cat-sumky","8":"pa_rozmir-20kh12kh7","10":"first","11":"instock","12":"purchasable","13":"product-type-simple"},"_links":{"self":[{"href":"https:\/\/nextsnkr.com\/fi\/wp-json\/wp\/v2\/product\/703589","targetHints":{"allow":["GET"]}}],"collection":[{"href":"https:\/\/nextsnkr.com\/fi\/wp-json\/wp\/v2\/product"}],"about":[{"href":"https:\/\/nextsnkr.com\/fi\/wp-json\/wp\/v2\/types\/product"}],"replies":[{"embeddable":true,"href":"https:\/\/nextsnkr.com\/fi\/wp-json\/wp\/v2\/comments?post=703589"}],"version-history":[{"count":0,"href":"https:\/\/nextsnkr.com\/fi\/wp-json\/wp\/v2\/product\/703589\/revisions"}],"wp:featuredmedia":[{"embeddable":true,"href":"https:\/\/nextsnkr.com\/fi\/wp-json\/wp\/v2\/media\/703590"}],"wp:attachment":[{"href":"https:\/\/nextsnkr.com\/fi\/wp-json\/wp\/v2\/media?parent=703589"}],"wp:term":[{"taxonomy":"product_brand","embeddable":true,"href":"https:\/\/nextsnkr.com\/fi\/wp-json\/wp\/v2\/product_brand?post=703589"},{"taxonomy":"product_cat","embeddable":true,"href":"https:\/\/nextsnkr.com\/fi\/wp-json\/wp\/v2\/product_cat?post=703589"},{"taxonomy":"product_tag","embeddable":true,"href":"https:\/\/nextsnkr.com\/fi\/wp-json\/wp\/v2\/product_tag?post=703589"}],"curies":[{"name":"wp","href":"https:\/\/api.w.org\/{rel}","templated":true}]}}