{"id":703113,"date":"2025-06-14T17:41:42","date_gmt":"2025-06-14T14:41:42","guid":{"rendered":"https:\/\/nextsnkr.com\/product\/converse-chuck-70-classic-low-top-black\/"},"modified":"2026-01-30T19:33:05","modified_gmt":"2026-01-30T16:33:05","slug":"converse-chuck-70-classic-low-top-black","status":"publish","type":"product","link":"https:\/\/nextsnkr.com\/fi\/tuote\/converse-chuck-70-classic-low-top-black\/","title":{"rendered":"Converse Chuck 70 klassiset matalat mustat tennarit-Miesten Tekstiili"},"content":{"rendered":"<h2>Converse Chuck 70 klassiset matalat mustat tennarit-Miesten Tekstiili<\/h2>\n<p>Converse Chuck 70 Classic Low-top mustat lenkkarit ovat legendaarinen malli, joka on Valmistettu tekstiilist\u00e4 ja kest\u00e4v\u00e4st\u00e4 kumista, jossa yhdistyv\u00e4t tyyli, mukavuus ja kest\u00e4vyys. Musta v\u00e4ri tekee niist\u00e4 monipuolisia mihin tahansa rentoon ilmeeseen, ja matala yl\u00e4osa tarjoaa liikkumisvapauden ja mukavuuden k\u00e4ytt\u00e4\u00e4. N\u00e4m\u00e4 Vietnamissa valmistetut lenkkarit erottuvat Converse-tuotemerkin korkeasta laadusta ja luotettavuudesta. Valitse Chuck 70 Classic yhdist\u00e4\u00e4ksesi klassisen muotoilun ja modernin tyylin joka p\u00e4iv\u00e4.<\/p>\n","protected":false},"excerpt":{"rendered":"<p>Converse Chuck 70 Classic Low-top mustat lenkkarit ovat legendaarinen malli, joka on Valmistettu tekstiilist\u00e4 ja kest\u00e4v\u00e4st\u00e4 kumista, jossa yhdistyv\u00e4t tyyli, mukavuus ja kest\u00e4vyys. Musta v\u00e4ri tekee niist\u00e4 monipuolisia mihin tahansa rentoon ilmeeseen, ja matala yl\u00e4osa tarjoaa liikkumisvapauden ja mukavuuden k\u00e4ytt\u00e4\u00e4. N\u00e4m\u00e4 Vietnamissa valmistetut lenkkarit erottuvat Converse-tuotemerkin korkeasta laadusta ja luotettavuudesta. Valitse Chuck 70 Classic yhdist\u00e4\u00e4ksesi klassisen muotoilun ja modernin tyylin joka p\u00e4iv\u00e4.<\/p>\n","protected":false},"featured_media":703114,"comment_status":"open","ping_status":"open","template":"","meta":[],"product_brand":[],"product_cat":[3199,3318],"product_tag":[],"class_list":{"0":"post-703113","1":"product","2":"type-product","3":"status-publish","4":"has-post-thumbnail","6":"product_cat-all-product","7":"product_cat-kedy","8":"pa_rozmir-910","9":"pa_rozmir-912","10":"pa_rozmir-914","11":"pa_rozmir-915","12":"pa_rozmir-916","13":"pa_rozmir-917","14":"pa_rozmir-918","15":"pa_rozmir-919","16":"pa_rozmir-920","17":"pa_rozmir-921","18":"pa_rozmir-922","20":"first","21":"instock","22":"purchasable","23":"product-type-variable"},"_links":{"self":[{"href":"https:\/\/nextsnkr.com\/fi\/wp-json\/wp\/v2\/product\/703113","targetHints":{"allow":["GET"]}}],"collection":[{"href":"https:\/\/nextsnkr.com\/fi\/wp-json\/wp\/v2\/product"}],"about":[{"href":"https:\/\/nextsnkr.com\/fi\/wp-json\/wp\/v2\/types\/product"}],"replies":[{"embeddable":true,"href":"https:\/\/nextsnkr.com\/fi\/wp-json\/wp\/v2\/comments?post=703113"}],"version-history":[{"count":0,"href":"https:\/\/nextsnkr.com\/fi\/wp-json\/wp\/v2\/product\/703113\/revisions"}],"wp:featuredmedia":[{"embeddable":true,"href":"https:\/\/nextsnkr.com\/fi\/wp-json\/wp\/v2\/media\/703114"}],"wp:attachment":[{"href":"https:\/\/nextsnkr.com\/fi\/wp-json\/wp\/v2\/media?parent=703113"}],"wp:term":[{"taxonomy":"product_brand","embeddable":true,"href":"https:\/\/nextsnkr.com\/fi\/wp-json\/wp\/v2\/product_brand?post=703113"},{"taxonomy":"product_cat","embeddable":true,"href":"https:\/\/nextsnkr.com\/fi\/wp-json\/wp\/v2\/product_cat?post=703113"},{"taxonomy":"product_tag","embeddable":true,"href":"https:\/\/nextsnkr.com\/fi\/wp-json\/wp\/v2\/product_tag?post=703113"}],"curies":[{"name":"wp","href":"https:\/\/api.w.org\/{rel}","templated":true}]}}