{"id":696824,"date":"2025-06-16T21:46:43","date_gmt":"2025-06-16T18:46:43","guid":{"rendered":"https:\/\/nextsnkr.com\/product\/nike-air-jordan-1-mid-se-asw-carbon-fiber\/"},"modified":"2026-01-30T19:29:39","modified_gmt":"2026-01-30T16:29:39","slug":"nike-air-jordan-1-mid-se-asw-carbon-fiber","status":"publish","type":"product","link":"https:\/\/nextsnkr.com\/fi\/tuote\/nike-air-jordan-1-mid-se-asw-carbon-fiber\/","title":{"rendered":"Nike Air Jordan 1 Mid SE ASW hiilikuitu lenkkarit-miesten kiiltonahka"},"content":{"rendered":"<h2>Nike Air Jordan 1 Mid SE ASW hiilikuitu lenkkarit-miesten kiiltonahka<\/h2>\n<p>Nike Air Jordan 1 Mid se ASW Hiilikuituontyylik\u00e4s kiiltonahkaa miesten juoksukenk\u00e4, jossa yhdistyv\u00e4t mukavuus, kest\u00e4vyys ja moderni muotoilu. Mallissa on vaahtomuovista ja kulutusta kest\u00e4v\u00e4st\u00e4 kumista valmistettu iskuja vaimentava pohja, joka takaa mukavuuden k\u00e4velless\u00e4 ja kest\u00e4vyyden. Sarja sis\u00e4lt\u00e4\u00e4 Jordan-laatikon, ylim\u00e4\u00e4r\u00e4isi\u00e4 nauhoja ja asiakirjoja, jotka vahvistavat omaper\u00e4isyyden. Tuotanto Vietnamissa takaa korkealaatuiset materiaalit. Valitse Nike Air Jordan 1 Mid SE ASW hiilikuitu tyylik\u00e4s ja mukava katsoa joka p\u00e4iv\u00e4.<\/p>\n","protected":false},"excerpt":{"rendered":"<p>Nike Air Jordan 1 Mid se ASW Hiilikuituontyylik\u00e4s kiiltonahkaa miesten juoksukenk\u00e4, jossa yhdistyv\u00e4t mukavuus, kest\u00e4vyys ja moderni muotoilu. Mallissa on vaahtomuovista ja kulutusta kest\u00e4v\u00e4st\u00e4 kumista valmistettu iskuja vaimentava pohja, joka takaa mukavuuden k\u00e4velless\u00e4 ja kest\u00e4vyyden. Sarja sis\u00e4lt\u00e4\u00e4 Jordan-laatikon, ylim\u00e4\u00e4r\u00e4isi\u00e4 nauhoja ja asiakirjoja, jotka vahvistavat omaper\u00e4isyyden. Tuotanto Vietnamissa takaa korkealaatuiset materiaalit. Valitse Nike Air Jordan 1 Mid SE ASW hiilikuitu tyylik\u00e4s ja mukava katsoa joka p\u00e4iv\u00e4.<\/p>\n","protected":false},"featured_media":696825,"comment_status":"open","ping_status":"open","template":"","meta":[],"product_brand":[],"product_cat":[3383,3199,3318],"product_tag":[],"class_list":{"0":"post-696824","1":"product","2":"type-product","3":"status-publish","4":"has-post-thumbnail","6":"product_cat-nike-jordan","7":"product_cat-all-product","8":"product_cat-kedy","9":"pa_rozmir-910","10":"pa_rozmir-912","11":"pa_rozmir-914","12":"pa_rozmir-915","13":"pa_rozmir-916","14":"pa_rozmir-917","15":"pa_rozmir-918","16":"pa_rozmir-919","17":"pa_rozmir-920","18":"pa_rozmir-921","19":"pa_rozmir-922","21":"first","22":"onbackorder","23":"purchasable","24":"product-type-variable"},"_links":{"self":[{"href":"https:\/\/nextsnkr.com\/fi\/wp-json\/wp\/v2\/product\/696824","targetHints":{"allow":["GET"]}}],"collection":[{"href":"https:\/\/nextsnkr.com\/fi\/wp-json\/wp\/v2\/product"}],"about":[{"href":"https:\/\/nextsnkr.com\/fi\/wp-json\/wp\/v2\/types\/product"}],"replies":[{"embeddable":true,"href":"https:\/\/nextsnkr.com\/fi\/wp-json\/wp\/v2\/comments?post=696824"}],"version-history":[{"count":0,"href":"https:\/\/nextsnkr.com\/fi\/wp-json\/wp\/v2\/product\/696824\/revisions"}],"wp:featuredmedia":[{"embeddable":true,"href":"https:\/\/nextsnkr.com\/fi\/wp-json\/wp\/v2\/media\/696825"}],"wp:attachment":[{"href":"https:\/\/nextsnkr.com\/fi\/wp-json\/wp\/v2\/media?parent=696824"}],"wp:term":[{"taxonomy":"product_brand","embeddable":true,"href":"https:\/\/nextsnkr.com\/fi\/wp-json\/wp\/v2\/product_brand?post=696824"},{"taxonomy":"product_cat","embeddable":true,"href":"https:\/\/nextsnkr.com\/fi\/wp-json\/wp\/v2\/product_cat?post=696824"},{"taxonomy":"product_tag","embeddable":true,"href":"https:\/\/nextsnkr.com\/fi\/wp-json\/wp\/v2\/product_tag?post=696824"}],"curies":[{"name":"wp","href":"https:\/\/api.w.org\/{rel}","templated":true}]}}