{"id":695047,"date":"2025-06-16T21:53:07","date_gmt":"2025-06-16T18:53:07","guid":{"rendered":"https:\/\/nextsnkr.com\/product\/nike-air-jordan-4-retro-infrared\/"},"modified":"2026-01-30T19:28:51","modified_gmt":"2026-01-30T16:28:51","slug":"nike-air-jordan-4-retro-infrared","status":"publish","type":"product","link":"https:\/\/nextsnkr.com\/fi\/tuote\/nike-air-jordan-4-retro-infrared\/","title":{"rendered":"Nike Air Jordan 4 Retro infrapuna Nahka lenkkarit-tyyli ja mukavuus"},"content":{"rendered":"<h2>Nike Air Jordan 4 Retro infrapuna Nahka lenkkarit-tyyli ja mukavuus<\/h2>\n<p>Nike Air Jordan 4 Retro &#8221;Infrared&#8221; lenkkarit on valmistettu korkealaatuisesta nahasta, joka tarjoaa kest\u00e4vyytt\u00e4, jalka tukea ja mukavuutta p\u00e4ivitt\u00e4isess\u00e4 k\u00e4yt\u00f6ss\u00e4. Kirkkaanpunaiset aksentit infrapuna lis\u00e4t\u00e4 muodikas aksentti ja korostaaair Jordan br\u00e4ndi. Ergonominen pohja takaa pehmusteen ja mukavuuden k\u00e4velless\u00e4, kun taas klassinen muotoilu tekee mallista monipuolisen rentoon ja urheilulliseen tyyliin. N\u00e4iss\u00e4 Vietnamissa valmistetuissa lenkkareissa yhdistyv\u00e4t mukavuus, laatu ja moderni urbaani ilme.<\/p>\n","protected":false},"excerpt":{"rendered":"<p>Nike Air Jordan 4 Retro &#8221;Infrared&#8221; lenkkarit on valmistettu korkealaatuisesta nahasta, joka tarjoaa kest\u00e4vyytt\u00e4, jalka tukea ja mukavuutta p\u00e4ivitt\u00e4isess\u00e4 k\u00e4yt\u00f6ss\u00e4. Kirkkaanpunaiset aksentit infrapuna lis\u00e4t\u00e4 muodikas aksentti ja korostaaair Jordan br\u00e4ndi. Ergonominen pohja takaa pehmusteen ja mukavuuden k\u00e4velless\u00e4, kun taas klassinen muotoilu tekee mallista monipuolisen rentoon ja urheilulliseen tyyliin. N\u00e4iss\u00e4 Vietnamissa valmistetuissa lenkkareissa yhdistyv\u00e4t mukavuus, laatu ja moderni urbaani ilme.<\/p>\n","protected":false},"featured_media":695050,"comment_status":"open","ping_status":"open","template":"","meta":[],"product_brand":[],"product_cat":[3383,3199,3200],"product_tag":[],"class_list":{"0":"post-695047","1":"product","2":"type-product","3":"status-publish","4":"has-post-thumbnail","6":"product_cat-nike-jordan","7":"product_cat-all-product","8":"product_cat-krosivky","9":"pa_rozmir-910","10":"pa_rozmir-912","11":"pa_rozmir-914","12":"pa_rozmir-915","13":"pa_rozmir-916","14":"pa_rozmir-917","15":"pa_rozmir-918","16":"pa_rozmir-919","17":"pa_rozmir-920","18":"pa_rozmir-921","19":"pa_rozmir-922","21":"first","22":"onbackorder","23":"purchasable","24":"product-type-variable"},"_links":{"self":[{"href":"https:\/\/nextsnkr.com\/fi\/wp-json\/wp\/v2\/product\/695047","targetHints":{"allow":["GET"]}}],"collection":[{"href":"https:\/\/nextsnkr.com\/fi\/wp-json\/wp\/v2\/product"}],"about":[{"href":"https:\/\/nextsnkr.com\/fi\/wp-json\/wp\/v2\/types\/product"}],"replies":[{"embeddable":true,"href":"https:\/\/nextsnkr.com\/fi\/wp-json\/wp\/v2\/comments?post=695047"}],"version-history":[{"count":0,"href":"https:\/\/nextsnkr.com\/fi\/wp-json\/wp\/v2\/product\/695047\/revisions"}],"wp:featuredmedia":[{"embeddable":true,"href":"https:\/\/nextsnkr.com\/fi\/wp-json\/wp\/v2\/media\/695050"}],"wp:attachment":[{"href":"https:\/\/nextsnkr.com\/fi\/wp-json\/wp\/v2\/media?parent=695047"}],"wp:term":[{"taxonomy":"product_brand","embeddable":true,"href":"https:\/\/nextsnkr.com\/fi\/wp-json\/wp\/v2\/product_brand?post=695047"},{"taxonomy":"product_cat","embeddable":true,"href":"https:\/\/nextsnkr.com\/fi\/wp-json\/wp\/v2\/product_cat?post=695047"},{"taxonomy":"product_tag","embeddable":true,"href":"https:\/\/nextsnkr.com\/fi\/wp-json\/wp\/v2\/product_tag?post=695047"}],"curies":[{"name":"wp","href":"https:\/\/api.w.org\/{rel}","templated":true}]}}