{"id":694279,"date":"2025-06-18T19:25:08","date_gmt":"2025-06-18T16:25:08","guid":{"rendered":"https:\/\/nextsnkr.com\/product\/skate-sneaker-beige-white\/"},"modified":"2026-01-30T19:28:28","modified_gmt":"2026-01-30T16:28:28","slug":"skate-sneaker-beige-white","status":"publish","type":"product","link":"https:\/\/nextsnkr.com\/fi\/tuote\/skate-sneaker-beige-white\/","title":{"rendered":"Skate Sneaker Beige valkoiset tennarit-tyylikk\u00e4\u00e4t tekstiililenkkarit"},"content":{"rendered":"<h2>Skate Sneaker Beige valkoiset tennarit-tyylikk\u00e4\u00e4t tekstiililenkkarit<\/h2>\n<p>Skate Sneaker Beiget valkoiset tennarit yhdist\u00e4v\u00e4t mukavuuden ja modernin muotoilun. Valmistettu korkealaatuisista tekstiileist\u00e4, ne tarjoavat keveytt\u00e4 ja hengitt\u00e4vi\u00e4 ominaisuuksia k\u00e4yt\u00f6n aikana. Ihanteellinen p\u00e4ivitt\u00e4iseen k\u00e4ytt\u00f6\u00f6n ja ulkoiluun. Skate Sneaker-mallissa on tyylik\u00e4s beige-valkoinen v\u00e4riyhdistelm\u00e4 ja kest\u00e4v\u00e4t materiaalit. Valmistaja on Kiina. Valitse mukavuus ja tyyli jokaisessa vaiheessa.<\/p>\n","protected":false},"excerpt":{"rendered":"<p>Skate Sneaker Beiget valkoiset tennarit yhdist\u00e4v\u00e4t mukavuuden ja modernin muotoilun. Valmistettu korkealaatuisista tekstiileist\u00e4, ne tarjoavat keveytt\u00e4 ja hengitt\u00e4vi\u00e4 ominaisuuksia k\u00e4yt\u00f6n aikana. Ihanteellinen p\u00e4ivitt\u00e4iseen k\u00e4ytt\u00f6\u00f6n ja ulkoiluun. Skate Sneaker-mallissa on tyylik\u00e4s beige-valkoinen v\u00e4riyhdistelm\u00e4 ja kest\u00e4v\u00e4t materiaalit. Valmistaja on Kiina. Valitse mukavuus ja tyyli jokaisessa vaiheessa.<\/p>\n","protected":false},"featured_media":694280,"comment_status":"open","ping_status":"open","template":"","meta":[],"product_brand":[],"product_cat":[3199,3318],"product_tag":[],"class_list":{"0":"post-694279","1":"product","2":"type-product","3":"status-publish","4":"has-post-thumbnail","6":"product_cat-all-product","7":"product_cat-kedy","8":"pa_rozmir-910","9":"pa_rozmir-912","10":"pa_rozmir-914","11":"pa_rozmir-915","12":"pa_rozmir-916","13":"pa_rozmir-917","14":"pa_rozmir-918","15":"pa_rozmir-919","16":"pa_rozmir-920","17":"pa_rozmir-921","18":"pa_rozmir-922","20":"first","21":"onbackorder","22":"purchasable","23":"product-type-variable"},"_links":{"self":[{"href":"https:\/\/nextsnkr.com\/fi\/wp-json\/wp\/v2\/product\/694279","targetHints":{"allow":["GET"]}}],"collection":[{"href":"https:\/\/nextsnkr.com\/fi\/wp-json\/wp\/v2\/product"}],"about":[{"href":"https:\/\/nextsnkr.com\/fi\/wp-json\/wp\/v2\/types\/product"}],"replies":[{"embeddable":true,"href":"https:\/\/nextsnkr.com\/fi\/wp-json\/wp\/v2\/comments?post=694279"}],"version-history":[{"count":0,"href":"https:\/\/nextsnkr.com\/fi\/wp-json\/wp\/v2\/product\/694279\/revisions"}],"wp:featuredmedia":[{"embeddable":true,"href":"https:\/\/nextsnkr.com\/fi\/wp-json\/wp\/v2\/media\/694280"}],"wp:attachment":[{"href":"https:\/\/nextsnkr.com\/fi\/wp-json\/wp\/v2\/media?parent=694279"}],"wp:term":[{"taxonomy":"product_brand","embeddable":true,"href":"https:\/\/nextsnkr.com\/fi\/wp-json\/wp\/v2\/product_brand?post=694279"},{"taxonomy":"product_cat","embeddable":true,"href":"https:\/\/nextsnkr.com\/fi\/wp-json\/wp\/v2\/product_cat?post=694279"},{"taxonomy":"product_tag","embeddable":true,"href":"https:\/\/nextsnkr.com\/fi\/wp-json\/wp\/v2\/product_tag?post=694279"}],"curies":[{"name":"wp","href":"https:\/\/api.w.org\/{rel}","templated":true}]}}