{"id":693737,"date":"2025-06-16T21:57:10","date_gmt":"2025-06-16T18:57:10","guid":{"rendered":"https:\/\/nextsnkr.com\/product\/nike-air-jordan-4-retro-military-black\/"},"modified":"2026-01-30T19:27:58","modified_gmt":"2026-01-30T16:27:58","slug":"nike-air-jordan-4-retro-military-black","status":"publish","type":"product","link":"https:\/\/nextsnkr.com\/fi\/tuote\/nike-air-jordan-4-retro-military-black\/","title":{"rendered":"Nike Air Jordan 4 Retro Sotilaallinen Musta Lenkkarit-Premium Nahka Lenkkarit"},"content":{"rendered":"<h2>Nike Air Jordan 4 Retro Sotilaallinen Musta Lenkkarit-Premium Nahka Lenkkarit<\/h2>\n<p>Nike Air Jordan 4 Retro &#8221;Military Black&#8221; lenkkarit ovatklassinen malli yst\u00e4ville urheilun ja kaupunkien tyyliin. Valmistettu korkealaatuisesta nahasta, ne tarjoavat mukavuutta, kest\u00e4vyytt\u00e4 ja luotettavaa jalkatukea. Musta v\u00e4ri tekee tennareista monipuoliset ja helppo sovittaa mihin tahansa asuun, mik\u00e4 lis\u00e4\u00e4 ulkon\u00e4k\u00f6\u00f6n tiukkaa ja tyylik\u00e4st\u00e4 korostusta. N\u00e4m\u00e4 Vietnamissa valmistetut lenkkarit sopivat t\u00e4ydellisesti jokap\u00e4iv\u00e4iseen k\u00e4ytt\u00f6\u00f6n, aktiiviseen asumiseen ja ker\u00e4ilyyn. Valitse Air Jordan 4 Retro \u2014 yhdistelm\u00e4 tyyli\u00e4, mukavuutta ja ensiluokkaista laatua.<\/p>\n","protected":false},"excerpt":{"rendered":"<p>Nike Air Jordan 4 Retro &#8221;Military Black&#8221; lenkkarit ovatklassinen malli yst\u00e4ville urheilun ja kaupunkien tyyliin. Valmistettu korkealaatuisesta nahasta, ne tarjoavat mukavuutta, kest\u00e4vyytt\u00e4 ja luotettavaa jalkatukea. Musta v\u00e4ri tekee tennareista monipuoliset ja helppo sovittaa mihin tahansa asuun, mik\u00e4 lis\u00e4\u00e4 ulkon\u00e4k\u00f6\u00f6n tiukkaa ja tyylik\u00e4st\u00e4 korostusta. N\u00e4m\u00e4 Vietnamissa valmistetut lenkkarit sopivat t\u00e4ydellisesti jokap\u00e4iv\u00e4iseen k\u00e4ytt\u00f6\u00f6n, aktiiviseen asumiseen ja ker\u00e4ilyyn. Valitse Air Jordan 4 Retro \u2014 yhdistelm\u00e4 tyyli\u00e4, mukavuutta ja ensiluokkaista laatua.<\/p>\n","protected":false},"featured_media":693740,"comment_status":"open","ping_status":"open","template":"","meta":[],"product_brand":[],"product_cat":[3383,3199,3200],"product_tag":[],"class_list":{"0":"post-693737","1":"product","2":"type-product","3":"status-publish","4":"has-post-thumbnail","6":"product_cat-nike-jordan","7":"product_cat-all-product","8":"product_cat-krosivky","9":"pa_rozmir-910","10":"pa_rozmir-912","11":"pa_rozmir-914","12":"pa_rozmir-915","13":"pa_rozmir-916","14":"pa_rozmir-917","15":"pa_rozmir-918","16":"pa_rozmir-919","17":"pa_rozmir-920","18":"pa_rozmir-921","19":"pa_rozmir-922","21":"first","22":"onbackorder","23":"purchasable","24":"product-type-variable"},"_links":{"self":[{"href":"https:\/\/nextsnkr.com\/fi\/wp-json\/wp\/v2\/product\/693737","targetHints":{"allow":["GET"]}}],"collection":[{"href":"https:\/\/nextsnkr.com\/fi\/wp-json\/wp\/v2\/product"}],"about":[{"href":"https:\/\/nextsnkr.com\/fi\/wp-json\/wp\/v2\/types\/product"}],"replies":[{"embeddable":true,"href":"https:\/\/nextsnkr.com\/fi\/wp-json\/wp\/v2\/comments?post=693737"}],"version-history":[{"count":0,"href":"https:\/\/nextsnkr.com\/fi\/wp-json\/wp\/v2\/product\/693737\/revisions"}],"wp:featuredmedia":[{"embeddable":true,"href":"https:\/\/nextsnkr.com\/fi\/wp-json\/wp\/v2\/media\/693740"}],"wp:attachment":[{"href":"https:\/\/nextsnkr.com\/fi\/wp-json\/wp\/v2\/media?parent=693737"}],"wp:term":[{"taxonomy":"product_brand","embeddable":true,"href":"https:\/\/nextsnkr.com\/fi\/wp-json\/wp\/v2\/product_brand?post=693737"},{"taxonomy":"product_cat","embeddable":true,"href":"https:\/\/nextsnkr.com\/fi\/wp-json\/wp\/v2\/product_cat?post=693737"},{"taxonomy":"product_tag","embeddable":true,"href":"https:\/\/nextsnkr.com\/fi\/wp-json\/wp\/v2\/product_tag?post=693737"}],"curies":[{"name":"wp","href":"https:\/\/api.w.org\/{rel}","templated":true}]}}