{"id":693223,"date":"2025-06-18T19:29:03","date_gmt":"2025-06-18T16:29:03","guid":{"rendered":"https:\/\/nextsnkr.com\/product\/jacquemus\/"},"modified":"2026-01-30T19:27:30","modified_gmt":"2026-01-30T16:27:30","slug":"jacquemus","status":"publish","type":"product","link":"https:\/\/nextsnkr.com\/fi\/tuote\/jacquemus\/","title":{"rendered":"Jacquemus eco &#8211; nahkalaukku on tyylik\u00e4s ja monipuolinen"},"content":{"rendered":"<h2>Jacquemus eco &#8211; nahkalaukku on tyylik\u00e4s ja monipuolinen<\/h2>\n<p>Jacquemus-laukku on valmistettu korkealaatuisesta ekonahasta, ja siin\u00e4 yhdistyv\u00e4t tyylik\u00e4s muotoilu ja k\u00e4yt\u00e4nn\u00f6llisyys p\u00e4ivitt\u00e4iseen k\u00e4ytt\u00f6\u00f6n. Kevyt ja tilava, se on ihanteellinen kaupunkik\u00e4velyille, t\u00f6ihin tai kokouksiin. Jacquemus-br\u00e4ndi takaa tyylikkyyden ja nykyiset muotivirtaukset. T\u00e4m\u00e4n laukun valitseminen korostaa hienostunutta makuasi ja siit\u00e4 tulee v\u00e4ltt\u00e4m\u00e4t\u00f6n lis\u00e4varuste miss\u00e4 tahansa ulkoasussa.<\/p>\n","protected":false},"excerpt":{"rendered":"<p>Jacquemus-laukku on valmistettu korkealaatuisesta ekonahasta, ja siin\u00e4 yhdistyv\u00e4t tyylik\u00e4s muotoilu ja k\u00e4yt\u00e4nn\u00f6llisyys p\u00e4ivitt\u00e4iseen k\u00e4ytt\u00f6\u00f6n. Kevyt ja tilava, se on ihanteellinen kaupunkik\u00e4velyille, t\u00f6ihin tai kokouksiin. Jacquemus-br\u00e4ndi takaa tyylikkyyden ja nykyiset muotivirtaukset. T\u00e4m\u00e4n laukun valitseminen korostaa hienostunutta makuasi ja siit\u00e4 tulee v\u00e4ltt\u00e4m\u00e4t\u00f6n lis\u00e4varuste miss\u00e4 tahansa ulkoasussa.<\/p>\n","protected":false},"featured_media":693225,"comment_status":"open","ping_status":"open","template":"","meta":[],"product_brand":[],"product_cat":[3199,3476],"product_tag":[],"class_list":{"0":"post-693223","1":"product","2":"type-product","3":"status-publish","4":"has-post-thumbnail","6":"product_cat-all-product","7":"product_cat-sumky","8":"pa_rozmir-3759","10":"first","11":"instock","12":"purchasable","13":"product-type-simple"},"_links":{"self":[{"href":"https:\/\/nextsnkr.com\/fi\/wp-json\/wp\/v2\/product\/693223","targetHints":{"allow":["GET"]}}],"collection":[{"href":"https:\/\/nextsnkr.com\/fi\/wp-json\/wp\/v2\/product"}],"about":[{"href":"https:\/\/nextsnkr.com\/fi\/wp-json\/wp\/v2\/types\/product"}],"replies":[{"embeddable":true,"href":"https:\/\/nextsnkr.com\/fi\/wp-json\/wp\/v2\/comments?post=693223"}],"version-history":[{"count":0,"href":"https:\/\/nextsnkr.com\/fi\/wp-json\/wp\/v2\/product\/693223\/revisions"}],"wp:featuredmedia":[{"embeddable":true,"href":"https:\/\/nextsnkr.com\/fi\/wp-json\/wp\/v2\/media\/693225"}],"wp:attachment":[{"href":"https:\/\/nextsnkr.com\/fi\/wp-json\/wp\/v2\/media?parent=693223"}],"wp:term":[{"taxonomy":"product_brand","embeddable":true,"href":"https:\/\/nextsnkr.com\/fi\/wp-json\/wp\/v2\/product_brand?post=693223"},{"taxonomy":"product_cat","embeddable":true,"href":"https:\/\/nextsnkr.com\/fi\/wp-json\/wp\/v2\/product_cat?post=693223"},{"taxonomy":"product_tag","embeddable":true,"href":"https:\/\/nextsnkr.com\/fi\/wp-json\/wp\/v2\/product_tag?post=693223"}],"curies":[{"name":"wp","href":"https:\/\/api.w.org\/{rel}","templated":true}]}}