{"id":692641,"date":"2025-06-17T21:07:51","date_gmt":"2025-06-17T18:07:51","guid":{"rendered":"https:\/\/nextsnkr.com\/product\/yeezy-slide-orange\/"},"modified":"2026-01-30T19:27:17","modified_gmt":"2026-01-30T16:27:17","slug":"yeezy-slide-orange","status":"publish","type":"product","link":"https:\/\/nextsnkr.com\/fi\/tuote\/yeezy-slide-orange\/","title":{"rendered":"Yeezy Slide Orange Tossut-kevyet EVA-varvastossut jokap\u00e4iv\u00e4iseen k\u00e4ytt\u00f6\u00f6n"},"content":{"rendered":"<h2>Yeezy Slide Orange Tossut-kevyet EVA-varvastossut jokap\u00e4iv\u00e4iseen k\u00e4ytt\u00f6\u00f6n<\/h2>\n<p>Yeezy Slide Orange-tossut ovat mukavat ja tyylikk\u00e4\u00e4t EVA-varvastossut, jotka ovat ihanteellisia jokap\u00e4iv\u00e4iseen k\u00e4ytt\u00f6\u00f6n kotona tai ulkona. Kevyet ja joustavat ne tarjoavat maksimaalisen mukavuuden ja pehmustuksen jokaisella askeleella. Kirkkaan oranssi v\u00e4ri lis\u00e4\u00e4 kirkkautta ilmeeseen ja on helppo yhdist\u00e4\u00e4 mihin tahansa urheilu-tai vapaa-ajan vaatteisiin. Vietnamissa valmistetut Yeezy Slide Orange-tossut yhdist\u00e4v\u00e4t tyylin, k\u00e4yt\u00e4nn\u00f6llisyyden ja kest\u00e4vyyden.<\/p>\n","protected":false},"excerpt":{"rendered":"<p>Yeezy Slide Orange-tossut ovat mukavat ja tyylikk\u00e4\u00e4t EVA-varvastossut, jotka ovat ihanteellisia jokap\u00e4iv\u00e4iseen k\u00e4ytt\u00f6\u00f6n kotona tai ulkona. Kevyet ja joustavat ne tarjoavat maksimaalisen mukavuuden ja pehmustuksen jokaisella askeleella. Kirkkaan oranssi v\u00e4ri lis\u00e4\u00e4 kirkkautta ilmeeseen ja on helppo yhdist\u00e4\u00e4 mihin tahansa urheilu-tai vapaa-ajan vaatteisiin. Vietnamissa valmistetut Yeezy Slide Orange-tossut yhdist\u00e4v\u00e4t tyylin, k\u00e4yt\u00e4nn\u00f6llisyyden ja kest\u00e4vyyden.<\/p>\n","protected":false},"featured_media":692643,"comment_status":"open","ping_status":"open","template":"","meta":[],"product_brand":[],"product_cat":[3396,3199,3420],"product_tag":[],"class_list":{"0":"post-692641","1":"product","2":"type-product","3":"status-publish","4":"has-post-thumbnail","6":"product_cat-adidas-yeezy","7":"product_cat-all-product","8":"product_cat-shlopantsi","9":"pa_rozmir-910","10":"pa_rozmir-912","11":"pa_rozmir-914","12":"pa_rozmir-915","13":"pa_rozmir-916","14":"pa_rozmir-917","15":"pa_rozmir-918","16":"pa_rozmir-919","17":"pa_rozmir-920","18":"pa_rozmir-921","19":"pa_rozmir-922","21":"first","22":"instock","23":"purchasable","24":"product-type-variable"},"_links":{"self":[{"href":"https:\/\/nextsnkr.com\/fi\/wp-json\/wp\/v2\/product\/692641","targetHints":{"allow":["GET"]}}],"collection":[{"href":"https:\/\/nextsnkr.com\/fi\/wp-json\/wp\/v2\/product"}],"about":[{"href":"https:\/\/nextsnkr.com\/fi\/wp-json\/wp\/v2\/types\/product"}],"replies":[{"embeddable":true,"href":"https:\/\/nextsnkr.com\/fi\/wp-json\/wp\/v2\/comments?post=692641"}],"version-history":[{"count":0,"href":"https:\/\/nextsnkr.com\/fi\/wp-json\/wp\/v2\/product\/692641\/revisions"}],"wp:featuredmedia":[{"embeddable":true,"href":"https:\/\/nextsnkr.com\/fi\/wp-json\/wp\/v2\/media\/692643"}],"wp:attachment":[{"href":"https:\/\/nextsnkr.com\/fi\/wp-json\/wp\/v2\/media?parent=692641"}],"wp:term":[{"taxonomy":"product_brand","embeddable":true,"href":"https:\/\/nextsnkr.com\/fi\/wp-json\/wp\/v2\/product_brand?post=692641"},{"taxonomy":"product_cat","embeddable":true,"href":"https:\/\/nextsnkr.com\/fi\/wp-json\/wp\/v2\/product_cat?post=692641"},{"taxonomy":"product_tag","embeddable":true,"href":"https:\/\/nextsnkr.com\/fi\/wp-json\/wp\/v2\/product_tag?post=692641"}],"curies":[{"name":"wp","href":"https:\/\/api.w.org\/{rel}","templated":true}]}}