{"id":692589,"date":"2025-06-18T19:30:03","date_gmt":"2025-06-18T16:30:03","guid":{"rendered":"https:\/\/nextsnkr.com\/product\/balenciaga-slides-big-logo-black\/"},"modified":"2026-01-30T19:27:09","modified_gmt":"2026-01-30T16:27:09","slug":"balenciaga-slides-big-logo-black","status":"publish","type":"product","link":"https:\/\/nextsnkr.com\/fi\/tuote\/balenciaga-slides-big-logo-black\/","title":{"rendered":"Balenciaga Slides Big Logo Mustat Tossut-tyylikk\u00e4\u00e4t kumiset varvastossut"},"content":{"rendered":"<h2>Balenciaga Slides Big Logo Mustat Tossut-tyylikk\u00e4\u00e4t kumiset varvastossut<\/h2>\n<p>Balenciaga Slides Big Logo Mustat tossut on valmistettu korkealaatuisesta kumista, joka takaa mukavuuden ja kest\u00e4vyyden p\u00e4ivitt\u00e4isess\u00e4 k\u00e4yt\u00f6ss\u00e4. Tyylik\u00e4s musta muotoilu suurella logolla korostaa muotibr\u00e4ndi\u00e4 ja tekee n\u00e4ist\u00e4 varvastossuista t\u00e4ydelliset jokap\u00e4iv\u00e4iseen k\u00e4ytt\u00f6\u00f6n ja rentoutumiseen. Kevyt ja k\u00e4yt\u00e4nn\u00f6llinen, ne t\u00e4ydent\u00e4v\u00e4t mit\u00e4\u00e4n kes\u00e4 n\u00e4ytt\u00e4\u00e4 ja tarjoavat mukavuutta milloin tahansa.<\/p>\n","protected":false},"excerpt":{"rendered":"<p>Balenciaga Slides Big Logo Mustat tossut on valmistettu korkealaatuisesta kumista, joka takaa mukavuuden ja kest\u00e4vyyden p\u00e4ivitt\u00e4isess\u00e4 k\u00e4yt\u00f6ss\u00e4. Tyylik\u00e4s musta muotoilu suurella logolla korostaa muotibr\u00e4ndi\u00e4 ja tekee n\u00e4ist\u00e4 varvastossuista t\u00e4ydelliset jokap\u00e4iv\u00e4iseen k\u00e4ytt\u00f6\u00f6n ja rentoutumiseen. Kevyt ja k\u00e4yt\u00e4nn\u00f6llinen, ne t\u00e4ydent\u00e4v\u00e4t mit\u00e4\u00e4n kes\u00e4 n\u00e4ytt\u00e4\u00e4 ja tarjoavat mukavuutta milloin tahansa.<\/p>\n","protected":false},"featured_media":692591,"comment_status":"open","ping_status":"open","template":"","meta":[],"product_brand":[],"product_cat":[3199,3420],"product_tag":[],"class_list":{"0":"post-692589","1":"product","2":"type-product","3":"status-publish","4":"has-post-thumbnail","6":"product_cat-all-product","7":"product_cat-shlopantsi","8":"pa_rozmir-910","9":"pa_rozmir-912","10":"pa_rozmir-914","11":"pa_rozmir-915","12":"pa_rozmir-916","13":"pa_rozmir-917","14":"pa_rozmir-918","15":"pa_rozmir-919","16":"pa_rozmir-920","17":"pa_rozmir-921","18":"pa_rozmir-922","20":"first","21":"instock","22":"purchasable","23":"product-type-variable"},"_links":{"self":[{"href":"https:\/\/nextsnkr.com\/fi\/wp-json\/wp\/v2\/product\/692589","targetHints":{"allow":["GET"]}}],"collection":[{"href":"https:\/\/nextsnkr.com\/fi\/wp-json\/wp\/v2\/product"}],"about":[{"href":"https:\/\/nextsnkr.com\/fi\/wp-json\/wp\/v2\/types\/product"}],"replies":[{"embeddable":true,"href":"https:\/\/nextsnkr.com\/fi\/wp-json\/wp\/v2\/comments?post=692589"}],"version-history":[{"count":0,"href":"https:\/\/nextsnkr.com\/fi\/wp-json\/wp\/v2\/product\/692589\/revisions"}],"wp:featuredmedia":[{"embeddable":true,"href":"https:\/\/nextsnkr.com\/fi\/wp-json\/wp\/v2\/media\/692591"}],"wp:attachment":[{"href":"https:\/\/nextsnkr.com\/fi\/wp-json\/wp\/v2\/media?parent=692589"}],"wp:term":[{"taxonomy":"product_brand","embeddable":true,"href":"https:\/\/nextsnkr.com\/fi\/wp-json\/wp\/v2\/product_brand?post=692589"},{"taxonomy":"product_cat","embeddable":true,"href":"https:\/\/nextsnkr.com\/fi\/wp-json\/wp\/v2\/product_cat?post=692589"},{"taxonomy":"product_tag","embeddable":true,"href":"https:\/\/nextsnkr.com\/fi\/wp-json\/wp\/v2\/product_tag?post=692589"}],"curies":[{"name":"wp","href":"https:\/\/api.w.org\/{rel}","templated":true}]}}