{"id":691700,"date":"2025-06-18T19:32:34","date_gmt":"2025-06-18T16:32:34","guid":{"rendered":"https:\/\/nextsnkr.com\/product\/nike-slides-white\/"},"modified":"2026-01-30T19:26:46","modified_gmt":"2026-01-30T16:26:46","slug":"nike-slides-white","status":"publish","type":"product","link":"https:\/\/nextsnkr.com\/fi\/tuote\/nike-slides-white\/","title":{"rendered":"Nike Slides valkoiset tossut mukavuuteen ja p\u00e4ivitt\u00e4iseen k\u00e4ytt\u00f6\u00f6n"},"content":{"rendered":"<h2>Nike Slides valkoiset tossut mukavuuteen ja p\u00e4ivitt\u00e4iseen k\u00e4ytt\u00f6\u00f6n<\/h2>\n<p>Kevyet ja mukavat Nike Slides White-tossut on valmistettu pehme\u00e4st\u00e4 vaahtomuovista, joka tarjoaa mukavuutta ja pehmustusta k\u00e4velless\u00e4. T\u00e4ydellinen kotiisi, rannalle tai uima-altaalle, n\u00e4m\u00e4 laatat yhdist\u00e4v\u00e4t Nike-br\u00e4ndin laadun tyylikk\u00e4\u00e4seen, minimalistiseen muotoiluun. K\u00e4yt\u00e4nn\u00f6llinen, kevyt ja kest\u00e4v\u00e4 \u2013 paras valinta ulkoiluun ja jokap\u00e4iv\u00e4iseen k\u00e4ytt\u00f6\u00f6n.<\/p>\n","protected":false},"excerpt":{"rendered":"<p>Kevyet ja mukavat Nike Slides White-tossut on valmistettu pehme\u00e4st\u00e4 vaahtomuovista, joka tarjoaa mukavuutta ja pehmustusta k\u00e4velless\u00e4. T\u00e4ydellinen kotiisi, rannalle tai uima-altaalle, n\u00e4m\u00e4 laatat yhdist\u00e4v\u00e4t Nike-br\u00e4ndin laadun tyylikk\u00e4\u00e4seen, minimalistiseen muotoiluun. K\u00e4yt\u00e4nn\u00f6llinen, kevyt ja kest\u00e4v\u00e4 \u2013 paras valinta ulkoiluun ja jokap\u00e4iv\u00e4iseen k\u00e4ytt\u00f6\u00f6n.<\/p>\n","protected":false},"featured_media":691704,"comment_status":"open","ping_status":"open","template":"","meta":[],"product_brand":[],"product_cat":[3199,3420],"product_tag":[],"class_list":{"0":"post-691700","1":"product","2":"type-product","3":"status-publish","4":"has-post-thumbnail","6":"product_cat-all-product","7":"product_cat-shlopantsi","8":"pa_rozmir-910","9":"pa_rozmir-912","10":"pa_rozmir-914","11":"pa_rozmir-915","12":"pa_rozmir-916","13":"pa_rozmir-917","14":"pa_rozmir-918","15":"pa_rozmir-919","16":"pa_rozmir-920","17":"pa_rozmir-921","18":"pa_rozmir-922","20":"first","21":"instock","22":"purchasable","23":"product-type-variable"},"_links":{"self":[{"href":"https:\/\/nextsnkr.com\/fi\/wp-json\/wp\/v2\/product\/691700","targetHints":{"allow":["GET"]}}],"collection":[{"href":"https:\/\/nextsnkr.com\/fi\/wp-json\/wp\/v2\/product"}],"about":[{"href":"https:\/\/nextsnkr.com\/fi\/wp-json\/wp\/v2\/types\/product"}],"replies":[{"embeddable":true,"href":"https:\/\/nextsnkr.com\/fi\/wp-json\/wp\/v2\/comments?post=691700"}],"version-history":[{"count":0,"href":"https:\/\/nextsnkr.com\/fi\/wp-json\/wp\/v2\/product\/691700\/revisions"}],"wp:featuredmedia":[{"embeddable":true,"href":"https:\/\/nextsnkr.com\/fi\/wp-json\/wp\/v2\/media\/691704"}],"wp:attachment":[{"href":"https:\/\/nextsnkr.com\/fi\/wp-json\/wp\/v2\/media?parent=691700"}],"wp:term":[{"taxonomy":"product_brand","embeddable":true,"href":"https:\/\/nextsnkr.com\/fi\/wp-json\/wp\/v2\/product_brand?post=691700"},{"taxonomy":"product_cat","embeddable":true,"href":"https:\/\/nextsnkr.com\/fi\/wp-json\/wp\/v2\/product_cat?post=691700"},{"taxonomy":"product_tag","embeddable":true,"href":"https:\/\/nextsnkr.com\/fi\/wp-json\/wp\/v2\/product_tag?post=691700"}],"curies":[{"name":"wp","href":"https:\/\/api.w.org\/{rel}","templated":true}]}}